{"id":203,"date":"2020-08-17T10:56:49","date_gmt":"2020-08-17T10:56:49","guid":{"rendered":"https:\/\/fruitadona.com\/?page_id=203"},"modified":"2023-09-01T08:48:12","modified_gmt":"2023-09-01T08:48:12","slug":"avis-legal-fruitadona","status":"publish","type":"page","link":"https:\/\/fruitadona.com\/?page_id=203","title":{"rendered":"Av\u00eds legal Fruitadona"},"content":{"rendered":"\t\t<div data-elementor-type=\"wp-page\" data-elementor-id=\"203\" class=\"elementor elementor-203\">\n\t\t\t\t\t\t<section class=\"elementor-section elementor-top-section elementor-element elementor-element-67d3a956 elementor-section-boxed elementor-section-height-default elementor-section-height-default\" data-id=\"67d3a956\" data-element_type=\"section\" data-e-type=\"section\">\n\t\t\t\t\t\t<div class=\"elementor-container elementor-column-gap-default\">\n\t\t\t\t\t<div class=\"elementor-column elementor-col-100 elementor-top-column elementor-element elementor-element-24e65331\" data-id=\"24e65331\" data-element_type=\"column\" data-e-type=\"column\">\n\t\t\t<div class=\"elementor-widget-wrap elementor-element-populated\">\n\t\t\t\t\t\t<div class=\"elementor-element elementor-element-5c7742f2 elementor-widget elementor-widget-text-editor\" data-id=\"5c7742f2\" data-element_type=\"widget\" data-e-type=\"widget\" data-widget_type=\"text-editor.default\">\n\t\t\t\t<div class=\"elementor-widget-container\">\n\t\t\t\t\t\t\t\t\t\n<h5><strong>Dades identificatives<\/strong>:<\/h5>\n<p>En compliment amb el deure d&#8217;informaci\u00f3 recollit en article 10 de la Llei 34\/2002, d&#8217;11 de juliol, de Serveis de la Societat de la Informaci\u00f3 i del Comer\u00e7 Electr\u00f2nic, a continuaci\u00f3, es reflecteixen les seg\u00fcents dades: l&#8217;empresa titular de www.fruitadona.com \u00e9s Fruitadona, S.L.. amb domicili a aquest efecte al Carrer Enric Prat de la Riba, 2. 08830 Sant Boi del Llobregat \u2013 Barcelona \u2013 Espa\u00f1a, inscrita en el Registre Mercantil de Barcelona, C.I.F B64433782, tel\u00e8fon +34 934 656 666, i correu electr\u00f2nic de contacte: s.baco@colomafruits.es<\/p>\n\n<h5><strong>Usuaris:<\/strong><\/h5>\n<p>L&#8217;acc\u00e9s i \/ o \u00fas d&#8217;aquest portal de FRUITADONA, S.L., atribueix la condici\u00f3 d&#8217;USUARI, que accepta, des d&#8217;aquest acc\u00e9s i \/ o \u00fas, les Condicions Generals d&#8217;\u00das aqu\u00ed reflectides. Les citades Condicions seran aplicable independentment de les Condicions Generals de Contractaci\u00f3 que si escau resultin d&#8217;obligat compliment.<\/p>\n\n<h5><strong>Enlla\u00e7os:<\/strong><\/h5>\n<p>En cas que en FRUITADONA, S.L. es disposessin enlla\u00e7os o enlla\u00e7os feia altres llocs d&#8217;Internet, FRUITADONA, S.L. no exercir\u00e0 cap mena de control sobre aquests llocs i continguts. En cap cas FRUITADONA, S.L. assumir\u00e0 cap responsabilitat pels continguts d&#8217;algun enlla\u00e7 pertanyent a un lloc web ali\u00e8, ni garantir\u00e0 la disponibilitat t\u00e8cnica, qualitat, fiabilitat, exactitud, amplitud, veracitat, validesa i constitucionalitat de qualsevol material o informaci\u00f3 continguda en cap d&#8217;aquests enlla\u00e7os o altres llocs d&#8217;Internet. Igualment, la inclusi\u00f3 d&#8217;aquestes connexions externes no implicar\u00e0 cap mena d&#8217;associaci\u00f3, fusi\u00f3 o participaci\u00f3 amb les entitats connectades.<\/p>\n\n<h5><strong>Modificacions:<\/strong><\/h5>\n<p>FRUITADONA, S.L. es reserva el dret d&#8217;efectuar sense previ av\u00eds les modificacions que consideri oportunes en el seu portal, podent canviar, suprimir o afegir tant els continguts i serveis que es prestin a trav\u00e9s de la mateixa com la forma en qu\u00e8 aquests apareguin presentats o localitzats en el seu portal.<\/p>\n\n<h5><strong>Exclusi\u00f3 de garanties i responsabilitat:<\/strong><\/h5>\n<p>FRUITADONA, S.L. no es fa responsable, en cap cas, dels danys i perjudicis de qualsevol naturalesa que poguessin ocasionar, a t\u00edtol enunciatiu: errors o omissions en els continguts, falta de disponibilitat del portal o la transmissi\u00f3 de virus o programes maliciosos o lesius en els continguts, malgrat haver adoptat totes les mesures tecnol\u00f2giques necess\u00e0ries per a evitar-ho.<\/p>\n\n<h5><strong>Propietat intel\u00b7lectual i industrial:<\/strong><\/h5>\n<p>FRUITADONA, S.L. per si o com a cession\u00e0ria, \u00e9s titular de tots els drets de propietat intel\u00b7lectual i industrial de la seva p\u00e0gina web, aix\u00ed com dels elements continguts en la mateixa (a t\u00edtol enunciatiu, imatges, so, \u00e0udio, v\u00eddeo, programari o textos ; marques o logotips, combinacions de colors, estructura i disseny, selecci\u00f3 de materials usats, programes d&#8217;ordinador necessaris per al seu funcionament, acc\u00e9s i \u00fas, etc.), titularitat de FRUITADONA, S.L. o b\u00e9 dels seus llicenciadors. Tots els drets reservats. En virtut del que es disposa en els articles 8 i 32.1, par\u00e0graf segon, de la Llei de Propietat Intel\u00b7lectual, queden expressament prohibides la reproducci\u00f3, la distribuci\u00f3 i la comunicaci\u00f3 p\u00fablica, inclosa la seva modalitat de posada a disposici\u00f3, de la totalitat o part els continguts d&#8217;aquesta p\u00e0gina web, amb finalitats comercials, en qualsevol suport i per qualsevol mitj\u00e0 t\u00e8cnic, sense l&#8217;autoritzaci\u00f3 de FRUITADONA, S.L. creadora del lloc web. L&#8217;usuari es compromet a respectar els drets de Propietat Intel\u00b7lectual i Industrial titularitat de FRUITADONA, S.L. Podr\u00e0 visualitzar els elements del portal i fins i tot imprimir-los, copiar-los i emmagatzemar-los en el disc dur del seu ordinador o en qualsevol altre suport f\u00edsic sempre que sigui, \u00fanica i exclusivament, per al seu \u00fas personal i privat. L&#8217;usuari haur\u00e0 d&#8217;abstenir-se de suprimir, alterar, eludir o manipular qualsevol dispositiu de protecci\u00f3 o sistema de seguretat que estigu\u00e9s instal\u00b7lat en el les p\u00e0gines de FRUITADONA, S.L.<\/p>\n\n<h5><strong>Uso el portal:<\/strong><\/h5>\n<p>Proporciona l&#8217;acc\u00e9s a multitud d&#8217;informacions, serveis, programes o dades (d&#8217;ara endavant, \u00abels continguts\u00bb) en Internet pertanyents a FRUITADONA, S.L. o als seus llicenciadors als quals l&#8217;USUARI pugui tenir acc\u00e9s. L&#8217;usuari assumeix la responsabilitat de l&#8217;\u00fas del portal. Aquesta responsabilitat s&#8217;est\u00e9n al registre que fos necessari per a accedir a determinats serveis o continguts. En aquest registre l&#8217;USUARI ser\u00e0 responsable d&#8217;aportar informaci\u00f3 vera\u00e7 i l\u00edcita. A conseq\u00fc\u00e8ncia d&#8217;aquest registre, a l&#8217;USUARI se li pot proporcionar una contrasenya de la qual ser\u00e0 responsable, comprometent-se a fer un \u00fas diligent i confidencial d&#8217;aquesta. L&#8217;USUARI es compromet a fer un \u00fas adequat dels continguts i serveis (com per exemple serveis de xat, f\u00f2rums de discussi\u00f3 o grups de not\u00edcies) que FRUITADONA, S.L. ofereix a trav\u00e9s del seu portal i amb car\u00e0cter enunciatiu per\u00f2 no limitatiu, a no emprar-los per a (1) inc\u00f3rrer en activitats il\u00b7l\u00edcites, il\u00b7legals o contr\u00e0ries a la bona fe i a l&#8217;ordre p\u00fablic; (2) difondre continguts o propaganda de car\u00e0cter racista, xen\u00f2fob, pornogr\u00e0fic-il\u00b7legal, d&#8217;apologia del terrorisme o atemptatori contra els drets humans; (3) provocar danys en els sistemes f\u00edsics i l\u00f2gics de FRUITADONA, S.L., dels seus prove\u00efdors o de terceres persones, introduir o difondre en la xarxa virus inform\u00e0tics o qualssevol altres sistemes f\u00edsics o l\u00f2gics que siguin susceptibles de provocar els danys anteriorment esmentats; (4) intentar accedir i, en el seu cas, utilitzar els comptes de correu electr\u00f2nic d&#8217;altres usuaris i modificar o manipular els seus missatges. FRUITADONA, S.L. es reserva el dret de retirar tots aquells comentaris i aportacions que vulnerin el respecte a la dignitat de la persona, que siguin discriminatoris, xen\u00f2fobs, racistes, pornogr\u00e0fics, que atemptin contra la joventut o la inf\u00e0ncia, l&#8217;ordre o la seguretat p\u00fablica o que, al seu judici, no resultessin adequats per a la seva publicaci\u00f3. En qualsevol cas, FRUITADONA, S.L. no ser\u00e0 responsable de les opinions abocades pels usuaris a trav\u00e9s dels f\u00f2rums, xats, o altres eines de participaci\u00f3.<\/p>\n\n<h5><strong>Pol\u00edtica de cookies:<\/strong><\/h5>\n<p>FRUITADONA, S.L. pel seu propi compte o la d&#8217;un tercer contractat per a la prestaci\u00f3 de serveis de mesurament, poden utilitzar cookies quan un usuari navega pel lloc web. Les cookies s\u00f3n fitxers enviats al navegador per mitj\u00e0 d&#8217;un servidor web amb la finalitat de registrar les activitats de l&#8217;usuari durant el seu temps de navegaci\u00f3. Les cookies utilitzades pel lloc web s&#8217;associen \u00fanicament amb un usuari an\u00f2nim i el seu ordinador, i no proporcionen per si mateixes les dades personals de l&#8217;usuari. Mitjan\u00e7ant l&#8217;\u00fas de les cookies \u00e9s possible que el servidor on es troba la web, reconegui el navegador web utilitzat per l&#8217;usuari amb la finalitat que la navegaci\u00f3 sigui m\u00e9s senzilla, permetent, per exemple, l&#8217;acc\u00e9s als usuaris que s&#8217;hagin registrat pr\u00e8viament, accedir a les \u00e0rees, serveis, promocions o concursos reservats exclusivament a ells sense haver de registrar-se en cada visita. S&#8217;utilitzen tamb\u00e9 per a mesurar l&#8217;audi\u00e8ncia i par\u00e0metres del tr\u00e0nsit, controlar el progr\u00e9s i nombre d&#8217;entrades. L&#8217;usuari t\u00e9 la possibilitat de configurar el seu navegador per a ser avisat de la recepci\u00f3 de cookies i per a impedir la seva instal\u00b7laci\u00f3 en el seu equip. Si us plau, consulti les instruccions i manuals del seu navegador per a ampliar aquesta informaci\u00f3. Per a utilitzar el lloc web, no resulta necessari que l&#8217;usuari permeti la instal\u00b7laci\u00f3 de les cookies enviades pel lloc web, o el tercer que actu\u00ef en el seu nom, sense perjudici que sigui necessari que l&#8217;usuari inici\u00ef una sessi\u00f3 com a tal en cadascun dels serveis la prestaci\u00f3 dels quals requereixi el previ registre o \u00ablogin\u00bb. En cap cas s&#8217;utilitzaran les cookies per a recollir informaci\u00f3 de car\u00e0cter personal.<\/p>\n\n<h5><strong>Modificaci\u00f3 de les presents condicions i durada:<\/strong><\/h5>\n<p>FRUITADONA, S.L. podr\u00e0 modificar en qualsevol moment les condicions aqu\u00ed determinades, sent degudament publicades com aqu\u00ed apareixen. La vig\u00e8ncia de les citades condicions anir\u00e0 en funci\u00f3 de la seva exposici\u00f3 i estaran vigents fins que siguin modificades per unes altres degudament publicades.<\/p>\n\n<h5><strong>Legislaci\u00f3 aplicable i Jurisdicci\u00f3:<\/strong><\/h5>\n<p>La relaci\u00f3 entre FRUITADONA, S.L. i l&#8217;usuari es regir\u00e0 per la normativa espanyola vigent i qualsevol controv\u00e8rsia se sotmetr\u00e0 als Jutjats i tribunals de la ciutat de Barcelona.<\/p>\n\t\t\t\t\t\t\t\t<\/div>\n\t\t\t\t<\/div>\n\t\t\t\t\t<\/div>\n\t\t<\/div>\n\t\t\t\t\t<\/div>\n\t\t<\/section>\n\t\t\t\t<\/div>\n\t\t","protected":false},"excerpt":{"rendered":"<p>Dades identificatives: En compliment amb el deure d&#8217;informaci\u00f3 recollit en article 10 de la Llei 34\/2002, d&#8217;11 de juliol, de Serveis de la Societat de la Informaci\u00f3 i del Comer\u00e7 Electr\u00f2nic, a continuaci\u00f3, es reflecteixen les seg\u00fcents dades: l&#8217;empresa titular de www.fruitadona.com \u00e9s Fruitadona, S.L.. amb domicili a aquest efecte al Carrer Enric Prat de&#8230;<\/p>\n","protected":false},"author":1,"featured_media":0,"parent":0,"menu_order":0,"comment_status":"closed","ping_status":"closed","template":"","meta":{"_monsterinsights_skip_tracking":false,"_monsterinsights_sitenote_active":false,"_monsterinsights_sitenote_note":"","_monsterinsights_sitenote_category":0,"footnotes":""},"class_list":["post-203","page","type-page","status-publish","hentry"],"yoast_head":"<!-- This site is optimized with the Yoast SEO plugin v27.4 - https:\/\/yoast.com\/product\/yoast-seo-wordpress\/ -->\n<title>Av\u00eds legal Fruitadona - Fruites i Hortalisses - Programa fidelitzaci\u00f3 botigues<\/title>\n<meta name=\"description\" content=\"L&#039;empresa titular de www.fruitadona.com \u00e9s Fruitadona, S.L., amb domicili a aquest efecte al Carrer Irlanda, 29, 08917 \u2013 Barcelona, inscrita en el Registre.\" \/>\n<meta name=\"robots\" content=\"index, follow, max-snippet:-1, max-image-preview:large, max-video-preview:-1\" \/>\n<link rel=\"canonical\" href=\"https:\/\/fruitadona.com\/?page_id=203\" \/>\n<meta property=\"og:locale\" content=\"ca_ES\" \/>\n<meta property=\"og:type\" content=\"article\" \/>\n<meta property=\"og:title\" content=\"Av\u00eds legal Fruitadona - Fruites i Hortalisses - Programa fidelitzaci\u00f3 botigues\" \/>\n<meta property=\"og:description\" content=\"L&#039;empresa titular de www.fruitadona.com \u00e9s Fruitadona, S.L., amb domicili a aquest efecte al Carrer Irlanda, 29, 08917 \u2013 Barcelona, inscrita en el Registre.\" \/>\n<meta property=\"og:url\" content=\"https:\/\/fruitadona.com\/?page_id=203\" \/>\n<meta property=\"og:site_name\" content=\"Fruites i Hortalisses de proximitat\" \/>\n<meta property=\"article:modified_time\" content=\"2023-09-01T08:48:12+00:00\" \/>\n<meta name=\"twitter:card\" content=\"summary_large_image\" \/>\n<meta name=\"twitter:label1\" content=\"Temps estimat de lectura\" \/>\n\t<meta name=\"twitter:data1\" content=\"7 minuts\" \/>\n<script type=\"application\/ld+json\" class=\"yoast-schema-graph\">{\"@context\":\"https:\\\/\\\/schema.org\",\"@graph\":[{\"@type\":\"WebPage\",\"@id\":\"https:\\\/\\\/fruitadona.com\\\/?page_id=203\",\"url\":\"https:\\\/\\\/fruitadona.com\\\/?page_id=203\",\"name\":\"Av\u00eds legal Fruitadona - Fruites i Hortalisses - Programa fidelitzaci\u00f3 botigues\",\"isPartOf\":{\"@id\":\"https:\\\/\\\/fruitadona.com\\\/#website\"},\"datePublished\":\"2020-08-17T10:56:49+00:00\",\"dateModified\":\"2023-09-01T08:48:12+00:00\",\"description\":\"L'empresa titular de www.fruitadona.com \u00e9s Fruitadona, S.L., amb domicili a aquest efecte al Carrer Irlanda, 29, 08917 \u2013 Barcelona, inscrita en el Registre.\",\"breadcrumb\":{\"@id\":\"https:\\\/\\\/fruitadona.com\\\/?page_id=203#breadcrumb\"},\"inLanguage\":\"ca\",\"potentialAction\":[{\"@type\":\"ReadAction\",\"target\":[\"https:\\\/\\\/fruitadona.com\\\/?page_id=203\"]}]},{\"@type\":\"BreadcrumbList\",\"@id\":\"https:\\\/\\\/fruitadona.com\\\/?page_id=203#breadcrumb\",\"itemListElement\":[{\"@type\":\"ListItem\",\"position\":1,\"name\":\"Portada\",\"item\":\"https:\\\/\\\/fruitadona.com\\\/\"},{\"@type\":\"ListItem\",\"position\":2,\"name\":\"Av\u00eds legal Fruitadona\"}]},{\"@type\":\"WebSite\",\"@id\":\"https:\\\/\\\/fruitadona.com\\\/#website\",\"url\":\"https:\\\/\\\/fruitadona.com\\\/\",\"name\":\"Fruites i Hortalisses de proximitat\",\"description\":\"Fruitadona al teu costat!\",\"potentialAction\":[{\"@type\":\"SearchAction\",\"target\":{\"@type\":\"EntryPoint\",\"urlTemplate\":\"https:\\\/\\\/fruitadona.com\\\/?s={search_term_string}\"},\"query-input\":{\"@type\":\"PropertyValueSpecification\",\"valueRequired\":true,\"valueName\":\"search_term_string\"}}],\"inLanguage\":\"ca\"}]}<\/script>\n<!-- \/ Yoast SEO plugin. -->","yoast_head_json":{"title":"Av\u00eds legal Fruitadona - Fruites i Hortalisses - Programa fidelitzaci\u00f3 botigues","description":"L'empresa titular de www.fruitadona.com \u00e9s Fruitadona, S.L., amb domicili a aquest efecte al Carrer Irlanda, 29, 08917 \u2013 Barcelona, inscrita en el Registre.","robots":{"index":"index","follow":"follow","max-snippet":"max-snippet:-1","max-image-preview":"max-image-preview:large","max-video-preview":"max-video-preview:-1"},"canonical":"https:\/\/fruitadona.com\/?page_id=203","og_locale":"ca_ES","og_type":"article","og_title":"Av\u00eds legal Fruitadona - Fruites i Hortalisses - Programa fidelitzaci\u00f3 botigues","og_description":"L'empresa titular de www.fruitadona.com \u00e9s Fruitadona, S.L., amb domicili a aquest efecte al Carrer Irlanda, 29, 08917 \u2013 Barcelona, inscrita en el Registre.","og_url":"https:\/\/fruitadona.com\/?page_id=203","og_site_name":"Fruites i Hortalisses de proximitat","article_modified_time":"2023-09-01T08:48:12+00:00","twitter_card":"summary_large_image","twitter_misc":{"Temps estimat de lectura":"7 minuts"},"schema":{"@context":"https:\/\/schema.org","@graph":[{"@type":"WebPage","@id":"https:\/\/fruitadona.com\/?page_id=203","url":"https:\/\/fruitadona.com\/?page_id=203","name":"Av\u00eds legal Fruitadona - Fruites i Hortalisses - Programa fidelitzaci\u00f3 botigues","isPartOf":{"@id":"https:\/\/fruitadona.com\/#website"},"datePublished":"2020-08-17T10:56:49+00:00","dateModified":"2023-09-01T08:48:12+00:00","description":"L'empresa titular de www.fruitadona.com \u00e9s Fruitadona, S.L., amb domicili a aquest efecte al Carrer Irlanda, 29, 08917 \u2013 Barcelona, inscrita en el Registre.","breadcrumb":{"@id":"https:\/\/fruitadona.com\/?page_id=203#breadcrumb"},"inLanguage":"ca","potentialAction":[{"@type":"ReadAction","target":["https:\/\/fruitadona.com\/?page_id=203"]}]},{"@type":"BreadcrumbList","@id":"https:\/\/fruitadona.com\/?page_id=203#breadcrumb","itemListElement":[{"@type":"ListItem","position":1,"name":"Portada","item":"https:\/\/fruitadona.com\/"},{"@type":"ListItem","position":2,"name":"Av\u00eds legal Fruitadona"}]},{"@type":"WebSite","@id":"https:\/\/fruitadona.com\/#website","url":"https:\/\/fruitadona.com\/","name":"Fruites i Hortalisses de proximitat","description":"Fruitadona al teu costat!","potentialAction":[{"@type":"SearchAction","target":{"@type":"EntryPoint","urlTemplate":"https:\/\/fruitadona.com\/?s={search_term_string}"},"query-input":{"@type":"PropertyValueSpecification","valueRequired":true,"valueName":"search_term_string"}}],"inLanguage":"ca"}]}},"_links":{"self":[{"href":"https:\/\/fruitadona.com\/index.php?rest_route=\/wp\/v2\/pages\/203","targetHints":{"allow":["GET"]}}],"collection":[{"href":"https:\/\/fruitadona.com\/index.php?rest_route=\/wp\/v2\/pages"}],"about":[{"href":"https:\/\/fruitadona.com\/index.php?rest_route=\/wp\/v2\/types\/page"}],"author":[{"embeddable":true,"href":"https:\/\/fruitadona.com\/index.php?rest_route=\/wp\/v2\/users\/1"}],"replies":[{"embeddable":true,"href":"https:\/\/fruitadona.com\/index.php?rest_route=%2Fwp%2Fv2%2Fcomments&post=203"}],"version-history":[{"count":7,"href":"https:\/\/fruitadona.com\/index.php?rest_route=\/wp\/v2\/pages\/203\/revisions"}],"predecessor-version":[{"id":4338,"href":"https:\/\/fruitadona.com\/index.php?rest_route=\/wp\/v2\/pages\/203\/revisions\/4338"}],"wp:attachment":[{"href":"https:\/\/fruitadona.com\/index.php?rest_route=%2Fwp%2Fv2%2Fmedia&parent=203"}],"curies":[{"name":"wp","href":"https:\/\/api.w.org\/{rel}","templated":true}]}}