{"id":206,"date":"2020-08-17T11:20:49","date_gmt":"2020-08-17T11:20:49","guid":{"rendered":"https:\/\/fruitadona.com\/?page_id=206"},"modified":"2023-09-01T08:55:08","modified_gmt":"2023-09-01T08:55:08","slug":"politica-de-cookies","status":"publish","type":"page","link":"https:\/\/fruitadona.com\/?page_id=206","title":{"rendered":"Pol\u00edtica de cookies"},"content":{"rendered":"\t\t<div data-elementor-type=\"wp-page\" data-elementor-id=\"206\" class=\"elementor elementor-206\">\n\t\t\t\t\t\t<section class=\"elementor-section elementor-top-section elementor-element elementor-element-68bbf5c6 elementor-section-boxed elementor-section-height-default elementor-section-height-default\" data-id=\"68bbf5c6\" data-element_type=\"section\" data-e-type=\"section\">\n\t\t\t\t\t\t<div class=\"elementor-container elementor-column-gap-default\">\n\t\t\t\t\t<div class=\"elementor-column elementor-col-100 elementor-top-column elementor-element elementor-element-36b6c627\" data-id=\"36b6c627\" data-element_type=\"column\" data-e-type=\"column\">\n\t\t\t<div class=\"elementor-widget-wrap elementor-element-populated\">\n\t\t\t\t\t\t<div class=\"elementor-element elementor-element-6394a12 elementor-widget elementor-widget-text-editor\" data-id=\"6394a12\" data-element_type=\"widget\" data-e-type=\"widget\" data-widget_type=\"text-editor.default\">\n\t\t\t\t<div class=\"elementor-widget-container\">\n\t\t\t\t\t\t\t\t\t\n<p>Utilitzem cookies per a oferir als nostres visitants una forma m\u00e9s c\u00f2moda i eficient a l&#8217;hora de navegar per la nostra web.\u00a0<strong>En utilitzar la nostra web acceptes la nostra Pol\u00edtica de Cookies<\/strong>.<\/p>\n\n<p><strong>En cas de no voler rebre cookies<\/strong>, si us plau configuri el seu navegador d&#8217;Internet perqu\u00e8 les esborri del disc dur del seu ordinador, les bloquegi o li avisi en cas d&#8217;instal\u00b7laci\u00f3 d&#8217;aquestes. Per a continuar sense canvis en la configuraci\u00f3 de les cookies, simplement continu\u00ef en la p\u00e0gina web.<\/p>\n\n<p>A continuaci\u00f3 trobar\u00e0 informaci\u00f3 sobre qu\u00e8 s\u00f3n les \u201ccookies\u201d, quin tipus de cookies existeixen, com pot desactivar les cookies en el seu navegador, com desactivar espec\u00edficament la instal\u00b7laci\u00f3 de cookies de tercers.<\/p>\n\n<h5><strong>Qu\u00e8 s\u00f3n les cookies?<\/strong><\/h5>\n<p>Les cookies s\u00f3n petits arxius que algunes plataformes, com les p\u00e0gines web, poden instal\u00b7lar en el seu ordinador, tel\u00e8fon intel\u00b7ligent, tauleta o televisi\u00f3 connectada. Les seves funcions poden ser molt variades: emmagatzemar les seves prefer\u00e8ncies de navegaci\u00f3, recopilar informaci\u00f3 estad\u00edstica, permetre unes certes funcionalitats t\u00e8cniques\u2026 A vegades, les cookies s&#8217;utilitzen per a emmagatzemar informaci\u00f3 b\u00e0sica sobre els h\u00e0bits de navegaci\u00f3 de l&#8217;usuari o del seu equip, fins al punt, segons els casos, de poder recon\u00e8ixer-lo.<\/p>\n\n<h5><strong>Per qu\u00e8 s\u00f3n importants?<\/strong><\/h5>\n<p>Les cookies s\u00f3n \u00fatils per diversos motius. Des d&#8217;un punt de vista t\u00e8cnic, permeten que les p\u00e0gines web funcionin de forma m\u00e9s \u00e0gil i adaptada a les seves prefer\u00e8ncies, com per exemple emmagatzemar el seu idioma o la moneda del seu pa\u00eds. A m\u00e9s, ajuden els responsables dels llocs web a millorar els serveis que ofereixen, gr\u00e0cies a la informaci\u00f3 estad\u00edstica que recullen a trav\u00e9s d&#8217;elles. Finalment, serveixen per a fer m\u00e9s eficient la publicitat que li vam mostrar, gr\u00e0cies a la qual li podem oferir serveis de manera gratu\u00efta.<\/p>\n\n<h4><strong>Diferents tipus de Cookies<\/strong><\/h4>\n\n<h5><strong>\u2022 Cookies de millora del rendiment<\/strong><\/h5>\n<p>Aquest tipus de cookies conserva les seves prefer\u00e8ncies per a unes certes eines o serveis perqu\u00e8 no hagi de reconfigurar-los cada vegada que visita el nostre portal i, en alguns casos, poden ser aportades per tercers. Alguns exemples s\u00f3n: volum dels reproductors audiovisuals, prefer\u00e8ncies d&#8217;ordenaci\u00f3 d&#8217;articles o velocitats de reproducci\u00f3 de v\u00eddeo compatibles. En el cas de comer\u00e7 electr\u00f2nic, permeten mantenir informaci\u00f3 sobre la seva cistella de la compra.<\/p>\n\n<h5><strong>\u2022 Cookies d&#8217;an\u00e0lisi estad\u00edstica<\/strong><\/h5>\n<p>S\u00f3n aquelles que, ben tractades per nosaltres o per tercers, permeten quantificar el nombre de visitants i analitzar estad\u00edsticament la utilitzaci\u00f3 que fan els usuaris dels nostres serveis. Gr\u00e0cies a aix\u00f2 podem estudiar la navegaci\u00f3 per la nostra p\u00e0gina web, i millorar aix\u00ed l&#8217;oferta de productes o serveis que oferim.<\/p>\n\n<h5><strong>\u2022 Cookies de geolocalitzaci\u00f3<\/strong><\/h5>\n<p>Aquestes cookies s\u00f3n usades per programes que intenten localitzar geogr\u00e0ficament la situaci\u00f3 de l&#8217;ordinador, tel\u00e8fon intel\u00b7ligent, tauleta o televisi\u00f3 connectada, per a de manera totalment an\u00f2nima oferir-li continguts i serveis m\u00e9s adequats.<\/p>\n\n<h5><strong>\u2022 Cookies de registre<\/strong><\/h5>\n<p>Quan vost\u00e8 es registra en el nostre portal, es generen cookies que li identifiquen com a usuari registrat i indiquen quan vost\u00e8 s&#8217;ha identificat en el portal.Aquestes cookies s\u00f3n utilitzades per a identificar el seu compte d&#8217;usuari i els seus serveis associats. Aquestes cookies es mantenen mentre vost\u00e8 no abandoni el compte, tancament el navegador o apagui el dispositiu. Aquestes cookies poden ser utilitzades en combinaci\u00f3 amb dades anal\u00edtiques per a identificar de manera individual les seves prefer\u00e8ncies en el nostre portal.<\/p>\n<h5><\/h5>\n<h5><strong>\u2022 Cookies publicit\u00e0ries<\/strong><\/h5>\n<p>S\u00f3n aquelles que, ben tractades per nosaltres o per tercers, permeten gestionar efica\u00e7ment els espais publicitaris del nostre lloc web, adequant el contingut de l&#8217;anunci al contingut del servei sol\u00b7licitat o a l&#8217;\u00fas que realitzi de la nostra p\u00e0gina web. Gr\u00e0cies a ella podem con\u00e8ixer els seus h\u00e0bits de navegaci\u00f3 en internet i mostrar-li publicitat relacionada amb el seu perfil de navegaci\u00f3.<\/p>\n\n<h5><strong>\u2022 Altres cookies de tercers<\/strong><\/h5>\n<p>En algunes de les nostres p\u00e0gines es poden instal\u00b7lar cookies de tercers que permetin gestionar i millorar els serveis que aquests ofereixen. Un exemple d&#8217;aquest \u00fas s\u00f3n els enlla\u00e7os a les xarxes socials que permeten compartir els nostres continguts.<\/p>\n\n<h5><strong>Com puc configurar les meves prefer\u00e8ncies i desactivar les cookies?<\/strong><\/h5>\n<p>Pot permetre, bloquejar o eliminar les cookies instal\u00b7lades en el seu equip mitjan\u00e7ant la configuraci\u00f3 de les opcions del seu navegador d&#8217;internet. En el cas en qu\u00e8 les bloquegi, \u00e9s possible que uns certs serveis que necessiten el seu \u00fas no estiguin disponibles per a vost\u00e8.<\/p>\n\n<p>A continuaci\u00f3 li oferim enlla\u00e7os en els quals trobar\u00e0 informaci\u00f3 sobre com pot activar les seves prefer\u00e8ncies en els principals navegadors:<\/p>\n\n<p><strong>Internet Explorer: Eines<\/strong>\u00a0-&gt; Opcions d&#8217;Internet -&gt; Privacitat -&gt; Configuraci\u00f3.<br \/>Per a m\u00e9s informaci\u00f3, pot consultar el suport de Microsoft o l&#8217;Ajuda del navegador.<br \/><strong>Firefox: Eines<\/strong>\u00a0-&gt; Opcions -&gt; Privacitat -&gt; Historial -&gt; Configuraci\u00f3 Personalitzada.<br \/>Per a m\u00e9s informaci\u00f3, pot consultar el suport de Mozilla o l&#8217;Ajuda del navegador.<br \/><strong>Chrome: Configuraci\u00f3 -&gt;<\/strong>\u00a0Mostrar opcions avan\u00e7ades -&gt; Privacitat -&gt; Configuraci\u00f3 de contingut.<br \/>Per a m\u00e9s informaci\u00f3, pot consultar el suport de Google o l&#8217;Ajuda del navegador.<br \/><strong>Safari: Prefer\u00e8ncies -&gt;<\/strong>\u00a0Seguretat.<br \/>Per a m\u00e9s informaci\u00f3, pot consultar el suport d&#8217;Apple o l&#8217;Ajuda del navegador.<\/p>\n\n<h5><strong>Qu\u00e8 ocurreix si es deshabiliten les Cookies:<\/strong><\/h5>\n<p>Algunes funcionalitats dels Serveis quedaran deshabilitades com, per exemple, romandre identificat, mantenir les compres en el \u201ccarret de la compra\u201d en un Servei de e-commerce, rebre informaci\u00f3 dirigida a la seva localitzaci\u00f3 o la visualitzaci\u00f3 d&#8217;alguns v\u00eddeos.<\/p>\n\t\t\t\t\t\t\t\t<\/div>\n\t\t\t\t<\/div>\n\t\t\t\t\t<\/div>\n\t\t<\/div>\n\t\t\t\t\t<\/div>\n\t\t<\/section>\n\t\t\t\t<\/div>\n\t\t","protected":false},"excerpt":{"rendered":"<p>Utilitzem cookies per a oferir als nostres visitants una forma m\u00e9s c\u00f2moda i eficient a l&#8217;hora de navegar per la nostra web.\u00a0En utilitzar la nostra web acceptes la nostra Pol\u00edtica de Cookies. En cas de no voler rebre cookies, si us plau configuri el seu navegador d&#8217;Internet perqu\u00e8 les esborri del disc dur del seu&#8230;<\/p>\n","protected":false},"author":1,"featured_media":0,"parent":0,"menu_order":0,"comment_status":"closed","ping_status":"closed","template":"","meta":{"_monsterinsights_skip_tracking":false,"_monsterinsights_sitenote_active":false,"_monsterinsights_sitenote_note":"","_monsterinsights_sitenote_category":0,"footnotes":""},"class_list":["post-206","page","type-page","status-publish","hentry"],"yoast_head":"<!-- This site is optimized with the Yoast SEO plugin v27.4 - https:\/\/yoast.com\/product\/yoast-seo-wordpress\/ -->\n<title>Pol\u00edtica de cookies - Fruites i Hortalisses de proximitat - Estem al teu costat!<\/title>\n<meta name=\"description\" content=\"Utilitzem cookies per a oferir als nostres visitants una forma m\u00e9s c\u00f2moda i eficient a l&#039;hora de navegar per la nostra web. En utilitzar la nostra web...\" \/>\n<meta name=\"robots\" content=\"index, follow, max-snippet:-1, max-image-preview:large, max-video-preview:-1\" \/>\n<link rel=\"canonical\" href=\"https:\/\/fruitadona.com\/?page_id=206\" \/>\n<meta property=\"og:locale\" content=\"ca_ES\" \/>\n<meta property=\"og:type\" content=\"article\" \/>\n<meta property=\"og:title\" content=\"Pol\u00edtica de cookies - Fruites i Hortalisses de proximitat - Estem al teu costat!\" \/>\n<meta property=\"og:description\" content=\"Utilitzem cookies per a oferir als nostres visitants una forma m\u00e9s c\u00f2moda i eficient a l&#039;hora de navegar per la nostra web. En utilitzar la nostra web...\" \/>\n<meta property=\"og:url\" content=\"https:\/\/fruitadona.com\/?page_id=206\" \/>\n<meta property=\"og:site_name\" content=\"Fruites i Hortalisses de proximitat\" \/>\n<meta property=\"article:modified_time\" content=\"2023-09-01T08:55:08+00:00\" \/>\n<meta name=\"twitter:card\" content=\"summary_large_image\" \/>\n<meta name=\"twitter:label1\" content=\"Temps estimat de lectura\" \/>\n\t<meta name=\"twitter:data1\" content=\"5 minuts\" \/>\n<script type=\"application\/ld+json\" class=\"yoast-schema-graph\">{\"@context\":\"https:\\\/\\\/schema.org\",\"@graph\":[{\"@type\":\"WebPage\",\"@id\":\"https:\\\/\\\/fruitadona.com\\\/?page_id=206\",\"url\":\"https:\\\/\\\/fruitadona.com\\\/?page_id=206\",\"name\":\"Pol\u00edtica de cookies - Fruites i Hortalisses de proximitat - Estem al teu costat!\",\"isPartOf\":{\"@id\":\"https:\\\/\\\/fruitadona.com\\\/#website\"},\"datePublished\":\"2020-08-17T11:20:49+00:00\",\"dateModified\":\"2023-09-01T08:55:08+00:00\",\"description\":\"Utilitzem cookies per a oferir als nostres visitants una forma m\u00e9s c\u00f2moda i eficient a l'hora de navegar per la nostra web. En utilitzar la nostra web...\",\"breadcrumb\":{\"@id\":\"https:\\\/\\\/fruitadona.com\\\/?page_id=206#breadcrumb\"},\"inLanguage\":\"ca\",\"potentialAction\":[{\"@type\":\"ReadAction\",\"target\":[\"https:\\\/\\\/fruitadona.com\\\/?page_id=206\"]}]},{\"@type\":\"BreadcrumbList\",\"@id\":\"https:\\\/\\\/fruitadona.com\\\/?page_id=206#breadcrumb\",\"itemListElement\":[{\"@type\":\"ListItem\",\"position\":1,\"name\":\"Portada\",\"item\":\"https:\\\/\\\/fruitadona.com\\\/\"},{\"@type\":\"ListItem\",\"position\":2,\"name\":\"Pol\u00edtica de cookies\"}]},{\"@type\":\"WebSite\",\"@id\":\"https:\\\/\\\/fruitadona.com\\\/#website\",\"url\":\"https:\\\/\\\/fruitadona.com\\\/\",\"name\":\"Fruites i Hortalisses de proximitat\",\"description\":\"Fruitadona al teu costat!\",\"potentialAction\":[{\"@type\":\"SearchAction\",\"target\":{\"@type\":\"EntryPoint\",\"urlTemplate\":\"https:\\\/\\\/fruitadona.com\\\/?s={search_term_string}\"},\"query-input\":{\"@type\":\"PropertyValueSpecification\",\"valueRequired\":true,\"valueName\":\"search_term_string\"}}],\"inLanguage\":\"ca\"}]}<\/script>\n<!-- \/ Yoast SEO plugin. -->","yoast_head_json":{"title":"Pol\u00edtica de cookies - Fruites i Hortalisses de proximitat - Estem al teu costat!","description":"Utilitzem cookies per a oferir als nostres visitants una forma m\u00e9s c\u00f2moda i eficient a l'hora de navegar per la nostra web. En utilitzar la nostra web...","robots":{"index":"index","follow":"follow","max-snippet":"max-snippet:-1","max-image-preview":"max-image-preview:large","max-video-preview":"max-video-preview:-1"},"canonical":"https:\/\/fruitadona.com\/?page_id=206","og_locale":"ca_ES","og_type":"article","og_title":"Pol\u00edtica de cookies - Fruites i Hortalisses de proximitat - Estem al teu costat!","og_description":"Utilitzem cookies per a oferir als nostres visitants una forma m\u00e9s c\u00f2moda i eficient a l'hora de navegar per la nostra web. En utilitzar la nostra web...","og_url":"https:\/\/fruitadona.com\/?page_id=206","og_site_name":"Fruites i Hortalisses de proximitat","article_modified_time":"2023-09-01T08:55:08+00:00","twitter_card":"summary_large_image","twitter_misc":{"Temps estimat de lectura":"5 minuts"},"schema":{"@context":"https:\/\/schema.org","@graph":[{"@type":"WebPage","@id":"https:\/\/fruitadona.com\/?page_id=206","url":"https:\/\/fruitadona.com\/?page_id=206","name":"Pol\u00edtica de cookies - Fruites i Hortalisses de proximitat - Estem al teu costat!","isPartOf":{"@id":"https:\/\/fruitadona.com\/#website"},"datePublished":"2020-08-17T11:20:49+00:00","dateModified":"2023-09-01T08:55:08+00:00","description":"Utilitzem cookies per a oferir als nostres visitants una forma m\u00e9s c\u00f2moda i eficient a l'hora de navegar per la nostra web. En utilitzar la nostra web...","breadcrumb":{"@id":"https:\/\/fruitadona.com\/?page_id=206#breadcrumb"},"inLanguage":"ca","potentialAction":[{"@type":"ReadAction","target":["https:\/\/fruitadona.com\/?page_id=206"]}]},{"@type":"BreadcrumbList","@id":"https:\/\/fruitadona.com\/?page_id=206#breadcrumb","itemListElement":[{"@type":"ListItem","position":1,"name":"Portada","item":"https:\/\/fruitadona.com\/"},{"@type":"ListItem","position":2,"name":"Pol\u00edtica de cookies"}]},{"@type":"WebSite","@id":"https:\/\/fruitadona.com\/#website","url":"https:\/\/fruitadona.com\/","name":"Fruites i Hortalisses de proximitat","description":"Fruitadona al teu costat!","potentialAction":[{"@type":"SearchAction","target":{"@type":"EntryPoint","urlTemplate":"https:\/\/fruitadona.com\/?s={search_term_string}"},"query-input":{"@type":"PropertyValueSpecification","valueRequired":true,"valueName":"search_term_string"}}],"inLanguage":"ca"}]}},"_links":{"self":[{"href":"https:\/\/fruitadona.com\/index.php?rest_route=\/wp\/v2\/pages\/206","targetHints":{"allow":["GET"]}}],"collection":[{"href":"https:\/\/fruitadona.com\/index.php?rest_route=\/wp\/v2\/pages"}],"about":[{"href":"https:\/\/fruitadona.com\/index.php?rest_route=\/wp\/v2\/types\/page"}],"author":[{"embeddable":true,"href":"https:\/\/fruitadona.com\/index.php?rest_route=\/wp\/v2\/users\/1"}],"replies":[{"embeddable":true,"href":"https:\/\/fruitadona.com\/index.php?rest_route=%2Fwp%2Fv2%2Fcomments&post=206"}],"version-history":[{"count":4,"href":"https:\/\/fruitadona.com\/index.php?rest_route=\/wp\/v2\/pages\/206\/revisions"}],"predecessor-version":[{"id":4341,"href":"https:\/\/fruitadona.com\/index.php?rest_route=\/wp\/v2\/pages\/206\/revisions\/4341"}],"wp:attachment":[{"href":"https:\/\/fruitadona.com\/index.php?rest_route=%2Fwp%2Fv2%2Fmedia&parent=206"}],"curies":[{"name":"wp","href":"https:\/\/api.w.org\/{rel}","templated":true}]}}