{"id":378,"date":"2021-06-10T05:41:08","date_gmt":"2021-06-10T05:41:08","guid":{"rendered":"https:\/\/fruitadona.com\/?page_id=378"},"modified":"2023-06-20T15:56:42","modified_gmt":"2023-06-20T15:56:42","slug":"fruitadona-granvia","status":"publish","type":"page","link":"https:\/\/fruitadona.com\/?page_id=378","title":{"rendered":"Fruitadona Granv\u00eda"},"content":{"rendered":"\t\t<div data-elementor-type=\"wp-page\" data-elementor-id=\"378\" class=\"elementor elementor-378\">\n\t\t\t\t\t\t<section class=\"elementor-section elementor-top-section elementor-element elementor-element-e314493 elementor-section-boxed elementor-section-height-default elementor-section-height-default\" data-id=\"e314493\" data-element_type=\"section\" data-e-type=\"section\">\n\t\t\t\t\t\t<div class=\"elementor-container elementor-column-gap-default\">\n\t\t\t\t\t<div class=\"elementor-column elementor-col-100 elementor-top-column elementor-element elementor-element-fcc6185\" data-id=\"fcc6185\" data-element_type=\"column\" data-e-type=\"column\">\n\t\t\t<div class=\"elementor-widget-wrap elementor-element-populated\">\n\t\t\t\t\t\t<div class=\"elementor-element elementor-element-73f6bf2 elementor-widget elementor-widget-text-editor\" data-id=\"73f6bf2\" data-element_type=\"widget\" data-e-type=\"widget\" data-widget_type=\"text-editor.default\">\n\t\t\t\t<div class=\"elementor-widget-container\">\n\t\t\t\t\t\t\t\t\t<p><span style=\"caret-color: #000000; color: #000000;\"><strong>Fruitadona Granv\u00eda<\/strong>\u00a0\u00e9s una botiga de proximitat on trobar\u00e0s productes de primera qualitat arribats directament dels nostres camps de cultiu distribu\u00efts per la geografia peninsular.<\/span><\/p><p><span style=\"color: #000000;\">Productes de temporada com a taronges, pomes, peres, carxofes, cols, pebrots, etc\u2026 a preus a l&#8217;abast dels clients m\u00e9s exigents que busquen la millor relaci\u00f3 preu\/qualitat. I si vols descomptes directes a la teva compra, fes-te amb la targeta Fidelitzaci\u00f3 Client Satisfet a qualsevol de les<\/span>\u00a0<a href=\"https:\/\/fruitadona.com\/botigues\/\">nostres botigues<\/a>.<\/p><p style=\"caret-color: #000000; color: #000000;\">Vine a fer la teva compra di\u00e0ria <a href=\"https:\/\/www.google.es\/maps\/place\/Gran+Via+de+les+Corts+Catalanes,+1178,+08020+Barcelona\/@41.4201374,2.208141,17z\/data=!3m1!4b1!4m5!3m4!1s0x12a4bcb334c559cd:0xbfaa2541789838aa!8m2!3d41.4201334!4d2.210335?hl=es\">Granv\u00eda de les Corts Catalanes, 1178<\/a> o truca al 692 577 490 i fes la comanda per recollirla quan vulguis. Tamb\u00e9 pots fer la compra en l\u00ednia a trav\u00e9s de l&#8217;APP <strong>Glovo<\/strong> per a rebre-la a casa.<\/p><p><span style=\"color: #000000;\">Aposta per una dieta saludable per tu i els teus.\u00a0<strong>Fruitadona Granv\u00eda al teu costat<\/strong>!<\/span><\/p>\t\t\t\t\t\t\t\t<\/div>\n\t\t\t\t<\/div>\n\t\t\t\t\t<\/div>\n\t\t<\/div>\n\t\t\t\t\t<\/div>\n\t\t<\/section>\n\t\t\t\t<section class=\"elementor-section elementor-top-section elementor-element elementor-element-c552580 elementor-section-boxed elementor-section-height-default elementor-section-height-default\" data-id=\"c552580\" data-element_type=\"section\" data-e-type=\"section\">\n\t\t\t\t\t\t<div class=\"elementor-container elementor-column-gap-default\">\n\t\t\t\t\t<div class=\"elementor-column elementor-col-50 elementor-top-column elementor-element elementor-element-3c3bcc9\" data-id=\"3c3bcc9\" data-element_type=\"column\" data-e-type=\"column\">\n\t\t\t<div class=\"elementor-widget-wrap elementor-element-populated\">\n\t\t\t\t\t\t<div class=\"elementor-element elementor-element-e2f9aec elementor-widget elementor-widget-image\" data-id=\"e2f9aec\" data-element_type=\"widget\" data-e-type=\"widget\" data-widget_type=\"image.default\">\n\t\t\t\t<div class=\"elementor-widget-container\">\n\t\t\t\t\t\t\t\t\t\t\t\t\t\t\t<img fetchpriority=\"high\" decoding=\"async\" width=\"751\" height=\"424\" src=\"https:\/\/fruitadona.com\/wp-content\/uploads\/2022\/09\/fachada_granvia-1024x578.jpg\" class=\"attachment-large size-large wp-image-717\" alt=\"\" srcset=\"https:\/\/fruitadona.com\/wp-content\/uploads\/2022\/09\/fachada_granvia-1024x578.jpg 1024w, https:\/\/fruitadona.com\/wp-content\/uploads\/2022\/09\/fachada_granvia-300x169.jpg 300w, https:\/\/fruitadona.com\/wp-content\/uploads\/2022\/09\/fachada_granvia-768x434.jpg 768w, https:\/\/fruitadona.com\/wp-content\/uploads\/2022\/09\/fachada_granvia.jpg 1300w\" sizes=\"(max-width: 751px) 100vw, 751px\" \/>\t\t\t\t\t\t\t\t\t\t\t\t\t\t\t<\/div>\n\t\t\t\t<\/div>\n\t\t\t\t\t<\/div>\n\t\t<\/div>\n\t\t\t\t<div class=\"elementor-column elementor-col-50 elementor-top-column elementor-element elementor-element-9107048\" data-id=\"9107048\" data-element_type=\"column\" data-e-type=\"column\">\n\t\t\t<div class=\"elementor-widget-wrap elementor-element-populated\">\n\t\t\t\t\t\t<div class=\"elementor-element elementor-element-dff719d elementor-widget elementor-widget-image\" data-id=\"dff719d\" data-element_type=\"widget\" data-e-type=\"widget\" data-widget_type=\"image.default\">\n\t\t\t\t<div class=\"elementor-widget-container\">\n\t\t\t\t\t\t\t\t\t\t\t\t\t\t\t<img decoding=\"async\" width=\"751\" height=\"424\" src=\"https:\/\/fruitadona.com\/wp-content\/uploads\/2022\/09\/granvia_interior3-1024x578.jpg\" class=\"attachment-large size-large wp-image-716\" alt=\"\" srcset=\"https:\/\/fruitadona.com\/wp-content\/uploads\/2022\/09\/granvia_interior3-1024x578.jpg 1024w, https:\/\/fruitadona.com\/wp-content\/uploads\/2022\/09\/granvia_interior3-300x169.jpg 300w, https:\/\/fruitadona.com\/wp-content\/uploads\/2022\/09\/granvia_interior3-768x434.jpg 768w, https:\/\/fruitadona.com\/wp-content\/uploads\/2022\/09\/granvia_interior3.jpg 1300w\" sizes=\"(max-width: 751px) 100vw, 751px\" \/>\t\t\t\t\t\t\t\t\t\t\t\t\t\t\t<\/div>\n\t\t\t\t<\/div>\n\t\t\t\t\t<\/div>\n\t\t<\/div>\n\t\t\t\t\t<\/div>\n\t\t<\/section>\n\t\t\t\t<section class=\"elementor-section elementor-top-section elementor-element elementor-element-8d85976 elementor-section-boxed elementor-section-height-default elementor-section-height-default\" data-id=\"8d85976\" data-element_type=\"section\" data-e-type=\"section\">\n\t\t\t\t\t\t<div class=\"elementor-container elementor-column-gap-default\">\n\t\t\t\t\t<div class=\"elementor-column elementor-col-50 elementor-top-column elementor-element elementor-element-05b3cfb\" data-id=\"05b3cfb\" data-element_type=\"column\" data-e-type=\"column\">\n\t\t\t<div class=\"elementor-widget-wrap elementor-element-populated\">\n\t\t\t\t\t\t<div class=\"elementor-element elementor-element-789ebaa elementor-widget elementor-widget-image\" data-id=\"789ebaa\" data-element_type=\"widget\" data-e-type=\"widget\" data-widget_type=\"image.default\">\n\t\t\t\t<div class=\"elementor-widget-container\">\n\t\t\t\t\t\t\t\t\t\t\t\t\t\t\t<img decoding=\"async\" width=\"751\" height=\"424\" src=\"https:\/\/fruitadona.com\/wp-content\/uploads\/2022\/09\/granvia_interior2-1024x578.jpg\" class=\"attachment-large size-large wp-image-714\" alt=\"\" srcset=\"https:\/\/fruitadona.com\/wp-content\/uploads\/2022\/09\/granvia_interior2-1024x578.jpg 1024w, https:\/\/fruitadona.com\/wp-content\/uploads\/2022\/09\/granvia_interior2-300x169.jpg 300w, https:\/\/fruitadona.com\/wp-content\/uploads\/2022\/09\/granvia_interior2-768x434.jpg 768w, https:\/\/fruitadona.com\/wp-content\/uploads\/2022\/09\/granvia_interior2.jpg 1300w\" sizes=\"(max-width: 751px) 100vw, 751px\" \/>\t\t\t\t\t\t\t\t\t\t\t\t\t\t\t<\/div>\n\t\t\t\t<\/div>\n\t\t\t\t\t<\/div>\n\t\t<\/div>\n\t\t\t\t<div class=\"elementor-column elementor-col-50 elementor-top-column elementor-element elementor-element-4351a65\" data-id=\"4351a65\" data-element_type=\"column\" data-e-type=\"column\">\n\t\t\t<div class=\"elementor-widget-wrap elementor-element-populated\">\n\t\t\t\t\t\t<div class=\"elementor-element elementor-element-9e5ed6b elementor-widget elementor-widget-image\" data-id=\"9e5ed6b\" data-element_type=\"widget\" data-e-type=\"widget\" data-widget_type=\"image.default\">\n\t\t\t\t<div class=\"elementor-widget-container\">\n\t\t\t\t\t\t\t\t\t\t\t\t\t\t\t<img loading=\"lazy\" decoding=\"async\" width=\"751\" height=\"424\" src=\"https:\/\/fruitadona.com\/wp-content\/uploads\/2022\/09\/granvia_interior1-1024x578.jpg\" class=\"attachment-large size-large wp-image-713\" alt=\"\" srcset=\"https:\/\/fruitadona.com\/wp-content\/uploads\/2022\/09\/granvia_interior1-1024x578.jpg 1024w, https:\/\/fruitadona.com\/wp-content\/uploads\/2022\/09\/granvia_interior1-300x169.jpg 300w, https:\/\/fruitadona.com\/wp-content\/uploads\/2022\/09\/granvia_interior1-768x434.jpg 768w, https:\/\/fruitadona.com\/wp-content\/uploads\/2022\/09\/granvia_interior1.jpg 1300w\" sizes=\"(max-width: 751px) 100vw, 751px\" \/>\t\t\t\t\t\t\t\t\t\t\t\t\t\t\t<\/div>\n\t\t\t\t<\/div>\n\t\t\t\t\t<\/div>\n\t\t<\/div>\n\t\t\t\t\t<\/div>\n\t\t<\/section>\n\t\t\t\t<\/div>\n\t\t","protected":false},"excerpt":{"rendered":"<p>Fruitadona Granv\u00eda\u00a0\u00e9s una botiga de proximitat on trobar\u00e0s productes de primera qualitat arribats directament dels nostres camps de cultiu distribu\u00efts per la geografia peninsular. Productes de temporada com a taronges, pomes, peres, carxofes, cols, pebrots, etc\u2026 a preus a l&#8217;abast dels clients m\u00e9s exigents que busquen la millor relaci\u00f3 preu\/qualitat. I si vols descomptes directes&#8230;<\/p>\n","protected":false},"author":1,"featured_media":0,"parent":0,"menu_order":0,"comment_status":"closed","ping_status":"closed","template":"","meta":{"_monsterinsights_skip_tracking":false,"_monsterinsights_sitenote_active":false,"_monsterinsights_sitenote_note":"","_monsterinsights_sitenote_category":0,"footnotes":""},"class_list":["post-378","page","type-page","status-publish","hentry"],"yoast_head":"<!-- This site is optimized with the Yoast SEO plugin v27.4 - https:\/\/yoast.com\/product\/yoast-seo-wordpress\/ -->\n<title>Fruitadona Granv\u00eda - Fruites, Verdures, Hortalisses i molt m\u00e9s al teu costat<\/title>\n<meta name=\"description\" content=\"Granv\u00eda Corts Catalanes, 1178 (Barcelona). Productes de primera qualitat arribats directament dels nostres camps. Fruitadona Granv\u00eda al teu costat!\" \/>\n<meta name=\"robots\" content=\"index, follow, max-snippet:-1, max-image-preview:large, max-video-preview:-1\" \/>\n<link rel=\"canonical\" href=\"https:\/\/fruitadona.com\/?page_id=378\" \/>\n<meta property=\"og:locale\" content=\"ca_ES\" \/>\n<meta property=\"og:type\" content=\"article\" \/>\n<meta property=\"og:title\" content=\"Fruitadona Granv\u00eda - Fruites, Verdures, Hortalisses i molt m\u00e9s al teu costat\" \/>\n<meta property=\"og:description\" content=\"Granv\u00eda Corts Catalanes, 1178 (Barcelona). Productes de primera qualitat arribats directament dels nostres camps. Fruitadona Granv\u00eda al teu costat!\" \/>\n<meta property=\"og:url\" content=\"https:\/\/fruitadona.com\/?page_id=378\" \/>\n<meta property=\"og:site_name\" content=\"Fruites i Hortalisses de proximitat\" \/>\n<meta property=\"article:modified_time\" content=\"2023-06-20T15:56:42+00:00\" \/>\n<meta property=\"og:image\" content=\"https:\/\/fruitadona.com\/wp-content\/uploads\/2022\/09\/fachada_granvia-1024x578.jpg\" \/>\n<meta name=\"twitter:card\" content=\"summary_large_image\" \/>\n<meta name=\"twitter:label1\" content=\"Temps estimat de lectura\" \/>\n\t<meta name=\"twitter:data1\" content=\"2 minuts\" \/>\n<script type=\"application\/ld+json\" class=\"yoast-schema-graph\">{\"@context\":\"https:\\\/\\\/schema.org\",\"@graph\":[{\"@type\":\"WebPage\",\"@id\":\"https:\\\/\\\/fruitadona.com\\\/?page_id=378\",\"url\":\"https:\\\/\\\/fruitadona.com\\\/?page_id=378\",\"name\":\"Fruitadona Granv\u00eda - Fruites, Verdures, Hortalisses i molt m\u00e9s al teu costat\",\"isPartOf\":{\"@id\":\"https:\\\/\\\/fruitadona.com\\\/#website\"},\"primaryImageOfPage\":{\"@id\":\"https:\\\/\\\/fruitadona.com\\\/?page_id=378#primaryimage\"},\"image\":{\"@id\":\"https:\\\/\\\/fruitadona.com\\\/?page_id=378#primaryimage\"},\"thumbnailUrl\":\"https:\\\/\\\/fruitadona.com\\\/wp-content\\\/uploads\\\/2022\\\/09\\\/fachada_granvia-1024x578.jpg\",\"datePublished\":\"2021-06-10T05:41:08+00:00\",\"dateModified\":\"2023-06-20T15:56:42+00:00\",\"description\":\"Granv\u00eda Corts Catalanes, 1178 (Barcelona). Productes de primera qualitat arribats directament dels nostres camps. Fruitadona Granv\u00eda al teu costat!\",\"breadcrumb\":{\"@id\":\"https:\\\/\\\/fruitadona.com\\\/?page_id=378#breadcrumb\"},\"inLanguage\":\"ca\",\"potentialAction\":[{\"@type\":\"ReadAction\",\"target\":[\"https:\\\/\\\/fruitadona.com\\\/?page_id=378\"]}]},{\"@type\":\"ImageObject\",\"inLanguage\":\"ca\",\"@id\":\"https:\\\/\\\/fruitadona.com\\\/?page_id=378#primaryimage\",\"url\":\"https:\\\/\\\/fruitadona.com\\\/wp-content\\\/uploads\\\/2022\\\/09\\\/fachada_granvia.jpg\",\"contentUrl\":\"https:\\\/\\\/fruitadona.com\\\/wp-content\\\/uploads\\\/2022\\\/09\\\/fachada_granvia.jpg\",\"width\":1300,\"height\":734},{\"@type\":\"BreadcrumbList\",\"@id\":\"https:\\\/\\\/fruitadona.com\\\/?page_id=378#breadcrumb\",\"itemListElement\":[{\"@type\":\"ListItem\",\"position\":1,\"name\":\"Portada\",\"item\":\"https:\\\/\\\/fruitadona.com\\\/\"},{\"@type\":\"ListItem\",\"position\":2,\"name\":\"Fruitadona Granv\u00eda\"}]},{\"@type\":\"WebSite\",\"@id\":\"https:\\\/\\\/fruitadona.com\\\/#website\",\"url\":\"https:\\\/\\\/fruitadona.com\\\/\",\"name\":\"Fruites i Hortalisses de proximitat\",\"description\":\"Fruitadona al teu costat!\",\"potentialAction\":[{\"@type\":\"SearchAction\",\"target\":{\"@type\":\"EntryPoint\",\"urlTemplate\":\"https:\\\/\\\/fruitadona.com\\\/?s={search_term_string}\"},\"query-input\":{\"@type\":\"PropertyValueSpecification\",\"valueRequired\":true,\"valueName\":\"search_term_string\"}}],\"inLanguage\":\"ca\"}]}<\/script>\n<!-- \/ Yoast SEO plugin. -->","yoast_head_json":{"title":"Fruitadona Granv\u00eda - Fruites, Verdures, Hortalisses i molt m\u00e9s al teu costat","description":"Granv\u00eda Corts Catalanes, 1178 (Barcelona). Productes de primera qualitat arribats directament dels nostres camps. Fruitadona Granv\u00eda al teu costat!","robots":{"index":"index","follow":"follow","max-snippet":"max-snippet:-1","max-image-preview":"max-image-preview:large","max-video-preview":"max-video-preview:-1"},"canonical":"https:\/\/fruitadona.com\/?page_id=378","og_locale":"ca_ES","og_type":"article","og_title":"Fruitadona Granv\u00eda - Fruites, Verdures, Hortalisses i molt m\u00e9s al teu costat","og_description":"Granv\u00eda Corts Catalanes, 1178 (Barcelona). Productes de primera qualitat arribats directament dels nostres camps. Fruitadona Granv\u00eda al teu costat!","og_url":"https:\/\/fruitadona.com\/?page_id=378","og_site_name":"Fruites i Hortalisses de proximitat","article_modified_time":"2023-06-20T15:56:42+00:00","og_image":[{"url":"https:\/\/fruitadona.com\/wp-content\/uploads\/2022\/09\/fachada_granvia-1024x578.jpg","type":"","width":"","height":""}],"twitter_card":"summary_large_image","twitter_misc":{"Temps estimat de lectura":"2 minuts"},"schema":{"@context":"https:\/\/schema.org","@graph":[{"@type":"WebPage","@id":"https:\/\/fruitadona.com\/?page_id=378","url":"https:\/\/fruitadona.com\/?page_id=378","name":"Fruitadona Granv\u00eda - Fruites, Verdures, Hortalisses i molt m\u00e9s al teu costat","isPartOf":{"@id":"https:\/\/fruitadona.com\/#website"},"primaryImageOfPage":{"@id":"https:\/\/fruitadona.com\/?page_id=378#primaryimage"},"image":{"@id":"https:\/\/fruitadona.com\/?page_id=378#primaryimage"},"thumbnailUrl":"https:\/\/fruitadona.com\/wp-content\/uploads\/2022\/09\/fachada_granvia-1024x578.jpg","datePublished":"2021-06-10T05:41:08+00:00","dateModified":"2023-06-20T15:56:42+00:00","description":"Granv\u00eda Corts Catalanes, 1178 (Barcelona). Productes de primera qualitat arribats directament dels nostres camps. Fruitadona Granv\u00eda al teu costat!","breadcrumb":{"@id":"https:\/\/fruitadona.com\/?page_id=378#breadcrumb"},"inLanguage":"ca","potentialAction":[{"@type":"ReadAction","target":["https:\/\/fruitadona.com\/?page_id=378"]}]},{"@type":"ImageObject","inLanguage":"ca","@id":"https:\/\/fruitadona.com\/?page_id=378#primaryimage","url":"https:\/\/fruitadona.com\/wp-content\/uploads\/2022\/09\/fachada_granvia.jpg","contentUrl":"https:\/\/fruitadona.com\/wp-content\/uploads\/2022\/09\/fachada_granvia.jpg","width":1300,"height":734},{"@type":"BreadcrumbList","@id":"https:\/\/fruitadona.com\/?page_id=378#breadcrumb","itemListElement":[{"@type":"ListItem","position":1,"name":"Portada","item":"https:\/\/fruitadona.com\/"},{"@type":"ListItem","position":2,"name":"Fruitadona Granv\u00eda"}]},{"@type":"WebSite","@id":"https:\/\/fruitadona.com\/#website","url":"https:\/\/fruitadona.com\/","name":"Fruites i Hortalisses de proximitat","description":"Fruitadona al teu costat!","potentialAction":[{"@type":"SearchAction","target":{"@type":"EntryPoint","urlTemplate":"https:\/\/fruitadona.com\/?s={search_term_string}"},"query-input":{"@type":"PropertyValueSpecification","valueRequired":true,"valueName":"search_term_string"}}],"inLanguage":"ca"}]}},"_links":{"self":[{"href":"https:\/\/fruitadona.com\/index.php?rest_route=\/wp\/v2\/pages\/378","targetHints":{"allow":["GET"]}}],"collection":[{"href":"https:\/\/fruitadona.com\/index.php?rest_route=\/wp\/v2\/pages"}],"about":[{"href":"https:\/\/fruitadona.com\/index.php?rest_route=\/wp\/v2\/types\/page"}],"author":[{"embeddable":true,"href":"https:\/\/fruitadona.com\/index.php?rest_route=\/wp\/v2\/users\/1"}],"replies":[{"embeddable":true,"href":"https:\/\/fruitadona.com\/index.php?rest_route=%2Fwp%2Fv2%2Fcomments&post=378"}],"version-history":[{"count":16,"href":"https:\/\/fruitadona.com\/index.php?rest_route=\/wp\/v2\/pages\/378\/revisions"}],"predecessor-version":[{"id":3799,"href":"https:\/\/fruitadona.com\/index.php?rest_route=\/wp\/v2\/pages\/378\/revisions\/3799"}],"wp:attachment":[{"href":"https:\/\/fruitadona.com\/index.php?rest_route=%2Fwp%2Fv2%2Fmedia&parent=378"}],"curies":[{"name":"wp","href":"https:\/\/api.w.org\/{rel}","templated":true}]}}