{"id":404,"date":"2021-06-10T06:26:39","date_gmt":"2021-06-10T06:26:39","guid":{"rendered":"https:\/\/fruitadona.com\/?page_id=404"},"modified":"2023-06-20T15:55:27","modified_gmt":"2023-06-20T15:55:27","slug":"fruitadona-felipe-de-paz","status":"publish","type":"page","link":"https:\/\/fruitadona.com\/?page_id=404","title":{"rendered":"Fruitadona Felipe de Paz"},"content":{"rendered":"\t\t<div data-elementor-type=\"wp-page\" data-elementor-id=\"404\" class=\"elementor elementor-404\">\n\t\t\t\t\t\t<section class=\"elementor-section elementor-top-section elementor-element elementor-element-0658386 elementor-section-boxed elementor-section-height-default elementor-section-height-default\" data-id=\"0658386\" data-element_type=\"section\" data-e-type=\"section\">\n\t\t\t\t\t\t<div class=\"elementor-container elementor-column-gap-default\">\n\t\t\t\t\t<div class=\"elementor-column elementor-col-100 elementor-top-column elementor-element elementor-element-1c9c555\" data-id=\"1c9c555\" data-element_type=\"column\" data-e-type=\"column\">\n\t\t\t<div class=\"elementor-widget-wrap elementor-element-populated\">\n\t\t\t\t\t\t<div class=\"elementor-element elementor-element-be93945 elementor-widget elementor-widget-text-editor\" data-id=\"be93945\" data-element_type=\"widget\" data-e-type=\"widget\" data-widget_type=\"text-editor.default\">\n\t\t\t\t<div class=\"elementor-widget-container\">\n\t\t\t\t\t\t\t\t\t<p><span style=\"caret-color: #000000; color: #000000;\"><strong>Fruitadona Felipe de Paz<\/strong> \u00e9s una botiga de proximitat on trobar\u00e0s productes de primera qualitat arribats directament dels nostres camps de cultiu distribu\u00efts per la geografia peninsular.<\/span><\/p><p><span style=\"color: #000000;\">Productes de temporada com a taronges, pomes, peres, carxofes, cols, pebrots, etc\u2026 a preus a l&#8217;abast dels clients m\u00e9s exigents que busquen la millor relaci\u00f3 preu\/qualitat. I si vols descomptes directes a la teva compra, fes-te amb la targeta Fidelitzaci\u00f3 Client Satisfet a qualsevol de les<\/span>\u00a0<a href=\"https:\/\/fruitadona.com\/botigues\/\">nostres botigues<\/a>.<\/p><p style=\"caret-color: #000000; color: #000000;\">Vine a fer la teva compra diaria a\u00a0<strong><a href=\"https:\/\/goo.gl\/maps\/GEnwbTv2CCCizYP18\">Felipe de Paz, 1-3, <\/a><\/strong>al barri de les Corts de Barcelona. Tamb\u00e9 pots fer la compra en l\u00ednia a trav\u00e9s de l&#8217;APP <strong>Glovo<\/strong> per a rebre-la a casa.<\/p><p><span style=\"color: #000000;\">Aposta per una dieta saludable per tu i els teus.\u00a0<strong>Fruitadona Felipe de Paz al teu costat<\/strong>!<\/span><\/p>\t\t\t\t\t\t\t\t<\/div>\n\t\t\t\t<\/div>\n\t\t\t\t\t<\/div>\n\t\t<\/div>\n\t\t\t\t\t<\/div>\n\t\t<\/section>\n\t\t\t\t<section class=\"elementor-section elementor-top-section elementor-element elementor-element-8f977cb elementor-section-boxed elementor-section-height-default elementor-section-height-default\" data-id=\"8f977cb\" data-element_type=\"section\" data-e-type=\"section\">\n\t\t\t\t\t\t<div class=\"elementor-container elementor-column-gap-default\">\n\t\t\t\t\t<div class=\"elementor-column elementor-col-50 elementor-top-column elementor-element elementor-element-3182a99\" data-id=\"3182a99\" data-element_type=\"column\" data-e-type=\"column\">\n\t\t\t<div class=\"elementor-widget-wrap elementor-element-populated\">\n\t\t\t\t\t\t<div class=\"elementor-element elementor-element-ad5651d elementor-widget elementor-widget-image\" data-id=\"ad5651d\" data-element_type=\"widget\" data-e-type=\"widget\" data-widget_type=\"image.default\">\n\t\t\t\t<div class=\"elementor-widget-container\">\n\t\t\t\t\t\t\t\t\t\t\t\t\t\t\t<img fetchpriority=\"high\" decoding=\"async\" width=\"751\" height=\"424\" src=\"https:\/\/fruitadona.com\/wp-content\/uploads\/2022\/09\/Felipe-de-Paz_entrada-1024x578.jpg\" class=\"attachment-large size-large wp-image-707\" alt=\"\" srcset=\"https:\/\/fruitadona.com\/wp-content\/uploads\/2022\/09\/Felipe-de-Paz_entrada-1024x578.jpg 1024w, https:\/\/fruitadona.com\/wp-content\/uploads\/2022\/09\/Felipe-de-Paz_entrada-300x169.jpg 300w, https:\/\/fruitadona.com\/wp-content\/uploads\/2022\/09\/Felipe-de-Paz_entrada-768x434.jpg 768w, https:\/\/fruitadona.com\/wp-content\/uploads\/2022\/09\/Felipe-de-Paz_entrada.jpg 1300w\" sizes=\"(max-width: 751px) 100vw, 751px\" \/>\t\t\t\t\t\t\t\t\t\t\t\t\t\t\t<\/div>\n\t\t\t\t<\/div>\n\t\t\t\t\t<\/div>\n\t\t<\/div>\n\t\t\t\t<div class=\"elementor-column elementor-col-50 elementor-top-column elementor-element elementor-element-2034553\" data-id=\"2034553\" data-element_type=\"column\" data-e-type=\"column\">\n\t\t\t<div class=\"elementor-widget-wrap elementor-element-populated\">\n\t\t\t\t\t\t<div class=\"elementor-element elementor-element-685bc02 elementor-widget elementor-widget-image\" data-id=\"685bc02\" data-element_type=\"widget\" data-e-type=\"widget\" data-widget_type=\"image.default\">\n\t\t\t\t<div class=\"elementor-widget-container\">\n\t\t\t\t\t\t\t\t\t\t\t\t\t\t\t<img decoding=\"async\" width=\"751\" height=\"424\" src=\"https:\/\/fruitadona.com\/wp-content\/uploads\/2022\/09\/Felipe_de_Paz_interior2-1024x578.jpg\" class=\"attachment-large size-large wp-image-705\" alt=\"\" srcset=\"https:\/\/fruitadona.com\/wp-content\/uploads\/2022\/09\/Felipe_de_Paz_interior2-1024x578.jpg 1024w, https:\/\/fruitadona.com\/wp-content\/uploads\/2022\/09\/Felipe_de_Paz_interior2-300x169.jpg 300w, https:\/\/fruitadona.com\/wp-content\/uploads\/2022\/09\/Felipe_de_Paz_interior2-768x434.jpg 768w, https:\/\/fruitadona.com\/wp-content\/uploads\/2022\/09\/Felipe_de_Paz_interior2.jpg 1300w\" sizes=\"(max-width: 751px) 100vw, 751px\" \/>\t\t\t\t\t\t\t\t\t\t\t\t\t\t\t<\/div>\n\t\t\t\t<\/div>\n\t\t\t\t\t<\/div>\n\t\t<\/div>\n\t\t\t\t\t<\/div>\n\t\t<\/section>\n\t\t\t\t<section class=\"elementor-section elementor-top-section elementor-element elementor-element-3354520 elementor-section-boxed elementor-section-height-default elementor-section-height-default\" data-id=\"3354520\" data-element_type=\"section\" data-e-type=\"section\">\n\t\t\t\t\t\t<div class=\"elementor-container elementor-column-gap-default\">\n\t\t\t\t\t<div class=\"elementor-column elementor-col-50 elementor-top-column elementor-element elementor-element-ec01429\" data-id=\"ec01429\" data-element_type=\"column\" data-e-type=\"column\">\n\t\t\t<div class=\"elementor-widget-wrap elementor-element-populated\">\n\t\t\t\t\t\t<div class=\"elementor-element elementor-element-5396156 elementor-widget elementor-widget-image\" data-id=\"5396156\" data-element_type=\"widget\" data-e-type=\"widget\" data-widget_type=\"image.default\">\n\t\t\t\t<div class=\"elementor-widget-container\">\n\t\t\t\t\t\t\t\t\t\t\t\t\t\t\t<img decoding=\"async\" width=\"751\" height=\"424\" src=\"https:\/\/fruitadona.com\/wp-content\/uploads\/2022\/09\/Felipe_de_Paz_interior3-1024x578.jpg\" class=\"attachment-large size-large wp-image-706\" alt=\"\" srcset=\"https:\/\/fruitadona.com\/wp-content\/uploads\/2022\/09\/Felipe_de_Paz_interior3-1024x578.jpg 1024w, https:\/\/fruitadona.com\/wp-content\/uploads\/2022\/09\/Felipe_de_Paz_interior3-300x169.jpg 300w, https:\/\/fruitadona.com\/wp-content\/uploads\/2022\/09\/Felipe_de_Paz_interior3-768x434.jpg 768w, https:\/\/fruitadona.com\/wp-content\/uploads\/2022\/09\/Felipe_de_Paz_interior3.jpg 1300w\" sizes=\"(max-width: 751px) 100vw, 751px\" \/>\t\t\t\t\t\t\t\t\t\t\t\t\t\t\t<\/div>\n\t\t\t\t<\/div>\n\t\t\t\t\t<\/div>\n\t\t<\/div>\n\t\t\t\t<div class=\"elementor-column elementor-col-50 elementor-top-column elementor-element elementor-element-81e1a5a\" data-id=\"81e1a5a\" data-element_type=\"column\" data-e-type=\"column\">\n\t\t\t<div class=\"elementor-widget-wrap elementor-element-populated\">\n\t\t\t\t\t\t<div class=\"elementor-element elementor-element-70a6601 elementor-widget elementor-widget-image\" data-id=\"70a6601\" data-element_type=\"widget\" data-e-type=\"widget\" data-widget_type=\"image.default\">\n\t\t\t\t<div class=\"elementor-widget-container\">\n\t\t\t\t\t\t\t\t\t\t\t\t\t\t\t<img loading=\"lazy\" decoding=\"async\" width=\"751\" height=\"424\" src=\"https:\/\/fruitadona.com\/wp-content\/uploads\/2022\/09\/Felipe_de_Paz_interior1-1024x578.jpg\" class=\"attachment-large size-large wp-image-704\" alt=\"\" srcset=\"https:\/\/fruitadona.com\/wp-content\/uploads\/2022\/09\/Felipe_de_Paz_interior1-1024x578.jpg 1024w, https:\/\/fruitadona.com\/wp-content\/uploads\/2022\/09\/Felipe_de_Paz_interior1-300x169.jpg 300w, https:\/\/fruitadona.com\/wp-content\/uploads\/2022\/09\/Felipe_de_Paz_interior1-768x434.jpg 768w, https:\/\/fruitadona.com\/wp-content\/uploads\/2022\/09\/Felipe_de_Paz_interior1.jpg 1300w\" sizes=\"(max-width: 751px) 100vw, 751px\" \/>\t\t\t\t\t\t\t\t\t\t\t\t\t\t\t<\/div>\n\t\t\t\t<\/div>\n\t\t\t\t\t<\/div>\n\t\t<\/div>\n\t\t\t\t\t<\/div>\n\t\t<\/section>\n\t\t\t\t<\/div>\n\t\t","protected":false},"excerpt":{"rendered":"<p>Fruitadona Felipe de Paz \u00e9s una botiga de proximitat on trobar\u00e0s productes de primera qualitat arribats directament dels nostres camps de cultiu distribu\u00efts per la geografia peninsular. Productes de temporada com a taronges, pomes, peres, carxofes, cols, pebrots, etc\u2026 a preus a l&#8217;abast dels clients m\u00e9s exigents que busquen la millor relaci\u00f3 preu\/qualitat. I si&#8230;<\/p>\n","protected":false},"author":1,"featured_media":0,"parent":0,"menu_order":0,"comment_status":"closed","ping_status":"closed","template":"","meta":{"_monsterinsights_skip_tracking":false,"_monsterinsights_sitenote_active":false,"_monsterinsights_sitenote_note":"","_monsterinsights_sitenote_category":0,"footnotes":""},"class_list":["post-404","page","type-page","status-publish","hentry"],"yoast_head":"<!-- This site is optimized with the Yoast SEO plugin v27.4 - https:\/\/yoast.com\/product\/yoast-seo-wordpress\/ -->\n<title>Fruitadona Felipe de Paz - Fruites, Verdures, Hortalisses i molt m\u00e9s...<\/title>\n<meta name=\"description\" content=\"Carrer Felipe de Paz 1-3 (BCN). Productes primera qualitat arribats directament dels nostres camps. Fruitadona felipe de Paz al teu costat!\" \/>\n<meta name=\"robots\" content=\"index, follow, max-snippet:-1, max-image-preview:large, max-video-preview:-1\" \/>\n<link rel=\"canonical\" href=\"https:\/\/fruitadona.com\/?page_id=404&lang=es\" \/>\n<meta property=\"og:locale\" content=\"ca_ES\" \/>\n<meta property=\"og:type\" content=\"article\" \/>\n<meta property=\"og:title\" content=\"Fruitadona Felipe de Paz - Fruites, Verdures, Hortalisses i molt m\u00e9s...\" \/>\n<meta property=\"og:description\" content=\"Carrer Felipe de Paz 1-3 (BCN). Productes primera qualitat arribats directament dels nostres camps. Fruitadona felipe de Paz al teu costat!\" \/>\n<meta property=\"og:url\" content=\"https:\/\/fruitadona.com\/?page_id=404&amp;lang=es\" \/>\n<meta property=\"og:site_name\" content=\"Fruites i Hortalisses de proximitat\" \/>\n<meta property=\"article:modified_time\" content=\"2023-06-20T15:55:27+00:00\" \/>\n<meta property=\"og:image\" content=\"https:\/\/fruitadona.com\/wp-content\/uploads\/2022\/09\/Felipe-de-Paz_entrada-1024x578.jpg\" \/>\n<meta name=\"twitter:card\" content=\"summary_large_image\" \/>\n<meta name=\"twitter:label1\" content=\"Temps estimat de lectura\" \/>\n\t<meta name=\"twitter:data1\" content=\"2 minuts\" \/>\n<script type=\"application\/ld+json\" class=\"yoast-schema-graph\">{\"@context\":\"https:\\\/\\\/schema.org\",\"@graph\":[{\"@type\":\"WebPage\",\"@id\":\"https:\\\/\\\/fruitadona.com\\\/?page_id=404&lang=es\",\"url\":\"https:\\\/\\\/fruitadona.com\\\/?page_id=404&lang=es\",\"name\":\"Fruitadona Felipe de Paz - Fruites, Verdures, Hortalisses i molt m\u00e9s...\",\"isPartOf\":{\"@id\":\"https:\\\/\\\/fruitadona.com\\\/#website\"},\"primaryImageOfPage\":{\"@id\":\"https:\\\/\\\/fruitadona.com\\\/?page_id=404&lang=es#primaryimage\"},\"image\":{\"@id\":\"https:\\\/\\\/fruitadona.com\\\/?page_id=404&lang=es#primaryimage\"},\"thumbnailUrl\":\"https:\\\/\\\/fruitadona.com\\\/wp-content\\\/uploads\\\/2022\\\/09\\\/Felipe-de-Paz_entrada-1024x578.jpg\",\"datePublished\":\"2021-06-10T06:26:39+00:00\",\"dateModified\":\"2023-06-20T15:55:27+00:00\",\"description\":\"Carrer Felipe de Paz 1-3 (BCN). Productes primera qualitat arribats directament dels nostres camps. Fruitadona felipe de Paz al teu costat!\",\"breadcrumb\":{\"@id\":\"https:\\\/\\\/fruitadona.com\\\/?page_id=404&lang=es#breadcrumb\"},\"inLanguage\":\"ca\",\"potentialAction\":[{\"@type\":\"ReadAction\",\"target\":[\"https:\\\/\\\/fruitadona.com\\\/?page_id=404&lang=es\"]}]},{\"@type\":\"ImageObject\",\"inLanguage\":\"ca\",\"@id\":\"https:\\\/\\\/fruitadona.com\\\/?page_id=404&lang=es#primaryimage\",\"url\":\"https:\\\/\\\/fruitadona.com\\\/wp-content\\\/uploads\\\/2022\\\/09\\\/Felipe-de-Paz_entrada.jpg\",\"contentUrl\":\"https:\\\/\\\/fruitadona.com\\\/wp-content\\\/uploads\\\/2022\\\/09\\\/Felipe-de-Paz_entrada.jpg\",\"width\":1300,\"height\":734},{\"@type\":\"BreadcrumbList\",\"@id\":\"https:\\\/\\\/fruitadona.com\\\/?page_id=404&lang=es#breadcrumb\",\"itemListElement\":[{\"@type\":\"ListItem\",\"position\":1,\"name\":\"Portada\",\"item\":\"https:\\\/\\\/fruitadona.com\\\/\"},{\"@type\":\"ListItem\",\"position\":2,\"name\":\"Fruitadona Felipe de Paz\"}]},{\"@type\":\"WebSite\",\"@id\":\"https:\\\/\\\/fruitadona.com\\\/#website\",\"url\":\"https:\\\/\\\/fruitadona.com\\\/\",\"name\":\"Fruites i Hortalisses de proximitat\",\"description\":\"Fruitadona al teu costat!\",\"potentialAction\":[{\"@type\":\"SearchAction\",\"target\":{\"@type\":\"EntryPoint\",\"urlTemplate\":\"https:\\\/\\\/fruitadona.com\\\/?s={search_term_string}\"},\"query-input\":{\"@type\":\"PropertyValueSpecification\",\"valueRequired\":true,\"valueName\":\"search_term_string\"}}],\"inLanguage\":\"ca\"}]}<\/script>\n<!-- \/ Yoast SEO plugin. -->","yoast_head_json":{"title":"Fruitadona Felipe de Paz - Fruites, Verdures, Hortalisses i molt m\u00e9s...","description":"Carrer Felipe de Paz 1-3 (BCN). Productes primera qualitat arribats directament dels nostres camps. Fruitadona felipe de Paz al teu costat!","robots":{"index":"index","follow":"follow","max-snippet":"max-snippet:-1","max-image-preview":"max-image-preview:large","max-video-preview":"max-video-preview:-1"},"canonical":"https:\/\/fruitadona.com\/?page_id=404&lang=es","og_locale":"ca_ES","og_type":"article","og_title":"Fruitadona Felipe de Paz - Fruites, Verdures, Hortalisses i molt m\u00e9s...","og_description":"Carrer Felipe de Paz 1-3 (BCN). Productes primera qualitat arribats directament dels nostres camps. Fruitadona felipe de Paz al teu costat!","og_url":"https:\/\/fruitadona.com\/?page_id=404&lang=es","og_site_name":"Fruites i Hortalisses de proximitat","article_modified_time":"2023-06-20T15:55:27+00:00","og_image":[{"url":"https:\/\/fruitadona.com\/wp-content\/uploads\/2022\/09\/Felipe-de-Paz_entrada-1024x578.jpg","type":"","width":"","height":""}],"twitter_card":"summary_large_image","twitter_misc":{"Temps estimat de lectura":"2 minuts"},"schema":{"@context":"https:\/\/schema.org","@graph":[{"@type":"WebPage","@id":"https:\/\/fruitadona.com\/?page_id=404&lang=es","url":"https:\/\/fruitadona.com\/?page_id=404&lang=es","name":"Fruitadona Felipe de Paz - Fruites, Verdures, Hortalisses i molt m\u00e9s...","isPartOf":{"@id":"https:\/\/fruitadona.com\/#website"},"primaryImageOfPage":{"@id":"https:\/\/fruitadona.com\/?page_id=404&lang=es#primaryimage"},"image":{"@id":"https:\/\/fruitadona.com\/?page_id=404&lang=es#primaryimage"},"thumbnailUrl":"https:\/\/fruitadona.com\/wp-content\/uploads\/2022\/09\/Felipe-de-Paz_entrada-1024x578.jpg","datePublished":"2021-06-10T06:26:39+00:00","dateModified":"2023-06-20T15:55:27+00:00","description":"Carrer Felipe de Paz 1-3 (BCN). Productes primera qualitat arribats directament dels nostres camps. Fruitadona felipe de Paz al teu costat!","breadcrumb":{"@id":"https:\/\/fruitadona.com\/?page_id=404&lang=es#breadcrumb"},"inLanguage":"ca","potentialAction":[{"@type":"ReadAction","target":["https:\/\/fruitadona.com\/?page_id=404&lang=es"]}]},{"@type":"ImageObject","inLanguage":"ca","@id":"https:\/\/fruitadona.com\/?page_id=404&lang=es#primaryimage","url":"https:\/\/fruitadona.com\/wp-content\/uploads\/2022\/09\/Felipe-de-Paz_entrada.jpg","contentUrl":"https:\/\/fruitadona.com\/wp-content\/uploads\/2022\/09\/Felipe-de-Paz_entrada.jpg","width":1300,"height":734},{"@type":"BreadcrumbList","@id":"https:\/\/fruitadona.com\/?page_id=404&lang=es#breadcrumb","itemListElement":[{"@type":"ListItem","position":1,"name":"Portada","item":"https:\/\/fruitadona.com\/"},{"@type":"ListItem","position":2,"name":"Fruitadona Felipe de Paz"}]},{"@type":"WebSite","@id":"https:\/\/fruitadona.com\/#website","url":"https:\/\/fruitadona.com\/","name":"Fruites i Hortalisses de proximitat","description":"Fruitadona al teu costat!","potentialAction":[{"@type":"SearchAction","target":{"@type":"EntryPoint","urlTemplate":"https:\/\/fruitadona.com\/?s={search_term_string}"},"query-input":{"@type":"PropertyValueSpecification","valueRequired":true,"valueName":"search_term_string"}}],"inLanguage":"ca"}]}},"_links":{"self":[{"href":"https:\/\/fruitadona.com\/index.php?rest_route=\/wp\/v2\/pages\/404","targetHints":{"allow":["GET"]}}],"collection":[{"href":"https:\/\/fruitadona.com\/index.php?rest_route=\/wp\/v2\/pages"}],"about":[{"href":"https:\/\/fruitadona.com\/index.php?rest_route=\/wp\/v2\/types\/page"}],"author":[{"embeddable":true,"href":"https:\/\/fruitadona.com\/index.php?rest_route=\/wp\/v2\/users\/1"}],"replies":[{"embeddable":true,"href":"https:\/\/fruitadona.com\/index.php?rest_route=%2Fwp%2Fv2%2Fcomments&post=404"}],"version-history":[{"count":16,"href":"https:\/\/fruitadona.com\/index.php?rest_route=\/wp\/v2\/pages\/404\/revisions"}],"predecessor-version":[{"id":3796,"href":"https:\/\/fruitadona.com\/index.php?rest_route=\/wp\/v2\/pages\/404\/revisions\/3796"}],"wp:attachment":[{"href":"https:\/\/fruitadona.com\/index.php?rest_route=%2Fwp%2Fv2%2Fmedia&parent=404"}],"curies":[{"name":"wp","href":"https:\/\/api.w.org\/{rel}","templated":true}]}}