{"id":416,"date":"2021-06-10T07:37:45","date_gmt":"2021-06-10T07:37:45","guid":{"rendered":"https:\/\/fruitadona.com\/?page_id=416"},"modified":"2023-06-20T17:11:13","modified_gmt":"2023-06-20T17:11:13","slug":"fruitadona-rubi-1","status":"publish","type":"page","link":"https:\/\/fruitadona.com\/?page_id=416","title":{"rendered":"Fruitadona Rub\u00ed 1"},"content":{"rendered":"\t\t<div data-elementor-type=\"wp-page\" data-elementor-id=\"416\" class=\"elementor elementor-416\">\n\t\t\t\t\t\t<section class=\"elementor-section elementor-top-section elementor-element elementor-element-1051123 elementor-section-boxed elementor-section-height-default elementor-section-height-default\" data-id=\"1051123\" data-element_type=\"section\" data-e-type=\"section\">\n\t\t\t\t\t\t<div class=\"elementor-container elementor-column-gap-default\">\n\t\t\t\t\t<div class=\"elementor-column elementor-col-100 elementor-top-column elementor-element elementor-element-740c64f\" data-id=\"740c64f\" data-element_type=\"column\" data-e-type=\"column\">\n\t\t\t<div class=\"elementor-widget-wrap elementor-element-populated\">\n\t\t\t\t\t\t<div class=\"elementor-element elementor-element-8dd9647 elementor-widget elementor-widget-text-editor\" data-id=\"8dd9647\" data-element_type=\"widget\" data-e-type=\"widget\" data-widget_type=\"text-editor.default\">\n\t\t\t\t<div class=\"elementor-widget-container\">\n\t\t\t\t\t\t\t\t\t<p><span style=\"caret-color: #000000; color: #000000;\"><strong>Fruitadona Rub\u00ed 1\u00a0<\/strong>\u00e9s una botiga de proximitat on trobar\u00e0s productes de primera qualitat arribats directament dels nostres camps de cultiu distribu\u00efts per la geografia peninsular.<\/span><\/p>\n<p><span style=\"color: #000000;\">Productes de temporada com a taronges, pomes, peres, carxofes, cols, pebrots, etc\u2026 a preus a l&#8217;abast dels clients m\u00e9s exigents que busquen la millor relaci\u00f3 preu\/qualitat. I si vols descomptes directes a la teva compra, fes-te amb la targeta Fidelitzaci\u00f3 Client Satisfet a qualsevol de les<\/span>\u00a0<a href=\"https:\/\/fruitadona.com\/botigues\/\">nostres botigues<\/a>.<\/p>\n<p style=\"caret-color: #000000; color: #000000;\">Vine a fer la teva compra di\u00e0ria a la <a href=\"https:\/\/goo.gl\/maps\/mdYqRjNsUd7GmBYG7\">Avinguda Barcelona, 3-5<\/a> de Rub\u00ed o truca al 692 154 438 i fes la comanda per recollirla quan vulguis.\u00a0Tamb\u00e9 pots fer la compra en l\u00ednia a trav\u00e9s de l&#8217;APP <strong>Glovo<\/strong> per a rebre-la a casa.<\/p>\n<p><span style=\"color: #000000;\">Aposta per una dieta saludable per tu i els teus.\u00a0<strong>Fruitadona Rub\u00ed 1 al teu costat<\/strong>!<\/span><\/p>\t\t\t\t\t\t\t\t<\/div>\n\t\t\t\t<\/div>\n\t\t\t\t\t<\/div>\n\t\t<\/div>\n\t\t\t\t\t<\/div>\n\t\t<\/section>\n\t\t\t\t<section class=\"elementor-section elementor-top-section elementor-element elementor-element-b3689df elementor-section-boxed elementor-section-height-default elementor-section-height-default\" data-id=\"b3689df\" data-element_type=\"section\" data-e-type=\"section\">\n\t\t\t\t\t\t<div class=\"elementor-container elementor-column-gap-default\">\n\t\t\t\t\t<div class=\"elementor-column elementor-col-50 elementor-top-column elementor-element elementor-element-074494a\" data-id=\"074494a\" data-element_type=\"column\" data-e-type=\"column\">\n\t\t\t<div class=\"elementor-widget-wrap elementor-element-populated\">\n\t\t\t\t\t\t<div class=\"elementor-element elementor-element-c292837 elementor-widget elementor-widget-image\" data-id=\"c292837\" data-element_type=\"widget\" data-e-type=\"widget\" data-widget_type=\"image.default\">\n\t\t\t\t<div class=\"elementor-widget-container\">\n\t\t\t\t\t\t\t\t\t\t\t\t\t\t\t<img fetchpriority=\"high\" decoding=\"async\" width=\"751\" height=\"424\" src=\"https:\/\/fruitadona.com\/wp-content\/uploads\/2021\/08\/fruita_rubi1-fachada-1024x578.jpg\" class=\"attachment-large size-large wp-image-543\" alt=\"\" srcset=\"https:\/\/fruitadona.com\/wp-content\/uploads\/2021\/08\/fruita_rubi1-fachada-1024x578.jpg 1024w, https:\/\/fruitadona.com\/wp-content\/uploads\/2021\/08\/fruita_rubi1-fachada-300x169.jpg 300w, https:\/\/fruitadona.com\/wp-content\/uploads\/2021\/08\/fruita_rubi1-fachada-768x434.jpg 768w, https:\/\/fruitadona.com\/wp-content\/uploads\/2021\/08\/fruita_rubi1-fachada-600x339.jpg 600w, https:\/\/fruitadona.com\/wp-content\/uploads\/2021\/08\/fruita_rubi1-fachada.jpg 1300w\" sizes=\"(max-width: 751px) 100vw, 751px\" \/>\t\t\t\t\t\t\t\t\t\t\t\t\t\t\t<\/div>\n\t\t\t\t<\/div>\n\t\t\t\t\t<\/div>\n\t\t<\/div>\n\t\t\t\t<div class=\"elementor-column elementor-col-50 elementor-top-column elementor-element elementor-element-fda8329\" data-id=\"fda8329\" data-element_type=\"column\" data-e-type=\"column\">\n\t\t\t<div class=\"elementor-widget-wrap elementor-element-populated\">\n\t\t\t\t\t\t<div class=\"elementor-element elementor-element-5275b0f elementor-widget elementor-widget-image\" data-id=\"5275b0f\" data-element_type=\"widget\" data-e-type=\"widget\" data-widget_type=\"image.default\">\n\t\t\t\t<div class=\"elementor-widget-container\">\n\t\t\t\t\t\t\t\t\t\t\t\t\t\t\t<img decoding=\"async\" width=\"751\" height=\"424\" src=\"https:\/\/fruitadona.com\/wp-content\/uploads\/2021\/08\/fruita_rubi1-fruta.jpg\" class=\"attachment-large size-large wp-image-544\" alt=\"\" srcset=\"https:\/\/fruitadona.com\/wp-content\/uploads\/2021\/08\/fruita_rubi1-fruta.jpg 850w, https:\/\/fruitadona.com\/wp-content\/uploads\/2021\/08\/fruita_rubi1-fruta-300x169.jpg 300w, https:\/\/fruitadona.com\/wp-content\/uploads\/2021\/08\/fruita_rubi1-fruta-768x434.jpg 768w, https:\/\/fruitadona.com\/wp-content\/uploads\/2021\/08\/fruita_rubi1-fruta-600x339.jpg 600w\" sizes=\"(max-width: 751px) 100vw, 751px\" \/>\t\t\t\t\t\t\t\t\t\t\t\t\t\t\t<\/div>\n\t\t\t\t<\/div>\n\t\t\t\t\t<\/div>\n\t\t<\/div>\n\t\t\t\t\t<\/div>\n\t\t<\/section>\n\t\t\t\t<section class=\"elementor-section elementor-top-section elementor-element elementor-element-083ccb5 elementor-section-boxed elementor-section-height-default elementor-section-height-default\" data-id=\"083ccb5\" data-element_type=\"section\" data-e-type=\"section\">\n\t\t\t\t\t\t<div class=\"elementor-container elementor-column-gap-default\">\n\t\t\t\t\t<div class=\"elementor-column elementor-col-50 elementor-top-column elementor-element elementor-element-aa7afb9\" data-id=\"aa7afb9\" data-element_type=\"column\" data-e-type=\"column\">\n\t\t\t<div class=\"elementor-widget-wrap elementor-element-populated\">\n\t\t\t\t\t\t<div class=\"elementor-element elementor-element-03d608a elementor-widget elementor-widget-image\" data-id=\"03d608a\" data-element_type=\"widget\" data-e-type=\"widget\" data-widget_type=\"image.default\">\n\t\t\t\t<div class=\"elementor-widget-container\">\n\t\t\t\t\t\t\t\t\t\t\t\t\t\t\t<img decoding=\"async\" width=\"751\" height=\"424\" src=\"https:\/\/fruitadona.com\/wp-content\/uploads\/2021\/08\/fruita_rubi1-patatas.jpg\" class=\"attachment-large size-large wp-image-545\" alt=\"\" srcset=\"https:\/\/fruitadona.com\/wp-content\/uploads\/2021\/08\/fruita_rubi1-patatas.jpg 850w, https:\/\/fruitadona.com\/wp-content\/uploads\/2021\/08\/fruita_rubi1-patatas-300x169.jpg 300w, https:\/\/fruitadona.com\/wp-content\/uploads\/2021\/08\/fruita_rubi1-patatas-768x434.jpg 768w, https:\/\/fruitadona.com\/wp-content\/uploads\/2021\/08\/fruita_rubi1-patatas-600x339.jpg 600w\" sizes=\"(max-width: 751px) 100vw, 751px\" \/>\t\t\t\t\t\t\t\t\t\t\t\t\t\t\t<\/div>\n\t\t\t\t<\/div>\n\t\t\t\t\t<\/div>\n\t\t<\/div>\n\t\t\t\t<div class=\"elementor-column elementor-col-50 elementor-top-column elementor-element elementor-element-1c05002\" data-id=\"1c05002\" data-element_type=\"column\" data-e-type=\"column\">\n\t\t\t<div class=\"elementor-widget-wrap elementor-element-populated\">\n\t\t\t\t\t\t<div class=\"elementor-element elementor-element-5861dcf elementor-widget elementor-widget-image\" data-id=\"5861dcf\" data-element_type=\"widget\" data-e-type=\"widget\" data-widget_type=\"image.default\">\n\t\t\t\t<div class=\"elementor-widget-container\">\n\t\t\t\t\t\t\t\t\t\t\t\t\t\t\t<img loading=\"lazy\" decoding=\"async\" width=\"751\" height=\"424\" src=\"https:\/\/fruitadona.com\/wp-content\/uploads\/2021\/08\/fruita_rubi1-verdura.jpg\" class=\"attachment-large size-large wp-image-546\" alt=\"\" srcset=\"https:\/\/fruitadona.com\/wp-content\/uploads\/2021\/08\/fruita_rubi1-verdura.jpg 850w, https:\/\/fruitadona.com\/wp-content\/uploads\/2021\/08\/fruita_rubi1-verdura-300x169.jpg 300w, https:\/\/fruitadona.com\/wp-content\/uploads\/2021\/08\/fruita_rubi1-verdura-768x434.jpg 768w, https:\/\/fruitadona.com\/wp-content\/uploads\/2021\/08\/fruita_rubi1-verdura-600x339.jpg 600w\" sizes=\"(max-width: 751px) 100vw, 751px\" \/>\t\t\t\t\t\t\t\t\t\t\t\t\t\t\t<\/div>\n\t\t\t\t<\/div>\n\t\t\t\t\t<\/div>\n\t\t<\/div>\n\t\t\t\t\t<\/div>\n\t\t<\/section>\n\t\t\t\t<\/div>\n\t\t","protected":false},"excerpt":{"rendered":"<p>Fruitadona Rub\u00ed 1\u00a0\u00e9s una botiga de proximitat on trobar\u00e0s productes de primera qualitat arribats directament dels nostres camps de cultiu distribu\u00efts per la geografia peninsular. Productes de temporada com a taronges, pomes, peres, carxofes, cols, pebrots, etc\u2026 a preus a l&#8217;abast dels clients m\u00e9s exigents que busquen la millor relaci\u00f3 preu\/qualitat. I si vols descomptes&#8230;<\/p>\n","protected":false},"author":1,"featured_media":0,"parent":0,"menu_order":0,"comment_status":"closed","ping_status":"closed","template":"","meta":{"_monsterinsights_skip_tracking":false,"_monsterinsights_sitenote_active":false,"_monsterinsights_sitenote_note":"","_monsterinsights_sitenote_category":0,"footnotes":""},"class_list":["post-416","page","type-page","status-publish","hentry"],"yoast_head":"<!-- This site is optimized with the Yoast SEO plugin v27.4 - https:\/\/yoast.com\/product\/yoast-seo-wordpress\/ -->\n<title>Fruitadona Rub\u00ed 1 - Fruites, Verdures, Hortalisses i molt m\u00e9s al teu costat!<\/title>\n<meta name=\"description\" content=\"Avinguda Barcelona, 3-5 (Rub\u00ed). Productes de primera qualitat arribats directament dels nostres camps. Fruitadona Rub\u00ed 1 al teu costat!\" \/>\n<meta name=\"robots\" content=\"index, follow, max-snippet:-1, max-image-preview:large, max-video-preview:-1\" \/>\n<link rel=\"canonical\" href=\"https:\/\/fruitadona.com\/?page_id=416\" \/>\n<meta property=\"og:locale\" content=\"ca_ES\" \/>\n<meta property=\"og:type\" content=\"article\" \/>\n<meta property=\"og:title\" content=\"Fruitadona Rub\u00ed 1 - Fruites, Verdures, Hortalisses i molt m\u00e9s al teu costat!\" \/>\n<meta property=\"og:description\" content=\"Avinguda Barcelona, 3-5 (Rub\u00ed). Productes de primera qualitat arribats directament dels nostres camps. Fruitadona Rub\u00ed 1 al teu costat!\" \/>\n<meta property=\"og:url\" content=\"https:\/\/fruitadona.com\/?page_id=416\" \/>\n<meta property=\"og:site_name\" content=\"Fruites i Hortalisses de proximitat\" \/>\n<meta property=\"article:modified_time\" content=\"2023-06-20T17:11:13+00:00\" \/>\n<meta property=\"og:image\" content=\"https:\/\/fruitadona.com\/wp-content\/uploads\/2021\/08\/fruita_rubi1-fachada-1024x578.jpg\" \/>\n<meta name=\"twitter:card\" content=\"summary_large_image\" \/>\n<meta name=\"twitter:label1\" content=\"Temps estimat de lectura\" \/>\n\t<meta name=\"twitter:data1\" content=\"2 minuts\" \/>\n<script type=\"application\/ld+json\" class=\"yoast-schema-graph\">{\"@context\":\"https:\\\/\\\/schema.org\",\"@graph\":[{\"@type\":\"WebPage\",\"@id\":\"https:\\\/\\\/fruitadona.com\\\/?page_id=416\",\"url\":\"https:\\\/\\\/fruitadona.com\\\/?page_id=416\",\"name\":\"Fruitadona Rub\u00ed 1 - Fruites, Verdures, Hortalisses i molt m\u00e9s al teu costat!\",\"isPartOf\":{\"@id\":\"https:\\\/\\\/fruitadona.com\\\/#website\"},\"primaryImageOfPage\":{\"@id\":\"https:\\\/\\\/fruitadona.com\\\/?page_id=416#primaryimage\"},\"image\":{\"@id\":\"https:\\\/\\\/fruitadona.com\\\/?page_id=416#primaryimage\"},\"thumbnailUrl\":\"https:\\\/\\\/fruitadona.com\\\/wp-content\\\/uploads\\\/2021\\\/08\\\/fruita_rubi1-fachada-1024x578.jpg\",\"datePublished\":\"2021-06-10T07:37:45+00:00\",\"dateModified\":\"2023-06-20T17:11:13+00:00\",\"description\":\"Avinguda Barcelona, 3-5 (Rub\u00ed). Productes de primera qualitat arribats directament dels nostres camps. Fruitadona Rub\u00ed 1 al teu costat!\",\"breadcrumb\":{\"@id\":\"https:\\\/\\\/fruitadona.com\\\/?page_id=416#breadcrumb\"},\"inLanguage\":\"ca\",\"potentialAction\":[{\"@type\":\"ReadAction\",\"target\":[\"https:\\\/\\\/fruitadona.com\\\/?page_id=416\"]}]},{\"@type\":\"ImageObject\",\"inLanguage\":\"ca\",\"@id\":\"https:\\\/\\\/fruitadona.com\\\/?page_id=416#primaryimage\",\"url\":\"https:\\\/\\\/fruitadona.com\\\/wp-content\\\/uploads\\\/2021\\\/08\\\/fruita_rubi1-fachada.jpg\",\"contentUrl\":\"https:\\\/\\\/fruitadona.com\\\/wp-content\\\/uploads\\\/2021\\\/08\\\/fruita_rubi1-fachada.jpg\",\"width\":1300,\"height\":734},{\"@type\":\"BreadcrumbList\",\"@id\":\"https:\\\/\\\/fruitadona.com\\\/?page_id=416#breadcrumb\",\"itemListElement\":[{\"@type\":\"ListItem\",\"position\":1,\"name\":\"Portada\",\"item\":\"https:\\\/\\\/fruitadona.com\\\/\"},{\"@type\":\"ListItem\",\"position\":2,\"name\":\"Fruitadona Rub\u00ed 1\"}]},{\"@type\":\"WebSite\",\"@id\":\"https:\\\/\\\/fruitadona.com\\\/#website\",\"url\":\"https:\\\/\\\/fruitadona.com\\\/\",\"name\":\"Fruites i Hortalisses de proximitat\",\"description\":\"Fruitadona al teu costat!\",\"potentialAction\":[{\"@type\":\"SearchAction\",\"target\":{\"@type\":\"EntryPoint\",\"urlTemplate\":\"https:\\\/\\\/fruitadona.com\\\/?s={search_term_string}\"},\"query-input\":{\"@type\":\"PropertyValueSpecification\",\"valueRequired\":true,\"valueName\":\"search_term_string\"}}],\"inLanguage\":\"ca\"}]}<\/script>\n<!-- \/ Yoast SEO plugin. -->","yoast_head_json":{"title":"Fruitadona Rub\u00ed 1 - Fruites, Verdures, Hortalisses i molt m\u00e9s al teu costat!","description":"Avinguda Barcelona, 3-5 (Rub\u00ed). Productes de primera qualitat arribats directament dels nostres camps. Fruitadona Rub\u00ed 1 al teu costat!","robots":{"index":"index","follow":"follow","max-snippet":"max-snippet:-1","max-image-preview":"max-image-preview:large","max-video-preview":"max-video-preview:-1"},"canonical":"https:\/\/fruitadona.com\/?page_id=416","og_locale":"ca_ES","og_type":"article","og_title":"Fruitadona Rub\u00ed 1 - Fruites, Verdures, Hortalisses i molt m\u00e9s al teu costat!","og_description":"Avinguda Barcelona, 3-5 (Rub\u00ed). Productes de primera qualitat arribats directament dels nostres camps. Fruitadona Rub\u00ed 1 al teu costat!","og_url":"https:\/\/fruitadona.com\/?page_id=416","og_site_name":"Fruites i Hortalisses de proximitat","article_modified_time":"2023-06-20T17:11:13+00:00","og_image":[{"url":"https:\/\/fruitadona.com\/wp-content\/uploads\/2021\/08\/fruita_rubi1-fachada-1024x578.jpg","type":"","width":"","height":""}],"twitter_card":"summary_large_image","twitter_misc":{"Temps estimat de lectura":"2 minuts"},"schema":{"@context":"https:\/\/schema.org","@graph":[{"@type":"WebPage","@id":"https:\/\/fruitadona.com\/?page_id=416","url":"https:\/\/fruitadona.com\/?page_id=416","name":"Fruitadona Rub\u00ed 1 - Fruites, Verdures, Hortalisses i molt m\u00e9s al teu costat!","isPartOf":{"@id":"https:\/\/fruitadona.com\/#website"},"primaryImageOfPage":{"@id":"https:\/\/fruitadona.com\/?page_id=416#primaryimage"},"image":{"@id":"https:\/\/fruitadona.com\/?page_id=416#primaryimage"},"thumbnailUrl":"https:\/\/fruitadona.com\/wp-content\/uploads\/2021\/08\/fruita_rubi1-fachada-1024x578.jpg","datePublished":"2021-06-10T07:37:45+00:00","dateModified":"2023-06-20T17:11:13+00:00","description":"Avinguda Barcelona, 3-5 (Rub\u00ed). Productes de primera qualitat arribats directament dels nostres camps. Fruitadona Rub\u00ed 1 al teu costat!","breadcrumb":{"@id":"https:\/\/fruitadona.com\/?page_id=416#breadcrumb"},"inLanguage":"ca","potentialAction":[{"@type":"ReadAction","target":["https:\/\/fruitadona.com\/?page_id=416"]}]},{"@type":"ImageObject","inLanguage":"ca","@id":"https:\/\/fruitadona.com\/?page_id=416#primaryimage","url":"https:\/\/fruitadona.com\/wp-content\/uploads\/2021\/08\/fruita_rubi1-fachada.jpg","contentUrl":"https:\/\/fruitadona.com\/wp-content\/uploads\/2021\/08\/fruita_rubi1-fachada.jpg","width":1300,"height":734},{"@type":"BreadcrumbList","@id":"https:\/\/fruitadona.com\/?page_id=416#breadcrumb","itemListElement":[{"@type":"ListItem","position":1,"name":"Portada","item":"https:\/\/fruitadona.com\/"},{"@type":"ListItem","position":2,"name":"Fruitadona Rub\u00ed 1"}]},{"@type":"WebSite","@id":"https:\/\/fruitadona.com\/#website","url":"https:\/\/fruitadona.com\/","name":"Fruites i Hortalisses de proximitat","description":"Fruitadona al teu costat!","potentialAction":[{"@type":"SearchAction","target":{"@type":"EntryPoint","urlTemplate":"https:\/\/fruitadona.com\/?s={search_term_string}"},"query-input":{"@type":"PropertyValueSpecification","valueRequired":true,"valueName":"search_term_string"}}],"inLanguage":"ca"}]}},"_links":{"self":[{"href":"https:\/\/fruitadona.com\/index.php?rest_route=\/wp\/v2\/pages\/416","targetHints":{"allow":["GET"]}}],"collection":[{"href":"https:\/\/fruitadona.com\/index.php?rest_route=\/wp\/v2\/pages"}],"about":[{"href":"https:\/\/fruitadona.com\/index.php?rest_route=\/wp\/v2\/types\/page"}],"author":[{"embeddable":true,"href":"https:\/\/fruitadona.com\/index.php?rest_route=\/wp\/v2\/users\/1"}],"replies":[{"embeddable":true,"href":"https:\/\/fruitadona.com\/index.php?rest_route=%2Fwp%2Fv2%2Fcomments&post=416"}],"version-history":[{"count":8,"href":"https:\/\/fruitadona.com\/index.php?rest_route=\/wp\/v2\/pages\/416\/revisions"}],"predecessor-version":[{"id":3848,"href":"https:\/\/fruitadona.com\/index.php?rest_route=\/wp\/v2\/pages\/416\/revisions\/3848"}],"wp:attachment":[{"href":"https:\/\/fruitadona.com\/index.php?rest_route=%2Fwp%2Fv2%2Fmedia&parent=416"}],"curies":[{"name":"wp","href":"https:\/\/api.w.org\/{rel}","templated":true}]}}