{"id":419,"date":"2021-06-10T07:42:07","date_gmt":"2021-06-10T07:42:07","guid":{"rendered":"https:\/\/fruitadona.com\/?page_id=419"},"modified":"2023-06-21T06:48:48","modified_gmt":"2023-06-21T06:48:48","slug":"soliterra-rubi-2","status":"publish","type":"page","link":"https:\/\/fruitadona.com\/?page_id=419","title":{"rendered":"Soliterra Rub\u00ed 2"},"content":{"rendered":"\t\t<div data-elementor-type=\"wp-page\" data-elementor-id=\"419\" class=\"elementor elementor-419\">\n\t\t\t\t\t\t<section class=\"elementor-section elementor-top-section elementor-element elementor-element-a7b8491 elementor-section-boxed elementor-section-height-default elementor-section-height-default\" data-id=\"a7b8491\" data-element_type=\"section\" data-e-type=\"section\">\n\t\t\t\t\t\t<div class=\"elementor-container elementor-column-gap-default\">\n\t\t\t\t\t<div class=\"elementor-column elementor-col-100 elementor-top-column elementor-element elementor-element-76963b6\" data-id=\"76963b6\" data-element_type=\"column\" data-e-type=\"column\">\n\t\t\t<div class=\"elementor-widget-wrap elementor-element-populated\">\n\t\t\t\t\t\t<div class=\"elementor-element elementor-element-3e35044 elementor-widget elementor-widget-text-editor\" data-id=\"3e35044\" data-element_type=\"widget\" data-e-type=\"widget\" data-widget_type=\"text-editor.default\">\n\t\t\t\t<div class=\"elementor-widget-container\">\n\t\t\t\t\t\t\t\t\t<p><span style=\"caret-color: #000000; color: #000000;\"><strong>Soliterra Rub\u00ed 2\u00a0<\/strong>\u00e9s una botiga de proximitat on trobar\u00e0s productes de primera qualitat arribats directament dels nostres camps de cultiu distribu\u00efts per la geografia peninsular.<\/span><\/p>\n<p><span style=\"color: #000000;\">Productes de temporada com a taronges, pomes, peres, carxofes, cols, pebrots, etc\u2026 a preus a l&#8217;abast dels clients m\u00e9s exigents que busquen la millor relaci\u00f3 preu\/qualitat. I si vols descomptes directes a la teva compra, fes-te amb la targeta Fidelitzaci\u00f3 Client Satisfet a qualsevol de les<\/span>\u00a0<a href=\"https:\/\/fruitadona.com\/botigues\/\">nostres botigues<\/a>.<\/p>\n<p style=\"caret-color: #000000; color: #000000;\">Vine a fer la teva compra di\u00e0ria a <a href=\"https:\/\/goo.gl\/maps\/RkNoSd6dGnwUSmRE6\">Maximi Fornes, 58<\/a> de Rub\u00ed o truca al 692 193 561 i fes la comanda per recollirla quan vulguis.\u00a0Tamb\u00e9 pots fer la compra en l\u00ednia a trav\u00e9s de l&#8217;APP <strong>Glovo<\/strong> per a rebre-la a casa.<\/p>\n<p><span style=\"color: #000000;\">Aposta per una dieta saludable per tu i els teus.\u00a0<strong>Soliterra Rub\u00ed 2 al teu costat<\/strong>!<\/span><\/p>\t\t\t\t\t\t\t\t<\/div>\n\t\t\t\t<\/div>\n\t\t\t\t\t<\/div>\n\t\t<\/div>\n\t\t\t\t\t<\/div>\n\t\t<\/section>\n\t\t\t\t<section class=\"elementor-section elementor-top-section elementor-element elementor-element-04db003 elementor-section-boxed elementor-section-height-default elementor-section-height-default\" data-id=\"04db003\" data-element_type=\"section\" data-e-type=\"section\">\n\t\t\t\t\t\t<div class=\"elementor-container elementor-column-gap-default\">\n\t\t\t\t\t<div class=\"elementor-column elementor-col-50 elementor-top-column elementor-element elementor-element-3648c7d\" data-id=\"3648c7d\" data-element_type=\"column\" data-e-type=\"column\">\n\t\t\t<div class=\"elementor-widget-wrap elementor-element-populated\">\n\t\t\t\t\t\t<div class=\"elementor-element elementor-element-3e0e2ff elementor-widget elementor-widget-image\" data-id=\"3e0e2ff\" data-element_type=\"widget\" data-e-type=\"widget\" data-widget_type=\"image.default\">\n\t\t\t\t<div class=\"elementor-widget-container\">\n\t\t\t\t\t\t\t\t\t\t\t\t\t\t\t<img fetchpriority=\"high\" decoding=\"async\" width=\"751\" height=\"424\" src=\"https:\/\/fruitadona.com\/wp-content\/uploads\/2021\/08\/fruita_rubi2-fachada-1024x578.jpg\" class=\"attachment-large size-large wp-image-547\" alt=\"\" srcset=\"https:\/\/fruitadona.com\/wp-content\/uploads\/2021\/08\/fruita_rubi2-fachada-1024x578.jpg 1024w, https:\/\/fruitadona.com\/wp-content\/uploads\/2021\/08\/fruita_rubi2-fachada-300x169.jpg 300w, https:\/\/fruitadona.com\/wp-content\/uploads\/2021\/08\/fruita_rubi2-fachada-768x434.jpg 768w, https:\/\/fruitadona.com\/wp-content\/uploads\/2021\/08\/fruita_rubi2-fachada-600x339.jpg 600w, https:\/\/fruitadona.com\/wp-content\/uploads\/2021\/08\/fruita_rubi2-fachada.jpg 1300w\" sizes=\"(max-width: 751px) 100vw, 751px\" \/>\t\t\t\t\t\t\t\t\t\t\t\t\t\t\t<\/div>\n\t\t\t\t<\/div>\n\t\t\t\t\t<\/div>\n\t\t<\/div>\n\t\t\t\t<div class=\"elementor-column elementor-col-50 elementor-top-column elementor-element elementor-element-4e63b1d\" data-id=\"4e63b1d\" data-element_type=\"column\" data-e-type=\"column\">\n\t\t\t<div class=\"elementor-widget-wrap elementor-element-populated\">\n\t\t\t\t\t\t<div class=\"elementor-element elementor-element-88fcca3 elementor-widget elementor-widget-image\" data-id=\"88fcca3\" data-element_type=\"widget\" data-e-type=\"widget\" data-widget_type=\"image.default\">\n\t\t\t\t<div class=\"elementor-widget-container\">\n\t\t\t\t\t\t\t\t\t\t\t\t\t\t\t<img decoding=\"async\" width=\"751\" height=\"424\" src=\"https:\/\/fruitadona.com\/wp-content\/uploads\/2021\/08\/fruita_rubi3-tienda3.jpg\" class=\"attachment-large size-large wp-image-550\" alt=\"\" srcset=\"https:\/\/fruitadona.com\/wp-content\/uploads\/2021\/08\/fruita_rubi3-tienda3.jpg 850w, https:\/\/fruitadona.com\/wp-content\/uploads\/2021\/08\/fruita_rubi3-tienda3-300x169.jpg 300w, https:\/\/fruitadona.com\/wp-content\/uploads\/2021\/08\/fruita_rubi3-tienda3-768x434.jpg 768w, https:\/\/fruitadona.com\/wp-content\/uploads\/2021\/08\/fruita_rubi3-tienda3-600x339.jpg 600w\" sizes=\"(max-width: 751px) 100vw, 751px\" \/>\t\t\t\t\t\t\t\t\t\t\t\t\t\t\t<\/div>\n\t\t\t\t<\/div>\n\t\t\t\t\t<\/div>\n\t\t<\/div>\n\t\t\t\t\t<\/div>\n\t\t<\/section>\n\t\t\t\t<section class=\"elementor-section elementor-top-section elementor-element elementor-element-b7c1cbb elementor-section-boxed elementor-section-height-default elementor-section-height-default\" data-id=\"b7c1cbb\" data-element_type=\"section\" data-e-type=\"section\">\n\t\t\t\t\t\t<div class=\"elementor-container elementor-column-gap-default\">\n\t\t\t\t\t<div class=\"elementor-column elementor-col-50 elementor-top-column elementor-element elementor-element-3c31755\" data-id=\"3c31755\" data-element_type=\"column\" data-e-type=\"column\">\n\t\t\t<div class=\"elementor-widget-wrap elementor-element-populated\">\n\t\t\t\t\t\t<div class=\"elementor-element elementor-element-ea3744d elementor-widget elementor-widget-image\" data-id=\"ea3744d\" data-element_type=\"widget\" data-e-type=\"widget\" data-widget_type=\"image.default\">\n\t\t\t\t<div class=\"elementor-widget-container\">\n\t\t\t\t\t\t\t\t\t\t\t\t\t\t\t<img decoding=\"async\" width=\"751\" height=\"424\" src=\"https:\/\/fruitadona.com\/wp-content\/uploads\/2021\/08\/fruita_rubi2-tienda2.jpg\" class=\"attachment-large size-large wp-image-549\" alt=\"\" srcset=\"https:\/\/fruitadona.com\/wp-content\/uploads\/2021\/08\/fruita_rubi2-tienda2.jpg 850w, https:\/\/fruitadona.com\/wp-content\/uploads\/2021\/08\/fruita_rubi2-tienda2-300x169.jpg 300w, https:\/\/fruitadona.com\/wp-content\/uploads\/2021\/08\/fruita_rubi2-tienda2-768x434.jpg 768w, https:\/\/fruitadona.com\/wp-content\/uploads\/2021\/08\/fruita_rubi2-tienda2-600x339.jpg 600w\" sizes=\"(max-width: 751px) 100vw, 751px\" \/>\t\t\t\t\t\t\t\t\t\t\t\t\t\t\t<\/div>\n\t\t\t\t<\/div>\n\t\t\t\t\t<\/div>\n\t\t<\/div>\n\t\t\t\t<div class=\"elementor-column elementor-col-50 elementor-top-column elementor-element elementor-element-9b5c738\" data-id=\"9b5c738\" data-element_type=\"column\" data-e-type=\"column\">\n\t\t\t<div class=\"elementor-widget-wrap elementor-element-populated\">\n\t\t\t\t\t\t<div class=\"elementor-element elementor-element-76caf0e elementor-widget elementor-widget-image\" data-id=\"76caf0e\" data-element_type=\"widget\" data-e-type=\"widget\" data-widget_type=\"image.default\">\n\t\t\t\t<div class=\"elementor-widget-container\">\n\t\t\t\t\t\t\t\t\t\t\t\t\t\t\t<img loading=\"lazy\" decoding=\"async\" width=\"751\" height=\"424\" src=\"https:\/\/fruitadona.com\/wp-content\/uploads\/2021\/08\/fruita_rubi2-tienda1.jpg\" class=\"attachment-large size-large wp-image-548\" alt=\"\" srcset=\"https:\/\/fruitadona.com\/wp-content\/uploads\/2021\/08\/fruita_rubi2-tienda1.jpg 850w, https:\/\/fruitadona.com\/wp-content\/uploads\/2021\/08\/fruita_rubi2-tienda1-300x169.jpg 300w, https:\/\/fruitadona.com\/wp-content\/uploads\/2021\/08\/fruita_rubi2-tienda1-768x434.jpg 768w, https:\/\/fruitadona.com\/wp-content\/uploads\/2021\/08\/fruita_rubi2-tienda1-600x339.jpg 600w\" sizes=\"(max-width: 751px) 100vw, 751px\" \/>\t\t\t\t\t\t\t\t\t\t\t\t\t\t\t<\/div>\n\t\t\t\t<\/div>\n\t\t\t\t\t<\/div>\n\t\t<\/div>\n\t\t\t\t\t<\/div>\n\t\t<\/section>\n\t\t\t\t<\/div>\n\t\t","protected":false},"excerpt":{"rendered":"<p>Soliterra Rub\u00ed 2&nbsp;\u00e9s una botiga de proximitat on trobar\u00e0s productes de primera qualitat arribats directament dels nostres camps de cultiu distribu\u00efts per la geografia peninsular. Productes de temporada com a taronges, pomes, peres, carxofes, cols, pebrots, etc\u2026 a preus a l&#8217;abast dels clients m\u00e9s exigents que busquen la millor relaci\u00f3 preu\/qualitat. I si vols descomptes&#8230;<\/p>\n","protected":false},"author":1,"featured_media":0,"parent":0,"menu_order":0,"comment_status":"closed","ping_status":"closed","template":"","meta":{"_monsterinsights_skip_tracking":false,"_monsterinsights_sitenote_active":false,"_monsterinsights_sitenote_note":"","_monsterinsights_sitenote_category":0,"footnotes":""},"class_list":["post-419","page","type-page","status-publish","hentry"],"yoast_head":"<!-- This site is optimized with the Yoast SEO plugin v27.4 - https:\/\/yoast.com\/product\/yoast-seo-wordpress\/ -->\n<title>Soliterra Rub\u00ed 2 - Fruites, Verdures, Hortalisses i molt m\u00e9s al teu costat!<\/title>\n<meta name=\"description\" content=\"Maximi Fornes, 58 (Rub\u00ed). Productes de primera qualitat arribats directament dels nostres camps. Soliterra Rub\u00ed 2 al teu costat!\" \/>\n<meta name=\"robots\" content=\"index, follow, max-snippet:-1, max-image-preview:large, max-video-preview:-1\" \/>\n<link rel=\"canonical\" href=\"https:\/\/fruitadona.com\/?page_id=419\" \/>\n<meta property=\"og:locale\" content=\"ca_ES\" \/>\n<meta property=\"og:type\" content=\"article\" \/>\n<meta property=\"og:title\" content=\"Soliterra Rub\u00ed 2 - Fruites, Verdures, Hortalisses i molt m\u00e9s al teu costat!\" \/>\n<meta property=\"og:description\" content=\"Maximi Fornes, 58 (Rub\u00ed). Productes de primera qualitat arribats directament dels nostres camps. Soliterra Rub\u00ed 2 al teu costat!\" \/>\n<meta property=\"og:url\" content=\"https:\/\/fruitadona.com\/?page_id=419\" \/>\n<meta property=\"og:site_name\" content=\"Fruites i Hortalisses de proximitat\" \/>\n<meta property=\"article:modified_time\" content=\"2023-06-21T06:48:48+00:00\" \/>\n<meta property=\"og:image\" content=\"https:\/\/fruitadona.com\/wp-content\/uploads\/2021\/08\/fruita_rubi2-fachada-1024x578.jpg\" \/>\n<meta name=\"twitter:card\" content=\"summary_large_image\" \/>\n<meta name=\"twitter:label1\" content=\"Temps estimat de lectura\" \/>\n\t<meta name=\"twitter:data1\" content=\"2 minuts\" \/>\n<script type=\"application\/ld+json\" class=\"yoast-schema-graph\">{\"@context\":\"https:\\\/\\\/schema.org\",\"@graph\":[{\"@type\":\"WebPage\",\"@id\":\"https:\\\/\\\/fruitadona.com\\\/?page_id=419\",\"url\":\"https:\\\/\\\/fruitadona.com\\\/?page_id=419\",\"name\":\"Soliterra Rub\u00ed 2 - Fruites, Verdures, Hortalisses i molt m\u00e9s al teu costat!\",\"isPartOf\":{\"@id\":\"https:\\\/\\\/fruitadona.com\\\/#website\"},\"primaryImageOfPage\":{\"@id\":\"https:\\\/\\\/fruitadona.com\\\/?page_id=419#primaryimage\"},\"image\":{\"@id\":\"https:\\\/\\\/fruitadona.com\\\/?page_id=419#primaryimage\"},\"thumbnailUrl\":\"https:\\\/\\\/fruitadona.com\\\/wp-content\\\/uploads\\\/2021\\\/08\\\/fruita_rubi2-fachada-1024x578.jpg\",\"datePublished\":\"2021-06-10T07:42:07+00:00\",\"dateModified\":\"2023-06-21T06:48:48+00:00\",\"description\":\"Maximi Fornes, 58 (Rub\u00ed). Productes de primera qualitat arribats directament dels nostres camps. Soliterra Rub\u00ed 2 al teu costat!\",\"breadcrumb\":{\"@id\":\"https:\\\/\\\/fruitadona.com\\\/?page_id=419#breadcrumb\"},\"inLanguage\":\"ca\",\"potentialAction\":[{\"@type\":\"ReadAction\",\"target\":[\"https:\\\/\\\/fruitadona.com\\\/?page_id=419\"]}]},{\"@type\":\"ImageObject\",\"inLanguage\":\"ca\",\"@id\":\"https:\\\/\\\/fruitadona.com\\\/?page_id=419#primaryimage\",\"url\":\"https:\\\/\\\/fruitadona.com\\\/wp-content\\\/uploads\\\/2021\\\/08\\\/fruita_rubi2-fachada.jpg\",\"contentUrl\":\"https:\\\/\\\/fruitadona.com\\\/wp-content\\\/uploads\\\/2021\\\/08\\\/fruita_rubi2-fachada.jpg\",\"width\":1300,\"height\":734},{\"@type\":\"BreadcrumbList\",\"@id\":\"https:\\\/\\\/fruitadona.com\\\/?page_id=419#breadcrumb\",\"itemListElement\":[{\"@type\":\"ListItem\",\"position\":1,\"name\":\"Portada\",\"item\":\"https:\\\/\\\/fruitadona.com\\\/\"},{\"@type\":\"ListItem\",\"position\":2,\"name\":\"Soliterra Rub\u00ed 2\"}]},{\"@type\":\"WebSite\",\"@id\":\"https:\\\/\\\/fruitadona.com\\\/#website\",\"url\":\"https:\\\/\\\/fruitadona.com\\\/\",\"name\":\"Fruites i Hortalisses de proximitat\",\"description\":\"Fruitadona al teu costat!\",\"potentialAction\":[{\"@type\":\"SearchAction\",\"target\":{\"@type\":\"EntryPoint\",\"urlTemplate\":\"https:\\\/\\\/fruitadona.com\\\/?s={search_term_string}\"},\"query-input\":{\"@type\":\"PropertyValueSpecification\",\"valueRequired\":true,\"valueName\":\"search_term_string\"}}],\"inLanguage\":\"ca\"}]}<\/script>\n<!-- \/ Yoast SEO plugin. -->","yoast_head_json":{"title":"Soliterra Rub\u00ed 2 - Fruites, Verdures, Hortalisses i molt m\u00e9s al teu costat!","description":"Maximi Fornes, 58 (Rub\u00ed). Productes de primera qualitat arribats directament dels nostres camps. Soliterra Rub\u00ed 2 al teu costat!","robots":{"index":"index","follow":"follow","max-snippet":"max-snippet:-1","max-image-preview":"max-image-preview:large","max-video-preview":"max-video-preview:-1"},"canonical":"https:\/\/fruitadona.com\/?page_id=419","og_locale":"ca_ES","og_type":"article","og_title":"Soliterra Rub\u00ed 2 - Fruites, Verdures, Hortalisses i molt m\u00e9s al teu costat!","og_description":"Maximi Fornes, 58 (Rub\u00ed). Productes de primera qualitat arribats directament dels nostres camps. Soliterra Rub\u00ed 2 al teu costat!","og_url":"https:\/\/fruitadona.com\/?page_id=419","og_site_name":"Fruites i Hortalisses de proximitat","article_modified_time":"2023-06-21T06:48:48+00:00","og_image":[{"url":"https:\/\/fruitadona.com\/wp-content\/uploads\/2021\/08\/fruita_rubi2-fachada-1024x578.jpg","type":"","width":"","height":""}],"twitter_card":"summary_large_image","twitter_misc":{"Temps estimat de lectura":"2 minuts"},"schema":{"@context":"https:\/\/schema.org","@graph":[{"@type":"WebPage","@id":"https:\/\/fruitadona.com\/?page_id=419","url":"https:\/\/fruitadona.com\/?page_id=419","name":"Soliterra Rub\u00ed 2 - Fruites, Verdures, Hortalisses i molt m\u00e9s al teu costat!","isPartOf":{"@id":"https:\/\/fruitadona.com\/#website"},"primaryImageOfPage":{"@id":"https:\/\/fruitadona.com\/?page_id=419#primaryimage"},"image":{"@id":"https:\/\/fruitadona.com\/?page_id=419#primaryimage"},"thumbnailUrl":"https:\/\/fruitadona.com\/wp-content\/uploads\/2021\/08\/fruita_rubi2-fachada-1024x578.jpg","datePublished":"2021-06-10T07:42:07+00:00","dateModified":"2023-06-21T06:48:48+00:00","description":"Maximi Fornes, 58 (Rub\u00ed). Productes de primera qualitat arribats directament dels nostres camps. Soliterra Rub\u00ed 2 al teu costat!","breadcrumb":{"@id":"https:\/\/fruitadona.com\/?page_id=419#breadcrumb"},"inLanguage":"ca","potentialAction":[{"@type":"ReadAction","target":["https:\/\/fruitadona.com\/?page_id=419"]}]},{"@type":"ImageObject","inLanguage":"ca","@id":"https:\/\/fruitadona.com\/?page_id=419#primaryimage","url":"https:\/\/fruitadona.com\/wp-content\/uploads\/2021\/08\/fruita_rubi2-fachada.jpg","contentUrl":"https:\/\/fruitadona.com\/wp-content\/uploads\/2021\/08\/fruita_rubi2-fachada.jpg","width":1300,"height":734},{"@type":"BreadcrumbList","@id":"https:\/\/fruitadona.com\/?page_id=419#breadcrumb","itemListElement":[{"@type":"ListItem","position":1,"name":"Portada","item":"https:\/\/fruitadona.com\/"},{"@type":"ListItem","position":2,"name":"Soliterra Rub\u00ed 2"}]},{"@type":"WebSite","@id":"https:\/\/fruitadona.com\/#website","url":"https:\/\/fruitadona.com\/","name":"Fruites i Hortalisses de proximitat","description":"Fruitadona al teu costat!","potentialAction":[{"@type":"SearchAction","target":{"@type":"EntryPoint","urlTemplate":"https:\/\/fruitadona.com\/?s={search_term_string}"},"query-input":{"@type":"PropertyValueSpecification","valueRequired":true,"valueName":"search_term_string"}}],"inLanguage":"ca"}]}},"_links":{"self":[{"href":"https:\/\/fruitadona.com\/index.php?rest_route=\/wp\/v2\/pages\/419","targetHints":{"allow":["GET"]}}],"collection":[{"href":"https:\/\/fruitadona.com\/index.php?rest_route=\/wp\/v2\/pages"}],"about":[{"href":"https:\/\/fruitadona.com\/index.php?rest_route=\/wp\/v2\/types\/page"}],"author":[{"embeddable":true,"href":"https:\/\/fruitadona.com\/index.php?rest_route=\/wp\/v2\/users\/1"}],"replies":[{"embeddable":true,"href":"https:\/\/fruitadona.com\/index.php?rest_route=%2Fwp%2Fv2%2Fcomments&post=419"}],"version-history":[{"count":13,"href":"https:\/\/fruitadona.com\/index.php?rest_route=\/wp\/v2\/pages\/419\/revisions"}],"predecessor-version":[{"id":3900,"href":"https:\/\/fruitadona.com\/index.php?rest_route=\/wp\/v2\/pages\/419\/revisions\/3900"}],"wp:attachment":[{"href":"https:\/\/fruitadona.com\/index.php?rest_route=%2Fwp%2Fv2%2Fmedia&parent=419"}],"curies":[{"name":"wp","href":"https:\/\/api.w.org\/{rel}","templated":true}]}}