{"id":443,"date":"2021-06-10T09:26:26","date_gmt":"2021-06-10T09:26:26","guid":{"rendered":"https:\/\/fruitadona.com\/?page_id=443"},"modified":"2023-06-20T17:30:33","modified_gmt":"2023-06-20T17:30:33","slug":"fruitadona-sant-adria","status":"publish","type":"page","link":"https:\/\/fruitadona.com\/?page_id=443","title":{"rendered":"Fruitadona Sant Adri\u00e0"},"content":{"rendered":"\t\t<div data-elementor-type=\"wp-page\" data-elementor-id=\"443\" class=\"elementor elementor-443\">\n\t\t\t\t\t\t<section class=\"elementor-section elementor-top-section elementor-element elementor-element-82a8eb2 elementor-section-boxed elementor-section-height-default elementor-section-height-default\" data-id=\"82a8eb2\" data-element_type=\"section\" data-e-type=\"section\">\n\t\t\t\t\t\t<div class=\"elementor-container elementor-column-gap-default\">\n\t\t\t\t\t<div class=\"elementor-column elementor-col-100 elementor-top-column elementor-element elementor-element-a1f9ead\" data-id=\"a1f9ead\" data-element_type=\"column\" data-e-type=\"column\">\n\t\t\t<div class=\"elementor-widget-wrap elementor-element-populated\">\n\t\t\t\t\t\t<div class=\"elementor-element elementor-element-6eee50f elementor-widget elementor-widget-text-editor\" data-id=\"6eee50f\" data-element_type=\"widget\" data-e-type=\"widget\" data-widget_type=\"text-editor.default\">\n\t\t\t\t<div class=\"elementor-widget-container\">\n\t\t\t\t\t\t\t\t\t<p><span style=\"caret-color: #000000; color: #000000;\"><strong>Fruitadona Sant Adri\u00e0 del Bes\u00f3s\u00a0<\/strong>\u00e9s una botiga de proximitat on trobar\u00e0s productes de primera qualitat arribats directament dels nostres camps de cultiu distribu\u00efts per la geografia peninsular.<\/span><\/p>\n<p><span style=\"color: #000000;\">Productes de temporada com a taronges, pomes, peres, carxofes, cols, pebrots, etc\u2026 a preus a l&#8217;abast dels clients m\u00e9s exigents que busquen la millor relaci\u00f3 preu\/qualitat. I si vols descomptes directes a la teva compra, fes-te amb la targeta Fidelitzaci\u00f3 Client Satisfet a qualsevol de les<\/span>\u00a0<a href=\"https:\/\/fruitadona.com\/botigues\/\">nostres botigues<\/a>.<\/p>\n<p style=\"caret-color: #000000; color: #000000;\">Vine a fer la teva compra di\u00e0ria a la <a href=\"https:\/\/goo.gl\/maps\/mMikxh85q8Q32mTx9\">Avinguda Catalunya, 102<\/a> de Sant Adri\u00e0 del Bes\u00f3s o truca al 657 995 467 i fes la comanda per recollirla quan vulguis.\u00a0Tamb\u00e9 pots fer la compra en l\u00ednia a trav\u00e9s de l&#8217;APP <strong>Glovo<\/strong> per a rebre-la a casa.<\/p>\n<p><span style=\"color: #000000;\">Aposta per una dieta saludable per tu i els teus.\u00a0<strong>Fruitadona Sant Adri\u00e0 al teu costat<\/strong>!<\/span><\/p>\t\t\t\t\t\t\t\t<\/div>\n\t\t\t\t<\/div>\n\t\t\t\t\t<\/div>\n\t\t<\/div>\n\t\t\t\t\t<\/div>\n\t\t<\/section>\n\t\t\t\t<section class=\"elementor-section elementor-top-section elementor-element elementor-element-6a2318d elementor-section-boxed elementor-section-height-default elementor-section-height-default\" data-id=\"6a2318d\" data-element_type=\"section\" data-e-type=\"section\">\n\t\t\t\t\t\t<div class=\"elementor-container elementor-column-gap-default\">\n\t\t\t\t\t<div class=\"elementor-column elementor-col-50 elementor-top-column elementor-element elementor-element-932dd15\" data-id=\"932dd15\" data-element_type=\"column\" data-e-type=\"column\">\n\t\t\t<div class=\"elementor-widget-wrap elementor-element-populated\">\n\t\t\t\t\t\t<div class=\"elementor-element elementor-element-47c2b1c elementor-widget elementor-widget-image\" data-id=\"47c2b1c\" data-element_type=\"widget\" data-e-type=\"widget\" data-widget_type=\"image.default\">\n\t\t\t\t<div class=\"elementor-widget-container\">\n\t\t\t\t\t\t\t\t\t\t\t\t\t\t\t<img fetchpriority=\"high\" decoding=\"async\" width=\"751\" height=\"424\" src=\"https:\/\/fruitadona.com\/wp-content\/uploads\/2022\/09\/fachada_santadria2022-1024x578.jpg\" class=\"attachment-large size-large wp-image-689\" alt=\"\" srcset=\"https:\/\/fruitadona.com\/wp-content\/uploads\/2022\/09\/fachada_santadria2022-1024x578.jpg 1024w, https:\/\/fruitadona.com\/wp-content\/uploads\/2022\/09\/fachada_santadria2022-300x169.jpg 300w, https:\/\/fruitadona.com\/wp-content\/uploads\/2022\/09\/fachada_santadria2022-768x434.jpg 768w, https:\/\/fruitadona.com\/wp-content\/uploads\/2022\/09\/fachada_santadria2022.jpg 1300w\" sizes=\"(max-width: 751px) 100vw, 751px\" \/>\t\t\t\t\t\t\t\t\t\t\t\t\t\t\t<\/div>\n\t\t\t\t<\/div>\n\t\t\t\t\t<\/div>\n\t\t<\/div>\n\t\t\t\t<div class=\"elementor-column elementor-col-50 elementor-top-column elementor-element elementor-element-ce7fe4b\" data-id=\"ce7fe4b\" data-element_type=\"column\" data-e-type=\"column\">\n\t\t\t<div class=\"elementor-widget-wrap elementor-element-populated\">\n\t\t\t\t\t\t<div class=\"elementor-element elementor-element-3b0a5ee elementor-widget elementor-widget-image\" data-id=\"3b0a5ee\" data-element_type=\"widget\" data-e-type=\"widget\" data-widget_type=\"image.default\">\n\t\t\t\t<div class=\"elementor-widget-container\">\n\t\t\t\t\t\t\t\t\t\t\t\t\t\t\t<img decoding=\"async\" width=\"751\" height=\"424\" src=\"https:\/\/fruitadona.com\/wp-content\/uploads\/2022\/09\/interior2_santadria2022-1024x578.jpg\" class=\"attachment-large size-large wp-image-690\" alt=\"\" srcset=\"https:\/\/fruitadona.com\/wp-content\/uploads\/2022\/09\/interior2_santadria2022-1024x578.jpg 1024w, https:\/\/fruitadona.com\/wp-content\/uploads\/2022\/09\/interior2_santadria2022-300x169.jpg 300w, https:\/\/fruitadona.com\/wp-content\/uploads\/2022\/09\/interior2_santadria2022-768x434.jpg 768w, https:\/\/fruitadona.com\/wp-content\/uploads\/2022\/09\/interior2_santadria2022.jpg 1300w\" sizes=\"(max-width: 751px) 100vw, 751px\" \/>\t\t\t\t\t\t\t\t\t\t\t\t\t\t\t<\/div>\n\t\t\t\t<\/div>\n\t\t\t\t\t<\/div>\n\t\t<\/div>\n\t\t\t\t\t<\/div>\n\t\t<\/section>\n\t\t\t\t<section class=\"elementor-section elementor-top-section elementor-element elementor-element-cefc7fd elementor-section-boxed elementor-section-height-default elementor-section-height-default\" data-id=\"cefc7fd\" data-element_type=\"section\" data-e-type=\"section\">\n\t\t\t\t\t\t<div class=\"elementor-container elementor-column-gap-default\">\n\t\t\t\t\t<div class=\"elementor-column elementor-col-50 elementor-top-column elementor-element elementor-element-3c0c32b\" data-id=\"3c0c32b\" data-element_type=\"column\" data-e-type=\"column\">\n\t\t\t<div class=\"elementor-widget-wrap elementor-element-populated\">\n\t\t\t\t\t\t<div class=\"elementor-element elementor-element-b47b20c elementor-widget elementor-widget-image\" data-id=\"b47b20c\" data-element_type=\"widget\" data-e-type=\"widget\" data-widget_type=\"image.default\">\n\t\t\t\t<div class=\"elementor-widget-container\">\n\t\t\t\t\t\t\t\t\t\t\t\t\t\t\t<img decoding=\"async\" width=\"751\" height=\"424\" src=\"https:\/\/fruitadona.com\/wp-content\/uploads\/2022\/09\/interior1_santadria2022-1024x578.jpg\" class=\"attachment-large size-large wp-image-692\" alt=\"\" srcset=\"https:\/\/fruitadona.com\/wp-content\/uploads\/2022\/09\/interior1_santadria2022-1024x578.jpg 1024w, https:\/\/fruitadona.com\/wp-content\/uploads\/2022\/09\/interior1_santadria2022-300x169.jpg 300w, https:\/\/fruitadona.com\/wp-content\/uploads\/2022\/09\/interior1_santadria2022-768x434.jpg 768w, https:\/\/fruitadona.com\/wp-content\/uploads\/2022\/09\/interior1_santadria2022.jpg 1300w\" sizes=\"(max-width: 751px) 100vw, 751px\" \/>\t\t\t\t\t\t\t\t\t\t\t\t\t\t\t<\/div>\n\t\t\t\t<\/div>\n\t\t\t\t\t<\/div>\n\t\t<\/div>\n\t\t\t\t<div class=\"elementor-column elementor-col-50 elementor-top-column elementor-element elementor-element-9d106e3\" data-id=\"9d106e3\" data-element_type=\"column\" data-e-type=\"column\">\n\t\t\t<div class=\"elementor-widget-wrap elementor-element-populated\">\n\t\t\t\t\t\t<div class=\"elementor-element elementor-element-2f0e76f elementor-widget elementor-widget-image\" data-id=\"2f0e76f\" data-element_type=\"widget\" data-e-type=\"widget\" data-widget_type=\"image.default\">\n\t\t\t\t<div class=\"elementor-widget-container\">\n\t\t\t\t\t\t\t\t\t\t\t\t\t\t\t<img loading=\"lazy\" decoding=\"async\" width=\"751\" height=\"424\" src=\"https:\/\/fruitadona.com\/wp-content\/uploads\/2022\/09\/nevera_santadria2022-1024x578.jpg\" class=\"attachment-large size-large wp-image-693\" alt=\"\" srcset=\"https:\/\/fruitadona.com\/wp-content\/uploads\/2022\/09\/nevera_santadria2022-1024x578.jpg 1024w, https:\/\/fruitadona.com\/wp-content\/uploads\/2022\/09\/nevera_santadria2022-300x169.jpg 300w, https:\/\/fruitadona.com\/wp-content\/uploads\/2022\/09\/nevera_santadria2022-768x434.jpg 768w, https:\/\/fruitadona.com\/wp-content\/uploads\/2022\/09\/nevera_santadria2022.jpg 1300w\" sizes=\"(max-width: 751px) 100vw, 751px\" \/>\t\t\t\t\t\t\t\t\t\t\t\t\t\t\t<\/div>\n\t\t\t\t<\/div>\n\t\t\t\t\t<\/div>\n\t\t<\/div>\n\t\t\t\t\t<\/div>\n\t\t<\/section>\n\t\t\t\t<\/div>\n\t\t","protected":false},"excerpt":{"rendered":"<p>Fruitadona Sant Adri\u00e0 del Bes\u00f3s\u00a0\u00e9s una botiga de proximitat on trobar\u00e0s productes de primera qualitat arribats directament dels nostres camps de cultiu distribu\u00efts per la geografia peninsular. Productes de temporada com a taronges, pomes, peres, carxofes, cols, pebrots, etc\u2026 a preus a l&#8217;abast dels clients m\u00e9s exigents que busquen la millor relaci\u00f3 preu\/qualitat. I si&#8230;<\/p>\n","protected":false},"author":1,"featured_media":0,"parent":0,"menu_order":0,"comment_status":"closed","ping_status":"closed","template":"","meta":{"_monsterinsights_skip_tracking":false,"_monsterinsights_sitenote_active":false,"_monsterinsights_sitenote_note":"","_monsterinsights_sitenote_category":0,"footnotes":""},"class_list":["post-443","page","type-page","status-publish","hentry"],"yoast_head":"<!-- This site is optimized with the Yoast SEO plugin v27.4 - https:\/\/yoast.com\/product\/yoast-seo-wordpress\/ -->\n<title>Fruitadona Sant Adri\u00e0 - Fruites, Verdures, Hortalisses i molt m\u00e9s...<\/title>\n<meta name=\"description\" content=\"Avinguda Catalunya, 102 (St. Adri\u00e0). Productes de primera qualitat arribats directament dels nostres camps. Fruitadona Sant Adri\u00e0 al teu costat!\" \/>\n<meta name=\"robots\" content=\"index, follow, max-snippet:-1, max-image-preview:large, max-video-preview:-1\" \/>\n<link rel=\"canonical\" href=\"https:\/\/fruitadona.com\/?page_id=443&lang=es\" \/>\n<meta property=\"og:locale\" content=\"ca_ES\" \/>\n<meta property=\"og:type\" content=\"article\" \/>\n<meta property=\"og:title\" content=\"Fruitadona Sant Adri\u00e0 - Fruites, Verdures, Hortalisses i molt m\u00e9s...\" \/>\n<meta property=\"og:description\" content=\"Avinguda Catalunya, 102 (St. Adri\u00e0). Productes de primera qualitat arribats directament dels nostres camps. Fruitadona Sant Adri\u00e0 al teu costat!\" \/>\n<meta property=\"og:url\" content=\"https:\/\/fruitadona.com\/?page_id=443&amp;lang=es\" \/>\n<meta property=\"og:site_name\" content=\"Fruites i Hortalisses de proximitat\" \/>\n<meta property=\"article:modified_time\" content=\"2023-06-20T17:30:33+00:00\" \/>\n<meta property=\"og:image\" content=\"https:\/\/fruitadona.com\/wp-content\/uploads\/2022\/09\/fachada_santadria2022-1024x578.jpg\" \/>\n<meta name=\"twitter:card\" content=\"summary_large_image\" \/>\n<meta name=\"twitter:label1\" content=\"Temps estimat de lectura\" \/>\n\t<meta name=\"twitter:data1\" content=\"2 minuts\" \/>\n<script type=\"application\/ld+json\" class=\"yoast-schema-graph\">{\"@context\":\"https:\\\/\\\/schema.org\",\"@graph\":[{\"@type\":\"WebPage\",\"@id\":\"https:\\\/\\\/fruitadona.com\\\/?page_id=443&lang=es\",\"url\":\"https:\\\/\\\/fruitadona.com\\\/?page_id=443&lang=es\",\"name\":\"Fruitadona Sant Adri\u00e0 - Fruites, Verdures, Hortalisses i molt m\u00e9s...\",\"isPartOf\":{\"@id\":\"https:\\\/\\\/fruitadona.com\\\/#website\"},\"primaryImageOfPage\":{\"@id\":\"https:\\\/\\\/fruitadona.com\\\/?page_id=443&lang=es#primaryimage\"},\"image\":{\"@id\":\"https:\\\/\\\/fruitadona.com\\\/?page_id=443&lang=es#primaryimage\"},\"thumbnailUrl\":\"https:\\\/\\\/fruitadona.com\\\/wp-content\\\/uploads\\\/2022\\\/09\\\/fachada_santadria2022-1024x578.jpg\",\"datePublished\":\"2021-06-10T09:26:26+00:00\",\"dateModified\":\"2023-06-20T17:30:33+00:00\",\"description\":\"Avinguda Catalunya, 102 (St. Adri\u00e0). Productes de primera qualitat arribats directament dels nostres camps. Fruitadona Sant Adri\u00e0 al teu costat!\",\"breadcrumb\":{\"@id\":\"https:\\\/\\\/fruitadona.com\\\/?page_id=443&lang=es#breadcrumb\"},\"inLanguage\":\"ca\",\"potentialAction\":[{\"@type\":\"ReadAction\",\"target\":[\"https:\\\/\\\/fruitadona.com\\\/?page_id=443&lang=es\"]}]},{\"@type\":\"ImageObject\",\"inLanguage\":\"ca\",\"@id\":\"https:\\\/\\\/fruitadona.com\\\/?page_id=443&lang=es#primaryimage\",\"url\":\"https:\\\/\\\/fruitadona.com\\\/wp-content\\\/uploads\\\/2022\\\/09\\\/fachada_santadria2022.jpg\",\"contentUrl\":\"https:\\\/\\\/fruitadona.com\\\/wp-content\\\/uploads\\\/2022\\\/09\\\/fachada_santadria2022.jpg\",\"width\":1300,\"height\":734},{\"@type\":\"BreadcrumbList\",\"@id\":\"https:\\\/\\\/fruitadona.com\\\/?page_id=443&lang=es#breadcrumb\",\"itemListElement\":[{\"@type\":\"ListItem\",\"position\":1,\"name\":\"Portada\",\"item\":\"https:\\\/\\\/fruitadona.com\\\/\"},{\"@type\":\"ListItem\",\"position\":2,\"name\":\"Fruitadona Sant Adri\u00e0\"}]},{\"@type\":\"WebSite\",\"@id\":\"https:\\\/\\\/fruitadona.com\\\/#website\",\"url\":\"https:\\\/\\\/fruitadona.com\\\/\",\"name\":\"Fruites i Hortalisses de proximitat\",\"description\":\"Fruitadona al teu costat!\",\"potentialAction\":[{\"@type\":\"SearchAction\",\"target\":{\"@type\":\"EntryPoint\",\"urlTemplate\":\"https:\\\/\\\/fruitadona.com\\\/?s={search_term_string}\"},\"query-input\":{\"@type\":\"PropertyValueSpecification\",\"valueRequired\":true,\"valueName\":\"search_term_string\"}}],\"inLanguage\":\"ca\"}]}<\/script>\n<!-- \/ Yoast SEO plugin. -->","yoast_head_json":{"title":"Fruitadona Sant Adri\u00e0 - Fruites, Verdures, Hortalisses i molt m\u00e9s...","description":"Avinguda Catalunya, 102 (St. Adri\u00e0). Productes de primera qualitat arribats directament dels nostres camps. Fruitadona Sant Adri\u00e0 al teu costat!","robots":{"index":"index","follow":"follow","max-snippet":"max-snippet:-1","max-image-preview":"max-image-preview:large","max-video-preview":"max-video-preview:-1"},"canonical":"https:\/\/fruitadona.com\/?page_id=443&lang=es","og_locale":"ca_ES","og_type":"article","og_title":"Fruitadona Sant Adri\u00e0 - Fruites, Verdures, Hortalisses i molt m\u00e9s...","og_description":"Avinguda Catalunya, 102 (St. Adri\u00e0). Productes de primera qualitat arribats directament dels nostres camps. Fruitadona Sant Adri\u00e0 al teu costat!","og_url":"https:\/\/fruitadona.com\/?page_id=443&lang=es","og_site_name":"Fruites i Hortalisses de proximitat","article_modified_time":"2023-06-20T17:30:33+00:00","og_image":[{"url":"https:\/\/fruitadona.com\/wp-content\/uploads\/2022\/09\/fachada_santadria2022-1024x578.jpg","type":"","width":"","height":""}],"twitter_card":"summary_large_image","twitter_misc":{"Temps estimat de lectura":"2 minuts"},"schema":{"@context":"https:\/\/schema.org","@graph":[{"@type":"WebPage","@id":"https:\/\/fruitadona.com\/?page_id=443&lang=es","url":"https:\/\/fruitadona.com\/?page_id=443&lang=es","name":"Fruitadona Sant Adri\u00e0 - Fruites, Verdures, Hortalisses i molt m\u00e9s...","isPartOf":{"@id":"https:\/\/fruitadona.com\/#website"},"primaryImageOfPage":{"@id":"https:\/\/fruitadona.com\/?page_id=443&lang=es#primaryimage"},"image":{"@id":"https:\/\/fruitadona.com\/?page_id=443&lang=es#primaryimage"},"thumbnailUrl":"https:\/\/fruitadona.com\/wp-content\/uploads\/2022\/09\/fachada_santadria2022-1024x578.jpg","datePublished":"2021-06-10T09:26:26+00:00","dateModified":"2023-06-20T17:30:33+00:00","description":"Avinguda Catalunya, 102 (St. Adri\u00e0). Productes de primera qualitat arribats directament dels nostres camps. Fruitadona Sant Adri\u00e0 al teu costat!","breadcrumb":{"@id":"https:\/\/fruitadona.com\/?page_id=443&lang=es#breadcrumb"},"inLanguage":"ca","potentialAction":[{"@type":"ReadAction","target":["https:\/\/fruitadona.com\/?page_id=443&lang=es"]}]},{"@type":"ImageObject","inLanguage":"ca","@id":"https:\/\/fruitadona.com\/?page_id=443&lang=es#primaryimage","url":"https:\/\/fruitadona.com\/wp-content\/uploads\/2022\/09\/fachada_santadria2022.jpg","contentUrl":"https:\/\/fruitadona.com\/wp-content\/uploads\/2022\/09\/fachada_santadria2022.jpg","width":1300,"height":734},{"@type":"BreadcrumbList","@id":"https:\/\/fruitadona.com\/?page_id=443&lang=es#breadcrumb","itemListElement":[{"@type":"ListItem","position":1,"name":"Portada","item":"https:\/\/fruitadona.com\/"},{"@type":"ListItem","position":2,"name":"Fruitadona Sant Adri\u00e0"}]},{"@type":"WebSite","@id":"https:\/\/fruitadona.com\/#website","url":"https:\/\/fruitadona.com\/","name":"Fruites i Hortalisses de proximitat","description":"Fruitadona al teu costat!","potentialAction":[{"@type":"SearchAction","target":{"@type":"EntryPoint","urlTemplate":"https:\/\/fruitadona.com\/?s={search_term_string}"},"query-input":{"@type":"PropertyValueSpecification","valueRequired":true,"valueName":"search_term_string"}}],"inLanguage":"ca"}]}},"_links":{"self":[{"href":"https:\/\/fruitadona.com\/index.php?rest_route=\/wp\/v2\/pages\/443","targetHints":{"allow":["GET"]}}],"collection":[{"href":"https:\/\/fruitadona.com\/index.php?rest_route=\/wp\/v2\/pages"}],"about":[{"href":"https:\/\/fruitadona.com\/index.php?rest_route=\/wp\/v2\/types\/page"}],"author":[{"embeddable":true,"href":"https:\/\/fruitadona.com\/index.php?rest_route=\/wp\/v2\/users\/1"}],"replies":[{"embeddable":true,"href":"https:\/\/fruitadona.com\/index.php?rest_route=%2Fwp%2Fv2%2Fcomments&post=443"}],"version-history":[{"count":9,"href":"https:\/\/fruitadona.com\/index.php?rest_route=\/wp\/v2\/pages\/443\/revisions"}],"predecessor-version":[{"id":3857,"href":"https:\/\/fruitadona.com\/index.php?rest_route=\/wp\/v2\/pages\/443\/revisions\/3857"}],"wp:attachment":[{"href":"https:\/\/fruitadona.com\/index.php?rest_route=%2Fwp%2Fv2%2Fmedia&parent=443"}],"curies":[{"name":"wp","href":"https:\/\/api.w.org\/{rel}","templated":true}]}}