{"id":458,"date":"2021-06-10T09:58:39","date_gmt":"2021-06-10T09:58:39","guid":{"rendered":"https:\/\/fruitadona.com\/?page_id=458"},"modified":"2023-06-20T17:51:44","modified_gmt":"2023-06-20T17:51:44","slug":"fruitadona-virrei","status":"publish","type":"page","link":"https:\/\/fruitadona.com\/?page_id=458","title":{"rendered":"Fruitadona Virrei"},"content":{"rendered":"\t\t<div data-elementor-type=\"wp-page\" data-elementor-id=\"458\" class=\"elementor elementor-458\">\n\t\t\t\t\t\t<section class=\"elementor-section elementor-top-section elementor-element elementor-element-c011099 elementor-section-boxed elementor-section-height-default elementor-section-height-default\" data-id=\"c011099\" data-element_type=\"section\" data-e-type=\"section\">\n\t\t\t\t\t\t<div class=\"elementor-container elementor-column-gap-default\">\n\t\t\t\t\t<div class=\"elementor-column elementor-col-100 elementor-top-column elementor-element elementor-element-710b85e\" data-id=\"710b85e\" data-element_type=\"column\" data-e-type=\"column\">\n\t\t\t<div class=\"elementor-widget-wrap elementor-element-populated\">\n\t\t\t\t\t\t<div class=\"elementor-element elementor-element-376f087 elementor-widget elementor-widget-text-editor\" data-id=\"376f087\" data-element_type=\"widget\" data-e-type=\"widget\" data-widget_type=\"text-editor.default\">\n\t\t\t\t<div class=\"elementor-widget-container\">\n\t\t\t\t\t\t\t\t\t<p><span style=\"caret-color: #000000; color: #000000;\"><strong>Fruitadona Virrei (Barcelona)\u00a0<\/strong>\u00e9s una botiga de proximitat on trobar\u00e0s productes de primera qualitat arribats directament dels nostres camps de cultiu distribu\u00efts per la geografia peninsular.<\/span><\/p>\n<p><span style=\"color: #000000;\">Productes de temporada com a taronges, pomes, peres, carxofes, cols, pebrots, etc\u2026 a preus a l&#8217;abast dels clients m\u00e9s exigents que busquen la millor relaci\u00f3 preu\/qualitat. I si vols descomptes directes a la teva compra, fes-te amb la targeta Fidelitzaci\u00f3 Client Satisfet a qualsevol de les<\/span>\u00a0<a href=\"https:\/\/fruitadona.com\/botigues\/\">nostres botigues<\/a>.<\/p>\n<p style=\"caret-color: #000000; color: #000000;\">Vine a fer la teva compra di\u00e0ria al carrer\u00a0<a href=\"https:\/\/www.google.es\/maps\/place\/Carrer+de+Sant+Iscle,+16,+08031+Barcelona\/@41.4313155,2.1715183,17z\/data=!3m1!4b1!4m5!3m4!1s0x12a4bd3aa45f54ff:0x2b41c2fe8c70ab26!8m2!3d41.4313115!4d2.1737123?hl=es\">Sant Iscle, 16<\/a> (Barcelona) o truca al 657 995 432 i fes la comanda per recollirla quan vulguis.\u00a0Tamb\u00e9 pots fer la compra en l\u00ednia a trav\u00e9s de l&#8217;APP <strong>Glovo<\/strong> per a rebre-la a casa.<\/p>\n<p><span style=\"color: #000000;\">Aposta per una dieta saludable per tu i els teus.\u00a0<strong>Fruitadona Virrei al teu costat<\/strong>!<\/span><\/p>\t\t\t\t\t\t\t\t<\/div>\n\t\t\t\t<\/div>\n\t\t\t\t\t<\/div>\n\t\t<\/div>\n\t\t\t\t\t<\/div>\n\t\t<\/section>\n\t\t\t\t<section class=\"elementor-section elementor-top-section elementor-element elementor-element-0d02da6 elementor-section-boxed elementor-section-height-default elementor-section-height-default\" data-id=\"0d02da6\" data-element_type=\"section\" data-e-type=\"section\">\n\t\t\t\t\t\t<div class=\"elementor-container elementor-column-gap-default\">\n\t\t\t\t\t<div class=\"elementor-column elementor-col-50 elementor-top-column elementor-element elementor-element-00ff6e1\" data-id=\"00ff6e1\" data-element_type=\"column\" data-e-type=\"column\">\n\t\t\t<div class=\"elementor-widget-wrap elementor-element-populated\">\n\t\t\t\t\t\t<div class=\"elementor-element elementor-element-06bb003 elementor-widget elementor-widget-image\" data-id=\"06bb003\" data-element_type=\"widget\" data-e-type=\"widget\" data-widget_type=\"image.default\">\n\t\t\t\t<div class=\"elementor-widget-container\">\n\t\t\t\t\t\t\t\t\t\t\t\t\t\t\t<img fetchpriority=\"high\" decoding=\"async\" width=\"751\" height=\"424\" src=\"https:\/\/fruitadona.com\/wp-content\/uploads\/2021\/08\/fruita-virrei-tirenda.jpg\" class=\"attachment-large size-large wp-image-606\" alt=\"\" srcset=\"https:\/\/fruitadona.com\/wp-content\/uploads\/2021\/08\/fruita-virrei-tirenda.jpg 850w, https:\/\/fruitadona.com\/wp-content\/uploads\/2021\/08\/fruita-virrei-tirenda-300x169.jpg 300w, https:\/\/fruitadona.com\/wp-content\/uploads\/2021\/08\/fruita-virrei-tirenda-768x434.jpg 768w, https:\/\/fruitadona.com\/wp-content\/uploads\/2021\/08\/fruita-virrei-tirenda-600x339.jpg 600w\" sizes=\"(max-width: 751px) 100vw, 751px\" \/>\t\t\t\t\t\t\t\t\t\t\t\t\t\t\t<\/div>\n\t\t\t\t<\/div>\n\t\t\t\t\t<\/div>\n\t\t<\/div>\n\t\t\t\t<div class=\"elementor-column elementor-col-50 elementor-top-column elementor-element elementor-element-5091e54\" data-id=\"5091e54\" data-element_type=\"column\" data-e-type=\"column\">\n\t\t\t<div class=\"elementor-widget-wrap elementor-element-populated\">\n\t\t\t\t\t\t<div class=\"elementor-element elementor-element-0132e29 elementor-widget elementor-widget-image\" data-id=\"0132e29\" data-element_type=\"widget\" data-e-type=\"widget\" data-widget_type=\"image.default\">\n\t\t\t\t<div class=\"elementor-widget-container\">\n\t\t\t\t\t\t\t\t\t\t\t\t\t\t\t<img decoding=\"async\" width=\"751\" height=\"424\" src=\"https:\/\/fruitadona.com\/wp-content\/uploads\/2021\/08\/fruita_virrei-fachada-1024x578.jpg\" class=\"attachment-large size-large wp-image-570\" alt=\"\" srcset=\"https:\/\/fruitadona.com\/wp-content\/uploads\/2021\/08\/fruita_virrei-fachada-1024x578.jpg 1024w, https:\/\/fruitadona.com\/wp-content\/uploads\/2021\/08\/fruita_virrei-fachada-300x169.jpg 300w, https:\/\/fruitadona.com\/wp-content\/uploads\/2021\/08\/fruita_virrei-fachada-768x434.jpg 768w, https:\/\/fruitadona.com\/wp-content\/uploads\/2021\/08\/fruita_virrei-fachada-600x339.jpg 600w, https:\/\/fruitadona.com\/wp-content\/uploads\/2021\/08\/fruita_virrei-fachada.jpg 1300w\" sizes=\"(max-width: 751px) 100vw, 751px\" \/>\t\t\t\t\t\t\t\t\t\t\t\t\t\t\t<\/div>\n\t\t\t\t<\/div>\n\t\t\t\t\t<\/div>\n\t\t<\/div>\n\t\t\t\t\t<\/div>\n\t\t<\/section>\n\t\t\t\t<section class=\"elementor-section elementor-top-section elementor-element elementor-element-c43e798 elementor-section-boxed elementor-section-height-default elementor-section-height-default\" data-id=\"c43e798\" data-element_type=\"section\" data-e-type=\"section\">\n\t\t\t\t\t\t<div class=\"elementor-container elementor-column-gap-default\">\n\t\t\t\t\t<div class=\"elementor-column elementor-col-50 elementor-top-column elementor-element elementor-element-3de993e\" data-id=\"3de993e\" data-element_type=\"column\" data-e-type=\"column\">\n\t\t\t<div class=\"elementor-widget-wrap elementor-element-populated\">\n\t\t\t\t\t\t<div class=\"elementor-element elementor-element-dbd3397 elementor-widget elementor-widget-image\" data-id=\"dbd3397\" data-element_type=\"widget\" data-e-type=\"widget\" data-widget_type=\"image.default\">\n\t\t\t\t<div class=\"elementor-widget-container\">\n\t\t\t\t\t\t\t\t\t\t\t\t\t\t\t<img decoding=\"async\" width=\"751\" height=\"424\" src=\"https:\/\/fruitadona.com\/wp-content\/uploads\/2021\/08\/fruita_virrei-verduras.jpg\" class=\"attachment-large size-large wp-image-605\" alt=\"\" srcset=\"https:\/\/fruitadona.com\/wp-content\/uploads\/2021\/08\/fruita_virrei-verduras.jpg 850w, https:\/\/fruitadona.com\/wp-content\/uploads\/2021\/08\/fruita_virrei-verduras-300x169.jpg 300w, https:\/\/fruitadona.com\/wp-content\/uploads\/2021\/08\/fruita_virrei-verduras-768x434.jpg 768w, https:\/\/fruitadona.com\/wp-content\/uploads\/2021\/08\/fruita_virrei-verduras-600x339.jpg 600w\" sizes=\"(max-width: 751px) 100vw, 751px\" \/>\t\t\t\t\t\t\t\t\t\t\t\t\t\t\t<\/div>\n\t\t\t\t<\/div>\n\t\t\t\t\t<\/div>\n\t\t<\/div>\n\t\t\t\t<div class=\"elementor-column elementor-col-50 elementor-top-column elementor-element elementor-element-3b6fc12\" data-id=\"3b6fc12\" data-element_type=\"column\" data-e-type=\"column\">\n\t\t\t<div class=\"elementor-widget-wrap elementor-element-populated\">\n\t\t\t\t\t\t<div class=\"elementor-element elementor-element-a9a26d0 elementor-widget elementor-widget-image\" data-id=\"a9a26d0\" data-element_type=\"widget\" data-e-type=\"widget\" data-widget_type=\"image.default\">\n\t\t\t\t<div class=\"elementor-widget-container\">\n\t\t\t\t\t\t\t\t\t\t\t\t\t\t\t<img loading=\"lazy\" decoding=\"async\" width=\"751\" height=\"424\" src=\"https:\/\/fruitadona.com\/wp-content\/uploads\/2021\/08\/fruita_virrei-fruta.jpg\" class=\"attachment-large size-large wp-image-571\" alt=\"\" srcset=\"https:\/\/fruitadona.com\/wp-content\/uploads\/2021\/08\/fruita_virrei-fruta.jpg 850w, https:\/\/fruitadona.com\/wp-content\/uploads\/2021\/08\/fruita_virrei-fruta-300x169.jpg 300w, https:\/\/fruitadona.com\/wp-content\/uploads\/2021\/08\/fruita_virrei-fruta-768x434.jpg 768w, https:\/\/fruitadona.com\/wp-content\/uploads\/2021\/08\/fruita_virrei-fruta-600x339.jpg 600w\" sizes=\"(max-width: 751px) 100vw, 751px\" \/>\t\t\t\t\t\t\t\t\t\t\t\t\t\t\t<\/div>\n\t\t\t\t<\/div>\n\t\t\t\t\t<\/div>\n\t\t<\/div>\n\t\t\t\t\t<\/div>\n\t\t<\/section>\n\t\t\t\t<\/div>\n\t\t","protected":false},"excerpt":{"rendered":"<p>Fruitadona Virrei (Barcelona)\u00a0\u00e9s una botiga de proximitat on trobar\u00e0s productes de primera qualitat arribats directament dels nostres camps de cultiu distribu\u00efts per la geografia peninsular. Productes de temporada com a taronges, pomes, peres, carxofes, cols, pebrots, etc\u2026 a preus a l&#8217;abast dels clients m\u00e9s exigents que busquen la millor relaci\u00f3 preu\/qualitat. I si vols descomptes&#8230;<\/p>\n","protected":false},"author":1,"featured_media":0,"parent":0,"menu_order":0,"comment_status":"closed","ping_status":"closed","template":"","meta":{"_monsterinsights_skip_tracking":false,"_monsterinsights_sitenote_active":false,"_monsterinsights_sitenote_note":"","_monsterinsights_sitenote_category":0,"footnotes":""},"class_list":["post-458","page","type-page","status-publish","hentry"],"yoast_head":"<!-- This site is optimized with the Yoast SEO plugin v27.4 - https:\/\/yoast.com\/product\/yoast-seo-wordpress\/ -->\n<title>Fruitadona Virrei - Fruites, Verdures, Hortalisses i molt m\u00e9s al teu costat!<\/title>\n<meta name=\"description\" content=\"Carrer Sant Iscle, 16 (Barcelona). Productes de primera qualitat arribats directament dels nostres camps. Fruitadona Virrey al teu costat!\" \/>\n<meta name=\"robots\" content=\"index, follow, max-snippet:-1, max-image-preview:large, max-video-preview:-1\" \/>\n<link rel=\"canonical\" href=\"https:\/\/fruitadona.com\/?page_id=458\" \/>\n<meta property=\"og:locale\" content=\"ca_ES\" \/>\n<meta property=\"og:type\" content=\"article\" \/>\n<meta property=\"og:title\" content=\"Fruitadona Virrei - Fruites, Verdures, Hortalisses i molt m\u00e9s al teu costat!\" \/>\n<meta property=\"og:description\" content=\"Carrer Sant Iscle, 16 (Barcelona). Productes de primera qualitat arribats directament dels nostres camps. Fruitadona Virrey al teu costat!\" \/>\n<meta property=\"og:url\" content=\"https:\/\/fruitadona.com\/?page_id=458\" \/>\n<meta property=\"og:site_name\" content=\"Fruites i Hortalisses de proximitat\" \/>\n<meta property=\"article:modified_time\" content=\"2023-06-20T17:51:44+00:00\" \/>\n<meta property=\"og:image\" content=\"https:\/\/fruitadona.com\/wp-content\/uploads\/2021\/08\/fruita-virrei-tirenda.jpg\" \/>\n<meta name=\"twitter:card\" content=\"summary_large_image\" \/>\n<meta name=\"twitter:label1\" content=\"Temps estimat de lectura\" \/>\n\t<meta name=\"twitter:data1\" content=\"2 minuts\" \/>\n<script type=\"application\/ld+json\" class=\"yoast-schema-graph\">{\"@context\":\"https:\\\/\\\/schema.org\",\"@graph\":[{\"@type\":\"WebPage\",\"@id\":\"https:\\\/\\\/fruitadona.com\\\/?page_id=458\",\"url\":\"https:\\\/\\\/fruitadona.com\\\/?page_id=458\",\"name\":\"Fruitadona Virrei - Fruites, Verdures, Hortalisses i molt m\u00e9s al teu costat!\",\"isPartOf\":{\"@id\":\"https:\\\/\\\/fruitadona.com\\\/#website\"},\"primaryImageOfPage\":{\"@id\":\"https:\\\/\\\/fruitadona.com\\\/?page_id=458#primaryimage\"},\"image\":{\"@id\":\"https:\\\/\\\/fruitadona.com\\\/?page_id=458#primaryimage\"},\"thumbnailUrl\":\"https:\\\/\\\/fruitadona.com\\\/wp-content\\\/uploads\\\/2021\\\/08\\\/fruita-virrei-tirenda.jpg\",\"datePublished\":\"2021-06-10T09:58:39+00:00\",\"dateModified\":\"2023-06-20T17:51:44+00:00\",\"description\":\"Carrer Sant Iscle, 16 (Barcelona). Productes de primera qualitat arribats directament dels nostres camps. Fruitadona Virrey al teu costat!\",\"breadcrumb\":{\"@id\":\"https:\\\/\\\/fruitadona.com\\\/?page_id=458#breadcrumb\"},\"inLanguage\":\"ca\",\"potentialAction\":[{\"@type\":\"ReadAction\",\"target\":[\"https:\\\/\\\/fruitadona.com\\\/?page_id=458\"]}]},{\"@type\":\"ImageObject\",\"inLanguage\":\"ca\",\"@id\":\"https:\\\/\\\/fruitadona.com\\\/?page_id=458#primaryimage\",\"url\":\"https:\\\/\\\/fruitadona.com\\\/wp-content\\\/uploads\\\/2021\\\/08\\\/fruita-virrei-tirenda.jpg\",\"contentUrl\":\"https:\\\/\\\/fruitadona.com\\\/wp-content\\\/uploads\\\/2021\\\/08\\\/fruita-virrei-tirenda.jpg\",\"width\":850,\"height\":480},{\"@type\":\"BreadcrumbList\",\"@id\":\"https:\\\/\\\/fruitadona.com\\\/?page_id=458#breadcrumb\",\"itemListElement\":[{\"@type\":\"ListItem\",\"position\":1,\"name\":\"Portada\",\"item\":\"https:\\\/\\\/fruitadona.com\\\/\"},{\"@type\":\"ListItem\",\"position\":2,\"name\":\"Fruitadona Virrei\"}]},{\"@type\":\"WebSite\",\"@id\":\"https:\\\/\\\/fruitadona.com\\\/#website\",\"url\":\"https:\\\/\\\/fruitadona.com\\\/\",\"name\":\"Fruites i Hortalisses de proximitat\",\"description\":\"Fruitadona al teu costat!\",\"potentialAction\":[{\"@type\":\"SearchAction\",\"target\":{\"@type\":\"EntryPoint\",\"urlTemplate\":\"https:\\\/\\\/fruitadona.com\\\/?s={search_term_string}\"},\"query-input\":{\"@type\":\"PropertyValueSpecification\",\"valueRequired\":true,\"valueName\":\"search_term_string\"}}],\"inLanguage\":\"ca\"}]}<\/script>\n<!-- \/ Yoast SEO plugin. -->","yoast_head_json":{"title":"Fruitadona Virrei - Fruites, Verdures, Hortalisses i molt m\u00e9s al teu costat!","description":"Carrer Sant Iscle, 16 (Barcelona). Productes de primera qualitat arribats directament dels nostres camps. Fruitadona Virrey al teu costat!","robots":{"index":"index","follow":"follow","max-snippet":"max-snippet:-1","max-image-preview":"max-image-preview:large","max-video-preview":"max-video-preview:-1"},"canonical":"https:\/\/fruitadona.com\/?page_id=458","og_locale":"ca_ES","og_type":"article","og_title":"Fruitadona Virrei - Fruites, Verdures, Hortalisses i molt m\u00e9s al teu costat!","og_description":"Carrer Sant Iscle, 16 (Barcelona). Productes de primera qualitat arribats directament dels nostres camps. Fruitadona Virrey al teu costat!","og_url":"https:\/\/fruitadona.com\/?page_id=458","og_site_name":"Fruites i Hortalisses de proximitat","article_modified_time":"2023-06-20T17:51:44+00:00","og_image":[{"url":"https:\/\/fruitadona.com\/wp-content\/uploads\/2021\/08\/fruita-virrei-tirenda.jpg","type":"","width":"","height":""}],"twitter_card":"summary_large_image","twitter_misc":{"Temps estimat de lectura":"2 minuts"},"schema":{"@context":"https:\/\/schema.org","@graph":[{"@type":"WebPage","@id":"https:\/\/fruitadona.com\/?page_id=458","url":"https:\/\/fruitadona.com\/?page_id=458","name":"Fruitadona Virrei - Fruites, Verdures, Hortalisses i molt m\u00e9s al teu costat!","isPartOf":{"@id":"https:\/\/fruitadona.com\/#website"},"primaryImageOfPage":{"@id":"https:\/\/fruitadona.com\/?page_id=458#primaryimage"},"image":{"@id":"https:\/\/fruitadona.com\/?page_id=458#primaryimage"},"thumbnailUrl":"https:\/\/fruitadona.com\/wp-content\/uploads\/2021\/08\/fruita-virrei-tirenda.jpg","datePublished":"2021-06-10T09:58:39+00:00","dateModified":"2023-06-20T17:51:44+00:00","description":"Carrer Sant Iscle, 16 (Barcelona). Productes de primera qualitat arribats directament dels nostres camps. Fruitadona Virrey al teu costat!","breadcrumb":{"@id":"https:\/\/fruitadona.com\/?page_id=458#breadcrumb"},"inLanguage":"ca","potentialAction":[{"@type":"ReadAction","target":["https:\/\/fruitadona.com\/?page_id=458"]}]},{"@type":"ImageObject","inLanguage":"ca","@id":"https:\/\/fruitadona.com\/?page_id=458#primaryimage","url":"https:\/\/fruitadona.com\/wp-content\/uploads\/2021\/08\/fruita-virrei-tirenda.jpg","contentUrl":"https:\/\/fruitadona.com\/wp-content\/uploads\/2021\/08\/fruita-virrei-tirenda.jpg","width":850,"height":480},{"@type":"BreadcrumbList","@id":"https:\/\/fruitadona.com\/?page_id=458#breadcrumb","itemListElement":[{"@type":"ListItem","position":1,"name":"Portada","item":"https:\/\/fruitadona.com\/"},{"@type":"ListItem","position":2,"name":"Fruitadona Virrei"}]},{"@type":"WebSite","@id":"https:\/\/fruitadona.com\/#website","url":"https:\/\/fruitadona.com\/","name":"Fruites i Hortalisses de proximitat","description":"Fruitadona al teu costat!","potentialAction":[{"@type":"SearchAction","target":{"@type":"EntryPoint","urlTemplate":"https:\/\/fruitadona.com\/?s={search_term_string}"},"query-input":{"@type":"PropertyValueSpecification","valueRequired":true,"valueName":"search_term_string"}}],"inLanguage":"ca"}]}},"_links":{"self":[{"href":"https:\/\/fruitadona.com\/index.php?rest_route=\/wp\/v2\/pages\/458","targetHints":{"allow":["GET"]}}],"collection":[{"href":"https:\/\/fruitadona.com\/index.php?rest_route=\/wp\/v2\/pages"}],"about":[{"href":"https:\/\/fruitadona.com\/index.php?rest_route=\/wp\/v2\/types\/page"}],"author":[{"embeddable":true,"href":"https:\/\/fruitadona.com\/index.php?rest_route=\/wp\/v2\/users\/1"}],"replies":[{"embeddable":true,"href":"https:\/\/fruitadona.com\/index.php?rest_route=%2Fwp%2Fv2%2Fcomments&post=458"}],"version-history":[{"count":7,"href":"https:\/\/fruitadona.com\/index.php?rest_route=\/wp\/v2\/pages\/458\/revisions"}],"predecessor-version":[{"id":3867,"href":"https:\/\/fruitadona.com\/index.php?rest_route=\/wp\/v2\/pages\/458\/revisions\/3867"}],"wp:attachment":[{"href":"https:\/\/fruitadona.com\/index.php?rest_route=%2Fwp%2Fv2%2Fmedia&parent=458"}],"curies":[{"name":"wp","href":"https:\/\/api.w.org\/{rel}","templated":true}]}}