{"id":485,"date":"2021-06-11T06:24:03","date_gmt":"2021-06-11T06:24:03","guid":{"rendered":"https:\/\/fruitadona.com\/?page_id=485"},"modified":"2023-08-31T10:12:02","modified_gmt":"2023-08-31T10:12:02","slug":"fruitadona-moura","status":"publish","type":"page","link":"https:\/\/fruitadona.com\/?page_id=485","title":{"rendered":"Fruitadona Moura"},"content":{"rendered":"\t\t<div data-elementor-type=\"wp-page\" data-elementor-id=\"485\" class=\"elementor elementor-485\">\n\t\t\t\t\t\t<section class=\"elementor-section elementor-top-section elementor-element elementor-element-77f1efc elementor-section-boxed elementor-section-height-default elementor-section-height-default\" data-id=\"77f1efc\" data-element_type=\"section\" data-e-type=\"section\">\n\t\t\t\t\t\t<div class=\"elementor-container elementor-column-gap-default\">\n\t\t\t\t\t<div class=\"elementor-column elementor-col-100 elementor-top-column elementor-element elementor-element-cf481fd\" data-id=\"cf481fd\" data-element_type=\"column\" data-e-type=\"column\">\n\t\t\t<div class=\"elementor-widget-wrap elementor-element-populated\">\n\t\t\t\t\t\t<div class=\"elementor-element elementor-element-2a45ca9 elementor-widget elementor-widget-text-editor\" data-id=\"2a45ca9\" data-element_type=\"widget\" data-e-type=\"widget\" data-widget_type=\"text-editor.default\">\n\t\t\t\t<div class=\"elementor-widget-container\">\n\t\t\t\t\t\t\t\t\t<p><span style=\"caret-color: #000000; color: #000000;\"><strong>Fruitadona Moura<\/strong>\u00a0\u00e9s una botiga de proximitat on trobar\u00e0s productes de primera qualitat arribats directament dels nostres camps de cultiu distribu\u00efts per la geografia peninsular.<\/span><\/p><p><span style=\"color: #000000;\">Productes de temporada com a taronges, pomes, peres, carxofes, cols, pebrots, etc\u2026 a preus a l&#8217;abast dels clients m\u00e9s exigents que busquen la millor relaci\u00f3 preu\/qualitat. I si vols descomptes directes a la teva compra, fes-te amb la targeta Fidelitzaci\u00f3 Client Satisfet a qualsevol de les<\/span>\u00a0<a href=\"https:\/\/fruitadona.com\/botigues\/\">nostres botigues<\/a>.<\/p><p style=\"caret-color: #000000; color: #000000;\">Vine a fer la teva compra di\u00e0ria\u00a0a <a href=\"https:\/\/goo.gl\/maps\/qq1Zkf4rNRYuPtQQ9\">Crist\u00f3bal de Moura, <\/a>229 de Barcelona o truca al 692 561 864 i fes la comanda per recollirla quan vulguis. Tamb\u00e9 pots fer la compra en l\u00ednia a trav\u00e9s de l&#8217;APP <strong>Glovo<\/strong> per a rebre-la a casa.<\/p><p><span style=\"color: #000000;\">Aposta per una dieta saludable per tu i els teus.\u00a0<strong>Fruitadona Moura al teu costat<\/strong>!<\/span><\/p>\t\t\t\t\t\t\t\t<\/div>\n\t\t\t\t<\/div>\n\t\t\t\t\t<\/div>\n\t\t<\/div>\n\t\t\t\t\t<\/div>\n\t\t<\/section>\n\t\t\t\t<section class=\"elementor-section elementor-top-section elementor-element elementor-element-46e86f6 elementor-section-boxed elementor-section-height-default elementor-section-height-default\" data-id=\"46e86f6\" data-element_type=\"section\" data-e-type=\"section\">\n\t\t\t\t\t\t<div class=\"elementor-container elementor-column-gap-default\">\n\t\t\t\t\t<div class=\"elementor-column elementor-col-50 elementor-top-column elementor-element elementor-element-929c84a\" data-id=\"929c84a\" data-element_type=\"column\" data-e-type=\"column\">\n\t\t\t<div class=\"elementor-widget-wrap elementor-element-populated\">\n\t\t\t\t\t\t<div class=\"elementor-element elementor-element-223486f elementor-widget elementor-widget-image\" data-id=\"223486f\" data-element_type=\"widget\" data-e-type=\"widget\" data-widget_type=\"image.default\">\n\t\t\t\t<div class=\"elementor-widget-container\">\n\t\t\t\t\t\t\t\t\t\t\t\t\t\t\t<img fetchpriority=\"high\" decoding=\"async\" width=\"751\" height=\"425\" src=\"https:\/\/fruitadona.com\/wp-content\/uploads\/2023\/06\/fachada-moura-1-1024x580.jpg\" class=\"attachment-large size-large wp-image-3829\" alt=\"\" srcset=\"https:\/\/fruitadona.com\/wp-content\/uploads\/2023\/06\/fachada-moura-1-1024x580.jpg 1024w, https:\/\/fruitadona.com\/wp-content\/uploads\/2023\/06\/fachada-moura-1-300x170.jpg 300w, https:\/\/fruitadona.com\/wp-content\/uploads\/2023\/06\/fachada-moura-1-768x435.jpg 768w, https:\/\/fruitadona.com\/wp-content\/uploads\/2023\/06\/fachada-moura-1-1536x870.jpg 1536w, https:\/\/fruitadona.com\/wp-content\/uploads\/2023\/06\/fachada-moura-1-600x340.jpg 600w, https:\/\/fruitadona.com\/wp-content\/uploads\/2023\/06\/fachada-moura-1.jpg 1600w\" sizes=\"(max-width: 751px) 100vw, 751px\" \/>\t\t\t\t\t\t\t\t\t\t\t\t\t\t\t<\/div>\n\t\t\t\t<\/div>\n\t\t\t\t\t<\/div>\n\t\t<\/div>\n\t\t\t\t<div class=\"elementor-column elementor-col-50 elementor-top-column elementor-element elementor-element-ffaf794\" data-id=\"ffaf794\" data-element_type=\"column\" data-e-type=\"column\">\n\t\t\t<div class=\"elementor-widget-wrap elementor-element-populated\">\n\t\t\t\t\t\t<div class=\"elementor-element elementor-element-3bfb411 elementor-widget elementor-widget-image\" data-id=\"3bfb411\" data-element_type=\"widget\" data-e-type=\"widget\" data-widget_type=\"image.default\">\n\t\t\t\t<div class=\"elementor-widget-container\">\n\t\t\t\t\t\t\t\t\t\t\t\t\t\t\t<img decoding=\"async\" src=\"https:\/\/fruitadona.com\/wp-content\/uploads\/elementor\/thumbs\/interior-moura3_ok-qbpuid6fmkkw360qe292z9ccet2airqye4r37et6gw.jpg\" title=\"interior moura3_ok\" alt=\"interior moura3_ok\" loading=\"lazy\" \/>\t\t\t\t\t\t\t\t\t\t\t\t\t\t\t<\/div>\n\t\t\t\t<\/div>\n\t\t\t\t\t<\/div>\n\t\t<\/div>\n\t\t\t\t\t<\/div>\n\t\t<\/section>\n\t\t\t\t<section class=\"elementor-section elementor-top-section elementor-element elementor-element-d915637 elementor-section-boxed elementor-section-height-default elementor-section-height-default\" data-id=\"d915637\" data-element_type=\"section\" data-e-type=\"section\">\n\t\t\t\t\t\t<div class=\"elementor-container elementor-column-gap-default\">\n\t\t\t\t\t<div class=\"elementor-column elementor-col-50 elementor-top-column elementor-element elementor-element-052c0dd\" data-id=\"052c0dd\" data-element_type=\"column\" data-e-type=\"column\">\n\t\t\t<div class=\"elementor-widget-wrap elementor-element-populated\">\n\t\t\t\t\t\t<div class=\"elementor-element elementor-element-42c3696 elementor-widget elementor-widget-image\" data-id=\"42c3696\" data-element_type=\"widget\" data-e-type=\"widget\" data-widget_type=\"image.default\">\n\t\t\t\t<div class=\"elementor-widget-container\">\n\t\t\t\t\t\t\t\t\t\t\t\t\t\t\t<img decoding=\"async\" width=\"751\" height=\"423\" src=\"https:\/\/fruitadona.com\/wp-content\/uploads\/2023\/08\/interior-moura2_ok-768x433.jpg\" class=\"attachment-medium_large size-medium_large wp-image-4279\" alt=\"\" srcset=\"https:\/\/fruitadona.com\/wp-content\/uploads\/2023\/08\/interior-moura2_ok-768x433.jpg 768w, https:\/\/fruitadona.com\/wp-content\/uploads\/2023\/08\/interior-moura2_ok-300x169.jpg 300w, https:\/\/fruitadona.com\/wp-content\/uploads\/2023\/08\/interior-moura2_ok-1024x577.jpg 1024w, https:\/\/fruitadona.com\/wp-content\/uploads\/2023\/08\/interior-moura2_ok-1536x866.jpg 1536w, https:\/\/fruitadona.com\/wp-content\/uploads\/2023\/08\/interior-moura2_ok-600x338.jpg 600w, https:\/\/fruitadona.com\/wp-content\/uploads\/2023\/08\/interior-moura2_ok.jpg 1600w\" sizes=\"(max-width: 751px) 100vw, 751px\" \/>\t\t\t\t\t\t\t\t\t\t\t\t\t\t\t<\/div>\n\t\t\t\t<\/div>\n\t\t\t\t\t<\/div>\n\t\t<\/div>\n\t\t\t\t<div class=\"elementor-column elementor-col-50 elementor-top-column elementor-element elementor-element-bbf977d\" data-id=\"bbf977d\" data-element_type=\"column\" data-e-type=\"column\">\n\t\t\t<div class=\"elementor-widget-wrap elementor-element-populated\">\n\t\t\t\t\t\t<div class=\"elementor-element elementor-element-fc8dbd2 elementor-widget elementor-widget-image\" data-id=\"fc8dbd2\" data-element_type=\"widget\" data-e-type=\"widget\" data-widget_type=\"image.default\">\n\t\t\t\t<div class=\"elementor-widget-container\">\n\t\t\t\t\t\t\t\t\t\t\t\t\t\t\t<img decoding=\"async\" width=\"751\" height=\"440\" src=\"https:\/\/fruitadona.com\/wp-content\/uploads\/2023\/06\/interior-moura1-1024x600.jpg\" class=\"attachment-large size-large wp-image-3814\" alt=\"\" srcset=\"https:\/\/fruitadona.com\/wp-content\/uploads\/2023\/06\/interior-moura1-1024x600.jpg 1024w, https:\/\/fruitadona.com\/wp-content\/uploads\/2023\/06\/interior-moura1-300x176.jpg 300w, https:\/\/fruitadona.com\/wp-content\/uploads\/2023\/06\/interior-moura1-768x450.jpg 768w, https:\/\/fruitadona.com\/wp-content\/uploads\/2023\/06\/interior-moura1-1536x900.jpg 1536w, https:\/\/fruitadona.com\/wp-content\/uploads\/2023\/06\/interior-moura1-600x352.jpg 600w, https:\/\/fruitadona.com\/wp-content\/uploads\/2023\/06\/interior-moura1.jpg 1600w\" sizes=\"(max-width: 751px) 100vw, 751px\" \/>\t\t\t\t\t\t\t\t\t\t\t\t\t\t\t<\/div>\n\t\t\t\t<\/div>\n\t\t\t\t\t<\/div>\n\t\t<\/div>\n\t\t\t\t\t<\/div>\n\t\t<\/section>\n\t\t\t\t<\/div>\n\t\t","protected":false},"excerpt":{"rendered":"<p>Fruitadona Moura\u00a0\u00e9s una botiga de proximitat on trobar\u00e0s productes de primera qualitat arribats directament dels nostres camps de cultiu distribu\u00efts per la geografia peninsular. Productes de temporada com a taronges, pomes, peres, carxofes, cols, pebrots, etc\u2026 a preus a l&#8217;abast dels clients m\u00e9s exigents que busquen la millor relaci\u00f3 preu\/qualitat. I si vols descomptes directes&#8230;<\/p>\n","protected":false},"author":1,"featured_media":0,"parent":0,"menu_order":0,"comment_status":"closed","ping_status":"closed","template":"","meta":{"_monsterinsights_skip_tracking":false,"_monsterinsights_sitenote_active":false,"_monsterinsights_sitenote_note":"","_monsterinsights_sitenote_category":0,"footnotes":""},"class_list":["post-485","page","type-page","status-publish","hentry"],"yoast_head":"<!-- This site is optimized with the Yoast SEO plugin v27.4 - https:\/\/yoast.com\/product\/yoast-seo-wordpress\/ -->\n<title>Fruitadona Moura - Fruites, Verdures, Hortalisses i molt m\u00e9s al teu costat!<\/title>\n<meta name=\"description\" content=\"Crist\u00f3bal de Moura, 229 (Barcelona). Productes de primera qualitat arribats directament dels nostres camps. Fruitadona Moura al teu costat!\" \/>\n<meta name=\"robots\" content=\"index, follow, max-snippet:-1, max-image-preview:large, max-video-preview:-1\" \/>\n<link rel=\"canonical\" href=\"https:\/\/fruitadona.com\/?page_id=485\" \/>\n<meta property=\"og:locale\" content=\"ca_ES\" \/>\n<meta property=\"og:type\" content=\"article\" \/>\n<meta property=\"og:title\" content=\"Fruitadona Moura - Fruites, Verdures, Hortalisses i molt m\u00e9s al teu costat!\" \/>\n<meta property=\"og:description\" content=\"Crist\u00f3bal de Moura, 229 (Barcelona). Productes de primera qualitat arribats directament dels nostres camps. Fruitadona Moura al teu costat!\" \/>\n<meta property=\"og:url\" content=\"https:\/\/fruitadona.com\/?page_id=485\" \/>\n<meta property=\"og:site_name\" content=\"Fruites i Hortalisses de proximitat\" \/>\n<meta property=\"article:modified_time\" content=\"2023-08-31T10:12:02+00:00\" \/>\n<meta property=\"og:image\" content=\"https:\/\/fruitadona.com\/wp-content\/uploads\/2023\/06\/fachada-moura-1-1024x580.jpg\" \/>\n<meta name=\"twitter:card\" content=\"summary_large_image\" \/>\n<meta name=\"twitter:label1\" content=\"Temps estimat de lectura\" \/>\n\t<meta name=\"twitter:data1\" content=\"2 minuts\" \/>\n<script type=\"application\/ld+json\" class=\"yoast-schema-graph\">{\"@context\":\"https:\\\/\\\/schema.org\",\"@graph\":[{\"@type\":\"WebPage\",\"@id\":\"https:\\\/\\\/fruitadona.com\\\/?page_id=485\",\"url\":\"https:\\\/\\\/fruitadona.com\\\/?page_id=485\",\"name\":\"Fruitadona Moura - Fruites, Verdures, Hortalisses i molt m\u00e9s al teu costat!\",\"isPartOf\":{\"@id\":\"https:\\\/\\\/fruitadona.com\\\/#website\"},\"primaryImageOfPage\":{\"@id\":\"https:\\\/\\\/fruitadona.com\\\/?page_id=485#primaryimage\"},\"image\":{\"@id\":\"https:\\\/\\\/fruitadona.com\\\/?page_id=485#primaryimage\"},\"thumbnailUrl\":\"https:\\\/\\\/fruitadona.com\\\/wp-content\\\/uploads\\\/2023\\\/06\\\/fachada-moura-1-1024x580.jpg\",\"datePublished\":\"2021-06-11T06:24:03+00:00\",\"dateModified\":\"2023-08-31T10:12:02+00:00\",\"description\":\"Crist\u00f3bal de Moura, 229 (Barcelona). Productes de primera qualitat arribats directament dels nostres camps. Fruitadona Moura al teu costat!\",\"breadcrumb\":{\"@id\":\"https:\\\/\\\/fruitadona.com\\\/?page_id=485#breadcrumb\"},\"inLanguage\":\"ca\",\"potentialAction\":[{\"@type\":\"ReadAction\",\"target\":[\"https:\\\/\\\/fruitadona.com\\\/?page_id=485\"]}]},{\"@type\":\"ImageObject\",\"inLanguage\":\"ca\",\"@id\":\"https:\\\/\\\/fruitadona.com\\\/?page_id=485#primaryimage\",\"url\":\"https:\\\/\\\/fruitadona.com\\\/wp-content\\\/uploads\\\/2023\\\/06\\\/fachada-moura-1.jpg\",\"contentUrl\":\"https:\\\/\\\/fruitadona.com\\\/wp-content\\\/uploads\\\/2023\\\/06\\\/fachada-moura-1.jpg\",\"width\":1600,\"height\":906},{\"@type\":\"BreadcrumbList\",\"@id\":\"https:\\\/\\\/fruitadona.com\\\/?page_id=485#breadcrumb\",\"itemListElement\":[{\"@type\":\"ListItem\",\"position\":1,\"name\":\"Portada\",\"item\":\"https:\\\/\\\/fruitadona.com\\\/\"},{\"@type\":\"ListItem\",\"position\":2,\"name\":\"Fruitadona Moura\"}]},{\"@type\":\"WebSite\",\"@id\":\"https:\\\/\\\/fruitadona.com\\\/#website\",\"url\":\"https:\\\/\\\/fruitadona.com\\\/\",\"name\":\"Fruites i Hortalisses de proximitat\",\"description\":\"Fruitadona al teu costat!\",\"potentialAction\":[{\"@type\":\"SearchAction\",\"target\":{\"@type\":\"EntryPoint\",\"urlTemplate\":\"https:\\\/\\\/fruitadona.com\\\/?s={search_term_string}\"},\"query-input\":{\"@type\":\"PropertyValueSpecification\",\"valueRequired\":true,\"valueName\":\"search_term_string\"}}],\"inLanguage\":\"ca\"}]}<\/script>\n<!-- \/ Yoast SEO plugin. -->","yoast_head_json":{"title":"Fruitadona Moura - Fruites, Verdures, Hortalisses i molt m\u00e9s al teu costat!","description":"Crist\u00f3bal de Moura, 229 (Barcelona). Productes de primera qualitat arribats directament dels nostres camps. Fruitadona Moura al teu costat!","robots":{"index":"index","follow":"follow","max-snippet":"max-snippet:-1","max-image-preview":"max-image-preview:large","max-video-preview":"max-video-preview:-1"},"canonical":"https:\/\/fruitadona.com\/?page_id=485","og_locale":"ca_ES","og_type":"article","og_title":"Fruitadona Moura - Fruites, Verdures, Hortalisses i molt m\u00e9s al teu costat!","og_description":"Crist\u00f3bal de Moura, 229 (Barcelona). Productes de primera qualitat arribats directament dels nostres camps. Fruitadona Moura al teu costat!","og_url":"https:\/\/fruitadona.com\/?page_id=485","og_site_name":"Fruites i Hortalisses de proximitat","article_modified_time":"2023-08-31T10:12:02+00:00","og_image":[{"url":"https:\/\/fruitadona.com\/wp-content\/uploads\/2023\/06\/fachada-moura-1-1024x580.jpg","type":"","width":"","height":""}],"twitter_card":"summary_large_image","twitter_misc":{"Temps estimat de lectura":"2 minuts"},"schema":{"@context":"https:\/\/schema.org","@graph":[{"@type":"WebPage","@id":"https:\/\/fruitadona.com\/?page_id=485","url":"https:\/\/fruitadona.com\/?page_id=485","name":"Fruitadona Moura - Fruites, Verdures, Hortalisses i molt m\u00e9s al teu costat!","isPartOf":{"@id":"https:\/\/fruitadona.com\/#website"},"primaryImageOfPage":{"@id":"https:\/\/fruitadona.com\/?page_id=485#primaryimage"},"image":{"@id":"https:\/\/fruitadona.com\/?page_id=485#primaryimage"},"thumbnailUrl":"https:\/\/fruitadona.com\/wp-content\/uploads\/2023\/06\/fachada-moura-1-1024x580.jpg","datePublished":"2021-06-11T06:24:03+00:00","dateModified":"2023-08-31T10:12:02+00:00","description":"Crist\u00f3bal de Moura, 229 (Barcelona). Productes de primera qualitat arribats directament dels nostres camps. Fruitadona Moura al teu costat!","breadcrumb":{"@id":"https:\/\/fruitadona.com\/?page_id=485#breadcrumb"},"inLanguage":"ca","potentialAction":[{"@type":"ReadAction","target":["https:\/\/fruitadona.com\/?page_id=485"]}]},{"@type":"ImageObject","inLanguage":"ca","@id":"https:\/\/fruitadona.com\/?page_id=485#primaryimage","url":"https:\/\/fruitadona.com\/wp-content\/uploads\/2023\/06\/fachada-moura-1.jpg","contentUrl":"https:\/\/fruitadona.com\/wp-content\/uploads\/2023\/06\/fachada-moura-1.jpg","width":1600,"height":906},{"@type":"BreadcrumbList","@id":"https:\/\/fruitadona.com\/?page_id=485#breadcrumb","itemListElement":[{"@type":"ListItem","position":1,"name":"Portada","item":"https:\/\/fruitadona.com\/"},{"@type":"ListItem","position":2,"name":"Fruitadona Moura"}]},{"@type":"WebSite","@id":"https:\/\/fruitadona.com\/#website","url":"https:\/\/fruitadona.com\/","name":"Fruites i Hortalisses de proximitat","description":"Fruitadona al teu costat!","potentialAction":[{"@type":"SearchAction","target":{"@type":"EntryPoint","urlTemplate":"https:\/\/fruitadona.com\/?s={search_term_string}"},"query-input":{"@type":"PropertyValueSpecification","valueRequired":true,"valueName":"search_term_string"}}],"inLanguage":"ca"}]}},"_links":{"self":[{"href":"https:\/\/fruitadona.com\/index.php?rest_route=\/wp\/v2\/pages\/485","targetHints":{"allow":["GET"]}}],"collection":[{"href":"https:\/\/fruitadona.com\/index.php?rest_route=\/wp\/v2\/pages"}],"about":[{"href":"https:\/\/fruitadona.com\/index.php?rest_route=\/wp\/v2\/types\/page"}],"author":[{"embeddable":true,"href":"https:\/\/fruitadona.com\/index.php?rest_route=\/wp\/v2\/users\/1"}],"replies":[{"embeddable":true,"href":"https:\/\/fruitadona.com\/index.php?rest_route=%2Fwp%2Fv2%2Fcomments&post=485"}],"version-history":[{"count":30,"href":"https:\/\/fruitadona.com\/index.php?rest_route=\/wp\/v2\/pages\/485\/revisions"}],"predecessor-version":[{"id":4283,"href":"https:\/\/fruitadona.com\/index.php?rest_route=\/wp\/v2\/pages\/485\/revisions\/4283"}],"wp:attachment":[{"href":"https:\/\/fruitadona.com\/index.php?rest_route=%2Fwp%2Fv2%2Fmedia&parent=485"}],"curies":[{"name":"wp","href":"https:\/\/api.w.org\/{rel}","templated":true}]}}