{"id":83,"date":"2020-07-23T14:18:00","date_gmt":"2020-07-23T14:18:00","guid":{"rendered":"https:\/\/fruitadona.com\/?page_id=83"},"modified":"2023-09-01T09:42:31","modified_gmt":"2023-09-01T09:42:31","slug":"contacte","status":"publish","type":"page","link":"https:\/\/fruitadona.com\/?page_id=83","title":{"rendered":"Contacte"},"content":{"rendered":"\t\t<div data-elementor-type=\"wp-page\" data-elementor-id=\"83\" class=\"elementor elementor-83\">\n\t\t\t\t\t\t<section class=\"elementor-section elementor-top-section elementor-element elementor-element-96794a4 elementor-section-boxed elementor-section-height-default elementor-section-height-default\" data-id=\"96794a4\" data-element_type=\"section\" data-e-type=\"section\">\n\t\t\t\t\t\t<div class=\"elementor-container elementor-column-gap-default\">\n\t\t\t\t\t<div class=\"elementor-column elementor-col-100 elementor-top-column elementor-element elementor-element-76dc54e7\" data-id=\"76dc54e7\" data-element_type=\"column\" data-e-type=\"column\">\n\t\t\t<div class=\"elementor-widget-wrap elementor-element-populated\">\n\t\t\t\t\t\t<div class=\"elementor-element elementor-element-2f0af814 elementor-widget elementor-widget-text-editor\" data-id=\"2f0af814\" data-element_type=\"widget\" data-e-type=\"widget\" data-widget_type=\"text-editor.default\">\n\t\t\t\t<div class=\"elementor-widget-container\">\n\t\t\t\t\t\t\t\t\t<p>Benvingut al nostre formulari de contacte. Si tens algun dubte sobre el funcionament de les nostres promocions o subscriure&#8217;t al blog de receptes i tips de cuina emplena el seg\u00fcent formulari de contacte.<\/p><h5>Si vols esbrinar la ubicaci\u00f3 i direcci\u00f3 de les nostres botigues, fes clic damunt del pl\u00e0nol.<\/h5>\t\t\t\t\t\t\t\t<\/div>\n\t\t\t\t<\/div>\n\t\t\t\t\t<\/div>\n\t\t<\/div>\n\t\t\t\t\t<\/div>\n\t\t<\/section>\n\t\t\t\t<section class=\"elementor-section elementor-top-section elementor-element elementor-element-1c09b10 elementor-section-boxed elementor-section-height-default elementor-section-height-default\" data-id=\"1c09b10\" data-element_type=\"section\" data-e-type=\"section\">\n\t\t\t\t\t\t<div class=\"elementor-container elementor-column-gap-default\">\n\t\t\t\t\t<div class=\"elementor-column elementor-col-50 elementor-top-column elementor-element elementor-element-0c08cc7\" data-id=\"0c08cc7\" data-element_type=\"column\" data-e-type=\"column\">\n\t\t\t<div class=\"elementor-widget-wrap elementor-element-populated\">\n\t\t\t\t\t\t<div class=\"elementor-element elementor-element-83bd756 elementor-widget elementor-widget-wpforms\" data-id=\"83bd756\" data-element_type=\"widget\" data-e-type=\"widget\" data-widget_type=\"wpforms.default\">\n\t\t\t\t<div class=\"elementor-widget-container\">\n\t\t\t\t\t<div class=\"wpforms-container wpforms-container-full wpforms-render-modern\" id=\"wpforms-4251\"><form id=\"wpforms-form-4251\" class=\"wpforms-validate wpforms-form wpforms-ajax-form\" data-formid=\"4251\" method=\"post\" enctype=\"multipart\/form-data\" action=\"\/index.php?rest_route=%2Fwp%2Fv2%2Fpages%2F83\" data-token=\"0accc737d7a324709baa9777bd1be2ce\" data-token-time=\"1776426728\"><noscript class=\"wpforms-error-noscript\">Activeu el JavaScript al navegador per a poder completar el formulari.<\/noscript><div id=\"wpforms-error-noscript\" style=\"display: none;\">Activeu el JavaScript al navegador per a poder completar el formulari.<\/div><div class=\"wpforms-field-container\"><div id=\"wpforms-4251-field_1-container\" class=\"wpforms-field wpforms-field-name\" data-field-id=\"1\"><fieldset><legend class=\"wpforms-field-label\">Nom <span class=\"wpforms-required-label\" aria-hidden=\"true\">*<\/span><\/legend><div class=\"wpforms-field-row wpforms-field-medium\"><div class=\"wpforms-field-row-block wpforms-first wpforms-one-half\"><input type=\"text\" id=\"wpforms-4251-field_1\" class=\"wpforms-field-name-first wpforms-field-required\" name=\"wpforms[fields][1][first]\" aria-errormessage=\"wpforms-4251-field_1-error\" required><label for=\"wpforms-4251-field_1\" class=\"wpforms-field-sublabel after\">Nom<\/label><\/div><div class=\"wpforms-field-row-block wpforms-one-half\"><input type=\"text\" id=\"wpforms-4251-field_1-last\" class=\"wpforms-field-name-last wpforms-field-required\" name=\"wpforms[fields][1][last]\" aria-errormessage=\"wpforms-4251-field_1-last-error\" required><label for=\"wpforms-4251-field_1-last\" class=\"wpforms-field-sublabel after\">Cognoms<\/label><\/div><\/div><\/fieldset><\/div><div id=\"wpforms-4251-field_2-container\" class=\"wpforms-field wpforms-field-email\" data-field-id=\"2\"><label class=\"wpforms-field-label\" for=\"wpforms-4251-field_2\">Email <span class=\"wpforms-required-label\" aria-hidden=\"true\">*<\/span><\/label><input type=\"email\" id=\"wpforms-4251-field_2\" class=\"wpforms-field-medium wpforms-field-required\" name=\"wpforms[fields][2]\" spellcheck=\"false\" aria-errormessage=\"wpforms-4251-field_2-error\" required><\/div><div id=\"wpforms-4251-field_3-container\" class=\"wpforms-field wpforms-field-text\" data-field-id=\"3\"><label class=\"wpforms-field-label\" for=\"wpforms-4251-field_3\">Tel\u00e8fon<\/label><input type=\"text\" id=\"wpforms-4251-field_3\" class=\"wpforms-field-medium\" name=\"wpforms[fields][3]\" aria-errormessage=\"wpforms-4251-field_3-error\" ><\/div><div id=\"wpforms-4251-field_4-container\" class=\"wpforms-field wpforms-field-textarea\" data-field-id=\"4\"><label class=\"wpforms-field-label\" for=\"wpforms-4251-field_4\">Comentari<\/label><textarea id=\"wpforms-4251-field_4\" class=\"wpforms-field-medium\" name=\"wpforms[fields][4]\" aria-errormessage=\"wpforms-4251-field_4-error\" ><\/textarea><\/div><div id=\"wpforms-4251-field_8-container\" class=\"wpforms-field wpforms-field-checkbox\" data-field-id=\"8\"><fieldset><legend class=\"wpforms-field-label\">Acord RGPD i Llei org\u00e0nica 3\/2018 del 5 de desembre, de Protecci\u00f3 de Dades Personals. <span class=\"wpforms-required-label\" aria-hidden=\"true\">*<\/span><\/legend><ul id=\"wpforms-4251-field_8\" class=\"wpforms-field-required\"><li class=\"choice-1 depth-1\"><input type=\"checkbox\" id=\"wpforms-4251-field_8_1\" name=\"wpforms[fields][8][]\" value=\"Accepto Pol\u00edtica Privacitat\" aria-errormessage=\"wpforms-4251-field_8_1-error\" aria-describedby=\"wpforms-4251-field_8-description\" required ><label class=\"wpforms-field-label-inline\" for=\"wpforms-4251-field_8_1\">Accepto Pol\u00edtica Privacitat<\/label><\/li><\/ul><div id=\"wpforms-4251-field_8-description\" class=\"wpforms-field-description\">Dono el meu consentiment perqu\u00e8 aquest lloc web emmagatzemi la informaci\u00f3 enviada perqu\u00e8 puguin respondre a la meva consulta conforme a les pol\u00edtiques de privacitat que he llegit i accepto.<\/div><\/fieldset><\/div><\/div><!-- .wpforms-field-container --><div class=\"wpforms-submit-container\" ><input type=\"hidden\" name=\"wpforms[id]\" value=\"4251\"><input type=\"hidden\" name=\"page_title\" value=\"\"><input type=\"hidden\" name=\"page_url\" value=\"https:\/\/fruitadona.com\/index.php?rest_route=\/wp\/v2\/pages\/83\"><input type=\"hidden\" name=\"url_referer\" value=\"\"><button type=\"submit\" name=\"wpforms[submit]\" id=\"wpforms-submit-4251\" class=\"wpforms-submit\" data-alt-text=\"PROCESSANT\" data-submit-text=\"ENVIAR\" aria-live=\"assertive\" value=\"wpforms-submit\">ENVIAR<\/button><img decoding=\"async\" src=\"https:\/\/fruitadona.com\/wp-content\/plugins\/wpforms-lite\/assets\/images\/submit-spin.svg\" class=\"wpforms-submit-spinner\" style=\"display: none;\" width=\"26\" height=\"26\" alt=\"S&#039;est\u00e0 carregant\"><\/div><\/form><\/div>  <!-- .wpforms-container -->\t\t\t\t<\/div>\n\t\t\t\t<\/div>\n\t\t\t\t\t<\/div>\n\t\t<\/div>\n\t\t\t\t<div class=\"elementor-column elementor-col-50 elementor-top-column elementor-element elementor-element-73ac306\" data-id=\"73ac306\" data-element_type=\"column\" data-e-type=\"column\">\n\t\t\t<div class=\"elementor-widget-wrap elementor-element-populated\">\n\t\t\t\t\t\t<div class=\"elementor-element elementor-element-d22ef06 elementor-widget elementor-widget-image\" data-id=\"d22ef06\" data-element_type=\"widget\" data-e-type=\"widget\" data-widget_type=\"image.default\">\n\t\t\t\t<div class=\"elementor-widget-container\">\n\t\t\t\t\t\t\t\t\t\t\t\t\t\t\t\t<a href=\"https:\/\/www.google.com\/maps\/d\/edit?mid=1ivgQTB-mHXSvD19-fil_4vwH1j1_VHE&#038;usp=sharing\">\n\t\t\t\t\t\t\t<img fetchpriority=\"high\" decoding=\"async\" width=\"751\" height=\"849\" src=\"https:\/\/fruitadona.com\/wp-content\/uploads\/2022\/07\/mapa-tiendas-fruitadona.jpg\" class=\"attachment-large size-large wp-image-3644\" alt=\"\" srcset=\"https:\/\/fruitadona.com\/wp-content\/uploads\/2022\/07\/mapa-tiendas-fruitadona.jpg 794w, https:\/\/fruitadona.com\/wp-content\/uploads\/2022\/07\/mapa-tiendas-fruitadona-265x300.jpg 265w, https:\/\/fruitadona.com\/wp-content\/uploads\/2022\/07\/mapa-tiendas-fruitadona-768x869.jpg 768w, https:\/\/fruitadona.com\/wp-content\/uploads\/2022\/07\/mapa-tiendas-fruitadona-600x679.jpg 600w\" sizes=\"(max-width: 751px) 100vw, 751px\" \/>\t\t\t\t\t\t\t\t<\/a>\n\t\t\t\t\t\t\t\t\t\t\t\t\t\t\t<\/div>\n\t\t\t\t<\/div>\n\t\t\t\t\t<\/div>\n\t\t<\/div>\n\t\t\t\t\t<\/div>\n\t\t<\/section>\n\t\t\t\t<\/div>\n\t\t","protected":false},"excerpt":{"rendered":"<p>Benvingut al nostre formulari de contacte. Si tens algun dubte sobre el funcionament de les nostres promocions o subscriure&#8217;t al blog de receptes i tips de cuina emplena el seg\u00fcent formulari de contacte. Si vols esbrinar la ubicaci\u00f3 i direcci\u00f3 de les nostres botigues, fes clic damunt del pl\u00e0nol. Activeu el JavaScript al navegador per&#8230;<\/p>\n","protected":false},"author":1,"featured_media":0,"parent":0,"menu_order":0,"comment_status":"closed","ping_status":"closed","template":"","meta":{"_monsterinsights_skip_tracking":false,"_monsterinsights_sitenote_active":false,"_monsterinsights_sitenote_note":"","_monsterinsights_sitenote_category":0,"footnotes":""},"class_list":["post-83","page","type-page","status-publish","hentry"],"yoast_head":"<!-- This site is optimized with the Yoast SEO plugin v27.4 - https:\/\/yoast.com\/product\/yoast-seo-wordpress\/ -->\n<title>Contacte - Fruites i Hortalisses de proximitat -<\/title>\n<meta name=\"description\" content=\"(Espa\u00f1ol) Inscrui-te gratu\u00eftament al nostre programa de Fidelitzaci\u00f3 Fruitadona emplenant el formulari que trobar\u00e0s als fulletons que et lliurem a les botigues.\" \/>\n<meta name=\"robots\" content=\"index, follow, max-snippet:-1, max-image-preview:large, max-video-preview:-1\" \/>\n<link rel=\"canonical\" href=\"https:\/\/fruitadona.com\/?page_id=83\" \/>\n<meta property=\"og:locale\" content=\"ca_ES\" \/>\n<meta property=\"og:type\" content=\"article\" \/>\n<meta property=\"og:title\" content=\"Contacte - Fruites i Hortalisses de proximitat -\" \/>\n<meta property=\"og:description\" content=\"(Espa\u00f1ol) Inscrui-te gratu\u00eftament al nostre programa de Fidelitzaci\u00f3 Fruitadona emplenant el formulari que trobar\u00e0s als fulletons que et lliurem a les botigues.\" \/>\n<meta property=\"og:url\" content=\"https:\/\/fruitadona.com\/?page_id=83\" \/>\n<meta property=\"og:site_name\" content=\"Fruites i Hortalisses de proximitat\" \/>\n<meta property=\"article:modified_time\" content=\"2023-09-01T09:42:31+00:00\" \/>\n<meta property=\"og:image\" content=\"https:\/\/fruitadona.com\/wp-content\/plugins\/wpforms-lite\/assets\/images\/submit-spin.svg\" \/>\n<meta name=\"twitter:card\" content=\"summary_large_image\" \/>\n<meta name=\"twitter:label1\" content=\"Temps estimat de lectura\" \/>\n\t<meta name=\"twitter:data1\" content=\"1 minut\" \/>\n<script type=\"application\/ld+json\" class=\"yoast-schema-graph\">{\"@context\":\"https:\\\/\\\/schema.org\",\"@graph\":[{\"@type\":\"WebPage\",\"@id\":\"https:\\\/\\\/fruitadona.com\\\/?page_id=83\",\"url\":\"https:\\\/\\\/fruitadona.com\\\/?page_id=83\",\"name\":\"Contacte - Fruites i Hortalisses de proximitat -\",\"isPartOf\":{\"@id\":\"https:\\\/\\\/fruitadona.com\\\/#website\"},\"primaryImageOfPage\":{\"@id\":\"https:\\\/\\\/fruitadona.com\\\/?page_id=83#primaryimage\"},\"image\":{\"@id\":\"https:\\\/\\\/fruitadona.com\\\/?page_id=83#primaryimage\"},\"thumbnailUrl\":\"https:\\\/\\\/fruitadona.com\\\/wp-content\\\/plugins\\\/wpforms-lite\\\/assets\\\/images\\\/submit-spin.svg\",\"datePublished\":\"2020-07-23T14:18:00+00:00\",\"dateModified\":\"2023-09-01T09:42:31+00:00\",\"description\":\"(Espa\u00f1ol) Inscrui-te gratu\u00eftament al nostre programa de Fidelitzaci\u00f3 Fruitadona emplenant el formulari que trobar\u00e0s als fulletons que et lliurem a les botigues.\",\"breadcrumb\":{\"@id\":\"https:\\\/\\\/fruitadona.com\\\/?page_id=83#breadcrumb\"},\"inLanguage\":\"ca\",\"potentialAction\":[{\"@type\":\"ReadAction\",\"target\":[\"https:\\\/\\\/fruitadona.com\\\/?page_id=83\"]}]},{\"@type\":\"ImageObject\",\"inLanguage\":\"ca\",\"@id\":\"https:\\\/\\\/fruitadona.com\\\/?page_id=83#primaryimage\",\"url\":\"https:\\\/\\\/fruitadona.com\\\/wp-content\\\/plugins\\\/wpforms-lite\\\/assets\\\/images\\\/submit-spin.svg\",\"contentUrl\":\"https:\\\/\\\/fruitadona.com\\\/wp-content\\\/plugins\\\/wpforms-lite\\\/assets\\\/images\\\/submit-spin.svg\"},{\"@type\":\"BreadcrumbList\",\"@id\":\"https:\\\/\\\/fruitadona.com\\\/?page_id=83#breadcrumb\",\"itemListElement\":[{\"@type\":\"ListItem\",\"position\":1,\"name\":\"Portada\",\"item\":\"https:\\\/\\\/fruitadona.com\\\/\"},{\"@type\":\"ListItem\",\"position\":2,\"name\":\"Contacte\"}]},{\"@type\":\"WebSite\",\"@id\":\"https:\\\/\\\/fruitadona.com\\\/#website\",\"url\":\"https:\\\/\\\/fruitadona.com\\\/\",\"name\":\"Fruites i Hortalisses de proximitat\",\"description\":\"Fruitadona al teu costat!\",\"potentialAction\":[{\"@type\":\"SearchAction\",\"target\":{\"@type\":\"EntryPoint\",\"urlTemplate\":\"https:\\\/\\\/fruitadona.com\\\/?s={search_term_string}\"},\"query-input\":{\"@type\":\"PropertyValueSpecification\",\"valueRequired\":true,\"valueName\":\"search_term_string\"}}],\"inLanguage\":\"ca\"}]}<\/script>\n<!-- \/ Yoast SEO plugin. -->","yoast_head_json":{"title":"Contacte - Fruites i Hortalisses de proximitat -","description":"(Espa\u00f1ol) Inscrui-te gratu\u00eftament al nostre programa de Fidelitzaci\u00f3 Fruitadona emplenant el formulari que trobar\u00e0s als fulletons que et lliurem a les botigues.","robots":{"index":"index","follow":"follow","max-snippet":"max-snippet:-1","max-image-preview":"max-image-preview:large","max-video-preview":"max-video-preview:-1"},"canonical":"https:\/\/fruitadona.com\/?page_id=83","og_locale":"ca_ES","og_type":"article","og_title":"Contacte - Fruites i Hortalisses de proximitat -","og_description":"(Espa\u00f1ol) Inscrui-te gratu\u00eftament al nostre programa de Fidelitzaci\u00f3 Fruitadona emplenant el formulari que trobar\u00e0s als fulletons que et lliurem a les botigues.","og_url":"https:\/\/fruitadona.com\/?page_id=83","og_site_name":"Fruites i Hortalisses de proximitat","article_modified_time":"2023-09-01T09:42:31+00:00","og_image":[{"url":"https:\/\/fruitadona.com\/wp-content\/plugins\/wpforms-lite\/assets\/images\/submit-spin.svg","type":"","width":"","height":""}],"twitter_card":"summary_large_image","twitter_misc":{"Temps estimat de lectura":"1 minut"},"schema":{"@context":"https:\/\/schema.org","@graph":[{"@type":"WebPage","@id":"https:\/\/fruitadona.com\/?page_id=83","url":"https:\/\/fruitadona.com\/?page_id=83","name":"Contacte - Fruites i Hortalisses de proximitat -","isPartOf":{"@id":"https:\/\/fruitadona.com\/#website"},"primaryImageOfPage":{"@id":"https:\/\/fruitadona.com\/?page_id=83#primaryimage"},"image":{"@id":"https:\/\/fruitadona.com\/?page_id=83#primaryimage"},"thumbnailUrl":"https:\/\/fruitadona.com\/wp-content\/plugins\/wpforms-lite\/assets\/images\/submit-spin.svg","datePublished":"2020-07-23T14:18:00+00:00","dateModified":"2023-09-01T09:42:31+00:00","description":"(Espa\u00f1ol) Inscrui-te gratu\u00eftament al nostre programa de Fidelitzaci\u00f3 Fruitadona emplenant el formulari que trobar\u00e0s als fulletons que et lliurem a les botigues.","breadcrumb":{"@id":"https:\/\/fruitadona.com\/?page_id=83#breadcrumb"},"inLanguage":"ca","potentialAction":[{"@type":"ReadAction","target":["https:\/\/fruitadona.com\/?page_id=83"]}]},{"@type":"ImageObject","inLanguage":"ca","@id":"https:\/\/fruitadona.com\/?page_id=83#primaryimage","url":"https:\/\/fruitadona.com\/wp-content\/plugins\/wpforms-lite\/assets\/images\/submit-spin.svg","contentUrl":"https:\/\/fruitadona.com\/wp-content\/plugins\/wpforms-lite\/assets\/images\/submit-spin.svg"},{"@type":"BreadcrumbList","@id":"https:\/\/fruitadona.com\/?page_id=83#breadcrumb","itemListElement":[{"@type":"ListItem","position":1,"name":"Portada","item":"https:\/\/fruitadona.com\/"},{"@type":"ListItem","position":2,"name":"Contacte"}]},{"@type":"WebSite","@id":"https:\/\/fruitadona.com\/#website","url":"https:\/\/fruitadona.com\/","name":"Fruites i Hortalisses de proximitat","description":"Fruitadona al teu costat!","potentialAction":[{"@type":"SearchAction","target":{"@type":"EntryPoint","urlTemplate":"https:\/\/fruitadona.com\/?s={search_term_string}"},"query-input":{"@type":"PropertyValueSpecification","valueRequired":true,"valueName":"search_term_string"}}],"inLanguage":"ca"}]}},"_links":{"self":[{"href":"https:\/\/fruitadona.com\/index.php?rest_route=\/wp\/v2\/pages\/83","targetHints":{"allow":["GET"]}}],"collection":[{"href":"https:\/\/fruitadona.com\/index.php?rest_route=\/wp\/v2\/pages"}],"about":[{"href":"https:\/\/fruitadona.com\/index.php?rest_route=\/wp\/v2\/types\/page"}],"author":[{"embeddable":true,"href":"https:\/\/fruitadona.com\/index.php?rest_route=\/wp\/v2\/users\/1"}],"replies":[{"embeddable":true,"href":"https:\/\/fruitadona.com\/index.php?rest_route=%2Fwp%2Fv2%2Fcomments&post=83"}],"version-history":[{"count":36,"href":"https:\/\/fruitadona.com\/index.php?rest_route=\/wp\/v2\/pages\/83\/revisions"}],"predecessor-version":[{"id":4349,"href":"https:\/\/fruitadona.com\/index.php?rest_route=\/wp\/v2\/pages\/83\/revisions\/4349"}],"wp:attachment":[{"href":"https:\/\/fruitadona.com\/index.php?rest_route=%2Fwp%2Fv2%2Fmedia&parent=83"}],"curies":[{"name":"wp","href":"https:\/\/api.w.org\/{rel}","templated":true}]}}